{"id":2106,"date":"2021-03-25T04:08:26","date_gmt":"2021-03-25T04:08:26","guid":{"rendered":"http:\/\/localhost\/nuss\/?page_id=298"},"modified":"2025-12-04T08:59:57","modified_gmt":"2025-12-04T08:59:57","slug":"esperienze","status":"publish","type":"page","link":"https:\/\/chaosanlitunbeijing.com\/it\/esperienze\/","title":{"rendered":"Esperienze e recensioni dei clienti"},"content":{"rendered":"<div data-elementor-type=\"wp-page\" data-elementor-id=\"2106\" class=\"elementor elementor-2106\">\n\t\t\t\t\t\t<section class=\"elementor-section elementor-top-section elementor-element elementor-element-1954ffc elementor-section-boxed elementor-section-gap-beside-yes elementor-section-height-default elementor-section-height-default elementor-section-column-vertical-align-stretch\" data-id=\"1954ffc\" data-element_type=\"section\" data-e-type=\"section\">\n\t\t\t\t\t\t<div class=\"elementor-container elementor-column-gap-extended\">\n\t\t\t\t\t<div class=\"elementor-column elementor-col-100 elementor-top-column elementor-element elementor-element-86aebc5\" data-id=\"86aebc5\" data-element_type=\"column\" data-e-type=\"column\">\n\t\t\t<div class=\"elementor-widget-wrap elementor-element-populated\">\n\t\t\t\t\t\t<div class=\"elementor-element elementor-element-11803d1 elementor-widget__width-initial elementor-invisible elementor-widget elementor-widget-text-editor\" data-id=\"11803d1\" data-element_type=\"widget\" data-e-type=\"widget\" data-settings=\"{&quot;_animation&quot;:&quot;nussFadeInUp&quot;}\" data-widget_type=\"text-editor.default\">\n\t\t\t\t\t\t\t\t\tChao Hotel Sanlitun \u2013 Esperienze e recensioni eccezionali degli ospiti  \t\t\t\t\t\t\t\t<\/div>\n\t\t\t\t\t<\/div>\n\t\t<\/div>\n\t\t\t\t\t<\/div>\n\t\t<\/section>\n\t\t<div class=\"elementor-element elementor-element-b3eb26f e-flex e-con-boxed e-con e-parent\" data-id=\"b3eb26f\" data-element_type=\"container\" data-e-type=\"container\">\n\t\t\t\t\t<div class=\"e-con-inner\">\n\t\t\t\t<div class=\"elementor-element elementor-element-a442d60 elementor-widget elementor-widget-text-editor\" data-id=\"a442d60\" data-element_type=\"widget\" data-e-type=\"widget\" data-widget_type=\"text-editor.default\">\n\t\t\t\t\t\t\t\t\t<p data-spm-anchor-id=\"a2ty_o01.29997173.0.i38.54d8c921QBSS7F\">Quando si tratta di scegliere l&#039;hotel perfetto a Pechino, <strong>Chao Hotel Sanlitun <\/strong> si distingue non solo per la sua posizione privilegiata e il design moderno, ma anche per la sua eccezionale qualit\u00e0 costante <strong>recensioni degli ospiti <\/strong> sulle principali piattaforme di viaggio come <strong>TripAdvisor <\/strong>, <strong>Prenotazione.com <\/strong>, E <strong>Expedia <\/strong>Situato a <strong>4 Gongrentiyuchang E Rd nel prestigioso \u4f7f\u9986\u533a (distretto delle ambasciate) di Chaoyang <\/strong>, questo lussuoso hotel in stile boutique \u00e8 diventato uno dei preferiti sia dai viaggiatori internazionali che dai professionisti locali in cerca di comfort, stile e un servizio eccezionale.<\/p><p data-spm-anchor-id=\"a2ty_o01.29997173.0.i37.54d8c921QBSS7F\">Ma non fidatevi solo delle nostre parole: lasciate che siano le voci dei nostri ospiti a raccontare la storia che rende il Chao Hotel Sanlitun una delle strutture ricettive pi\u00f9 apprezzate di Pechino.<\/p><div class=\"py-2 my-3\"><hr \/><\/div><h2 data-spm-anchor-id=\"a2ty_o01.29997173.0.i35.54d8c921QBSS7F\">\ud83c\udf1f Recensioni di viaggiatori reali: cosa dicono gli ospiti<\/h2><h3>\u2705 <strong>Recensioni di TripAdvisor: una scelta sempre al top <\/strong><\/h3><p>Con una valutazione impressionante su <strong>TripAdvisor <\/strong>, il Chao Hotel Sanlitun \u00e8 lodato per il suo <strong>attenzione ai dettagli, interni eleganti e personale cordiale <\/strong>I viaggiatori sottolineano spesso la combinazione unica di <strong>eleganza contemporanea e comodit\u00e0 urbana <\/strong>, rendendolo ideale sia per soggiorni di lavoro che di piacere.<\/p><blockquote><p><em>Un gioiello nascosto nel quartiere delle ambasciate! La camera era splendidamente progettata con tocchi moderni ed era incredibilmente confortevole. Il personale era cordiale e attento, facendo di tutto per assicurarsi che avessimo tutto ci\u00f2 di cui avevamo bisogno. <\/em><br \/>\u2014 <strong>@TravelingArchitect, recensione di TripAdvisor <\/strong><\/p><\/blockquote><p>Gli ospiti apprezzano anche l&#039;hotel <strong>posizione strategica <\/strong>, offrendo facile accesso alla vivace vita notturna di Sanlitun, ai centri commerciali di lusso come <strong>Il posto <\/strong>e importanti centri diplomatici e commerciali come il <strong>Sede centrale della CCTV <\/strong> E <strong>CBD di Pechino <\/strong>.<\/p><blockquote><p><em>\u201cPosizione perfetta vicino alle ambasciate e a pochi passi da ottimi ristoranti e bar. Abbiamo apprezzato la tranquillit\u00e0 e la tranquillit\u00e0 delle camere, nonostante la posizione cos\u00ec centrale.\u201d <\/em><br \/>\u2014 <strong>@GlobalConsultant, recensione di TripAdvisor <\/strong><\/p><\/blockquote><div class=\"py-2 my-3\"><hr \/><\/div><h3>\u2705 <strong>Recensioni di Trip.com e Expedia: valutazioni elevate per comfort e servizio <\/strong><\/h3><p>SU <strong>Trip.com <\/strong>, il Chao Hotel Sanlitun gode di una <strong>punteggio ospite superbo <\/strong>, con molti recensori che lodano il <strong>pulizia, comfort e tecnologia all&#039;avanguardia <\/strong> presenti in ogni camera. L&#039;hotel <strong>spazi di lavoro ergonomici, Wi-Fi veloce e biancheria da letto di alta qualit\u00e0 <\/strong> sono particolarmente apprezzati dai viaggiatori d&#039;affari.<\/p><blockquote><p><em>Ho soggiornato qui per una settimana durante un viaggio d&#039;affari e non avrei potuto desiderare un posto migliore. La camera era elegante, il letto comodissimo e la colazione a buffet offriva qualcosa per tutti i gusti, dai piatti tradizionali cinesi alle specialit\u00e0 occidentali. <\/em><br \/>\u2014 <strong>@BusinessTraveler2025, recensione di Trip.com <\/strong><\/p><\/blockquote><p>Molti ospiti commentano anche il <strong>offerte culinarie <\/strong>, notando che il ristorante in loco dell&#039;hotel serve <strong>alcune delle migliori colazioni e cocktail del quartiere <\/strong>.<\/p><blockquote><p><em>Il bar sul tetto offre una vista mozzafiato e un&#039;atmosfera rilassata. \u00c8 il posto ideale per rilassarsi dopo una lunga giornata di riunioni o visite turistiche. Il cibo era fresco e saporito: consiglio vivamente il loro brunch dim sum! <\/em><br \/>\u2014 <strong>@FoodieInChina, recensione di Expedia <\/strong><\/p><p>\u00a0<\/p><\/blockquote><div class=\"py-2 my-3\"><hr \/><\/div><h3>\u2705 <strong>Recensioni Google e Trustpilot: elogi per la posizione e l&#039;atmosfera <\/strong><\/h3><p>Anche il Chao Hotel Sanlitun brilla <strong>Recensioni di Google <\/strong> E <strong>Trustpilot <\/strong>, dove gli ospiti passati sottolineano il <strong>raffinatezza urbana e atmosfera tranquilla <\/strong> della propriet\u00e0. Che si tratti di una visita per un weekend o di un soggiorno prolungato, molti notano come l&#039;hotel offra un <strong>fuga tranquilla dal caos di Pechino <\/strong>, senza rinunciare alla vicinanza alle migliori attrazioni della citt\u00e0.<\/p><blockquote><p><em>Questo hotel sembra pi\u00f9 un rifugio per un lifestyle che un tipico hotel d&#039;affari. L&#039;arredamento \u00e8 elegante, l&#039;illuminazione \u00e8 soffusa e le aree comuni sono cos\u00ec accoglienti che non vorresti mai andartene! <\/em><br \/>\u2014 <strong>@CityExplorer1987, recensione di Google <\/strong><\/p><\/blockquote><p>Altri lodano il <strong>servizio personalizzato <\/strong>, notando che il personale spesso ricorda nomi e preferenze, creando un senso di familiarit\u00e0 anche durante le prime visite.<\/p><blockquote><p><em>Dal check-in al check-out, il servizio \u00e8 stato impeccabile. Tutti erano sorridenti, disponibili e sinceramente interessati a rendere il soggiorno speciale. Sicuramente uno degli hotel pi\u00f9 accoglienti in cui abbia mai soggiornato in Cina. <\/em><br \/>\u2014 <strong>@SoloFemaleTraveler, recensione di Trustpilot <\/strong><\/p><\/blockquote><div class=\"py-2 my-3\"><hr \/><\/div><h2>\ud83c\udfc6 Perch\u00e9 il Chao Hotel Sanlitun si distingue dalla concorrenza<\/h2><p>Sebbene nel distretto Chaoyang di Pechino vi siano molti hotel di lusso, il Chao Hotel Sanlitun si distingue per:<\/p><ul><li><strong>Design moderno e minimalista <\/strong> che unisce funzionalit\u00e0 e lusso<\/li><li><strong>Posizione strategica <\/strong> nel cuore della zona delle ambasciate, vicino a Sanlitun e al CBD di Pechino<\/li><li><strong>Servizio clienti eccezionale <\/strong> che supera costantemente le aspettative<\/li><li><strong>Servizi di alta qualit\u00e0 <\/strong> tra cui camere dotate di tecnologia avanzata, strutture per il benessere e ristoranti gourmet<\/li><li><strong>Recensioni costantemente positive <\/strong> su tutte le principali agenzie di viaggio online (OTA)<\/li><\/ul><p>Che tu stia pianificando un viaggio d&#039;affari, una fuga romantica o un&#039;avventura culturale a Pechino, il luminoso <strong>recensioni di ospiti reali <\/strong> la dicono lunga sull&#039;esperienza che ti aspetta al Chao Hotel Sanlitun.<\/p><div class=\"py-2 my-3\"><hr \/><\/div><h2>\ud83d\udcdd Considerazioni finali: prenota il tuo soggiorno in base al feedback reale dei viaggiatori<\/h2><p>Prima di prenotare il tuo prossimo viaggio a Pechino, prenditi un momento per scoprire cosa dicono i viaggiatori verificati su <strong>Chao Hotel Sanlitun <\/strong> su piattaforme come <strong>TripAdvisor <\/strong>, <strong>Prenotazione.com <\/strong>, E <strong>Expedia <\/strong>Con il suo <strong>design lussuoso ma sobrio, posizione comoda e ospitalit\u00e0 sincera <\/strong>, non c&#039;\u00e8 da stupirsi che gli ospiti continuino a tornare e a consigliarlo ad altri.<\/p><p data-spm-anchor-id=\"a2ty_o01.29997173.0.i39.54d8c921QBSS7F\">Vivi la magia di soggiornare in uno degli hotel pi\u00f9 chiacchierati di Pechino.\u00a0<\/p>\t\t\t\t\t\t\t\t<\/div>\n\t\t\t\t\t<\/div>\n\t\t\t\t<\/div>\n\t\t\t\t<\/div>","protected":false},"excerpt":{"rendered":"<p>Chao Hotel Sanlitun \u2013 Exceptional Guest Experiences &#038; Reviews When it comes to choosing the perfect hotel in Beijing, Chao Hotel Sanlitun stands out not only for its prime location and modern design but also for its consistently outstanding guest reviews across top travel platforms like TripAdvisor , Booking.com , and Expedia . Located at [&hellip;]<\/p>\n","protected":false},"author":1,"featured_media":0,"parent":0,"menu_order":0,"comment_status":"closed","ping_status":"closed","template":"","meta":{"footnotes":""},"class_list":["post-2106","page","type-page","status-publish","hentry","post-no-thumbnail"],"_links":{"self":[{"href":"https:\/\/chaosanlitunbeijing.com\/it\/wp-json\/wp\/v2\/pages\/2106","targetHints":{"allow":["GET"]}}],"collection":[{"href":"https:\/\/chaosanlitunbeijing.com\/it\/wp-json\/wp\/v2\/pages"}],"about":[{"href":"https:\/\/chaosanlitunbeijing.com\/it\/wp-json\/wp\/v2\/types\/page"}],"author":[{"embeddable":true,"href":"https:\/\/chaosanlitunbeijing.com\/it\/wp-json\/wp\/v2\/users\/1"}],"replies":[{"embeddable":true,"href":"https:\/\/chaosanlitunbeijing.com\/it\/wp-json\/wp\/v2\/comments?post=2106"}],"version-history":[{"count":0,"href":"https:\/\/chaosanlitunbeijing.com\/it\/wp-json\/wp\/v2\/pages\/2106\/revisions"}],"wp:attachment":[{"href":"https:\/\/chaosanlitunbeijing.com\/it\/wp-json\/wp\/v2\/media?parent=2106"}],"curies":[{"name":"wp","href":"https:\/\/api.w.org\/{rel}","templated":true}]}}