{"id":647,"date":"2021-03-29T02:13:52","date_gmt":"2021-03-29T02:13:52","guid":{"rendered":"http:\/\/localhost\/nuss\/?page_id=647"},"modified":"2025-12-04T09:00:44","modified_gmt":"2025-12-04T09:00:44","slug":"services","status":"publish","type":"page","link":"https:\/\/chaosanlitunbeijing.com\/fr\/services\/","title":{"rendered":"Services"},"content":{"rendered":"<div data-elementor-type=\"wp-page\" data-elementor-id=\"647\" class=\"elementor elementor-647\">\n\t\t\t\t\t\t<section class=\"elementor-section elementor-top-section elementor-element elementor-element-3353bc8 elementor-section-boxed elementor-section-gap-beside-yes elementor-section-height-default elementor-section-height-default elementor-section-column-vertical-align-stretch\" data-id=\"3353bc8\" data-element_type=\"section\" data-e-type=\"section\">\n\t\t\t\t\t\t<div class=\"elementor-container elementor-column-gap-extended\">\n\t\t\t\t\t<div class=\"elementor-column elementor-col-100 elementor-top-column elementor-element elementor-element-0a2bc64\" data-id=\"0a2bc64\" data-element_type=\"column\" data-e-type=\"column\">\n\t\t\t<div class=\"elementor-widget-wrap elementor-element-populated\">\n\t\t\t\t\t\t<div class=\"elementor-element elementor-element-447e3ef elementor-widget__width-initial elementor-invisible elementor-widget elementor-widget-text-editor\" data-id=\"447e3ef\" data-element_type=\"widget\" data-e-type=\"widget\" data-settings=\"{&quot;_animation&quot;:&quot;nussFadeInUp&quot;}\" data-widget_type=\"text-editor.default\">\n\t\t\t\t\t\t\t\t\t<p>Services exceptionnels au Chao Hotel Sanlitun \u2013 L&#039;art de l&#039;hospitalit\u00e9 dans le quartier des ambassades de P\u00e9kin<\/p>\t\t\t\t\t\t\t\t<\/div>\n\t\t\t\t\t<\/div>\n\t\t<\/div>\n\t\t\t\t\t<\/div>\n\t\t<\/section>\n\t\t<div class=\"elementor-element elementor-element-b62c3ab e-flex e-con-boxed e-con e-parent\" data-id=\"b62c3ab\" data-element_type=\"container\" data-e-type=\"container\">\n\t\t\t\t\t<div class=\"e-con-inner\">\n\t\t\t\t<div class=\"elementor-element elementor-element-f5c7db4 elementor-widget elementor-widget-text-editor\" data-id=\"f5c7db4\" data-element_type=\"widget\" data-e-type=\"widget\" data-widget_type=\"text-editor.default\">\n\t\t\t\t\t\t\t\t\t<p data-spm-anchor-id=\"a2ty_o01.29997173.0.i98.54d8c921QBSS7F\">\u00c0 <strong data-spm-anchor-id=\"a2ty_o01.29997173.0.i97.54d8c921QBSS7F\">Chao Hotel Sanlitun <\/strong>, situ\u00e9 \u00e0 <strong>4 Gongrentiyuchang E Rd, \u4f7f\u9986\u533a (quartier des ambassades), Chaoyang, P\u00e9kin, Chine, 100027 <\/strong>Le service est plus qu&#039;une promesse, c&#039;est une philosophie. Nous sommes convaincus que la v\u00e9ritable hospitalit\u00e9 ne r\u00e9side pas seulement dans ce que nous offrons, mais dans la mani\u00e8re dont nous le faisons. Chaque exp\u00e9rience client est soigneusement con\u00e7ue pour allier luxe moderne, richesse culturelle et attention personnalis\u00e9e. Que vous soyez en voyage d&#039;affaires ou de loisirs, nos services complets sont con\u00e7us pour rendre votre s\u00e9jour agr\u00e9able, m\u00e9morable et unique.<\/p><p>D\u00e8s votre arriv\u00e9e, vous remarquerez que le Chao Hotel Sanlitun se distingue, non seulement par son design \u00e9l\u00e9gant et son emplacement privil\u00e9gi\u00e9, mais aussi par la chaleur, la pr\u00e9cision et le soin apport\u00e9s \u00e0 chaque interaction. Notre \u00e9quipe est form\u00e9e pour anticiper vos besoins avant m\u00eame que vous ne les exprimiez, afin que votre s\u00e9jour parmi nous soit aussi simple qu&#039;agr\u00e9able.<\/p><div class=\"py-2 my-3\"><hr \/><\/div><h2>\ud83e\uddf3 Arriv\u00e9e et d\u00e9part\u00a0: une exp\u00e9rience fluide<\/h2><p>Nous comprenons que les voyages peuvent \u00eatre impr\u00e9visibles, c&#039;est pourquoi nous mettons tout en \u0153uvre pour que votre arriv\u00e9e et votre d\u00e9part se d\u00e9roulent dans les meilleures conditions. D\u00e8s votre arriv\u00e9e, vous serez accueillis par un personnel multilingue qui vous offrira un service efficace et personnalis\u00e9, que ce soit en se souvenant de votre nom ou en vous rappelant votre th\u00e9 pr\u00e9f\u00e9r\u00e9.<\/p><ul><li><strong>Arriv\u00e9e anticip\u00e9e et d\u00e9part tardif <\/strong> (sous r\u00e9serve de disponibilit\u00e9)<\/li><li><strong>Assistance bagages <\/strong> et un stockage s\u00e9curis\u00e9 avant et apr\u00e8s l&#039;enregistrement<\/li><li><strong>Transferts a\u00e9roport priv\u00e9s <\/strong> (disponible sur demande moyennant des frais suppl\u00e9mentaires)<\/li><li><strong>Options de voiturier et de stationnement libre-service <\/strong> avec parking souterrain s\u00e9curis\u00e9<\/li><\/ul><p>Notre r\u00e9ception est ouverte 24h\/24 et 7j\/7 pour garantir que, quelle que soit l&#039;heure de votre arriv\u00e9e, vous soyez accueilli avec professionnalisme et gr\u00e2ce.<\/p><div class=\"py-2 my-3\"><hr \/><\/div><h2>\ud83d\udece\ufe0f Services clients personnalis\u00e9s : aller au-del\u00e0<\/h2><p>Au Chao Hotel Sanlitun, nous nous engageons \u00e0 offrir un service personnalis\u00e9 \u00e0 chaque client. Que vous restiez une nuit ou plusieurs semaines, notre conciergerie et notre service client\u00e8le sont toujours pr\u00eats \u00e0 vous aider\u00a0:<\/p><h3>\ud83c\udf0d Concierge multilingue<\/h3><p>Avec beaucoup de nos invit\u00e9s venant de diff\u00e9rentes parties du monde, nous sommes fiers d&#039;avoir un <strong>\u00e9quipe de conciergerie multilingue <\/strong> Ma\u00eetrise du mandarin, de l&#039;anglais et d&#039;autres langues courantes. R\u00e9servations de restaurants, d&#039;\u00e9v\u00e9nements, assistance pour les visas et recommandations culturelles\u00a0: notre \u00e9quipe vous aide \u00e0 d\u00e9couvrir P\u00e9kin en toute s\u00e9r\u00e9nit\u00e9 et en toute confiance.<\/p><h3>\ud83d\udcc5 Planification de voyages et d&#039;\u00e9v\u00e9nements<\/h3><p>Envie d&#039;explorer P\u00e9kin comme un local\u00a0? Besoin d&#039;aide pour organiser une visite priv\u00e9e de la Cit\u00e9 interdite ou r\u00e9server des billets pour un spectacle culturel\u00a0? Notre <strong>service de planification de voyage personnalis\u00e9 <\/strong> vous aide \u00e0 d\u00e9couvrir la ville au-del\u00e0 des guides.<\/p><p>Les voyageurs d\u2019affaires b\u00e9n\u00e9ficient \u00e9galement de notre accompagnement dans l\u2019organisation :<\/p><ul><li>Salles de r\u00e9union et espaces de coworking<\/li><li>Services de traduction et d&#039;interpr\u00e9tation<\/li><li>Impression, t\u00e9l\u00e9copie et pr\u00e9paration de documents<\/li><li>Services de livraison et de messagerie de fournitures de bureau<\/li><\/ul><h3>\ud83e\uddf8 Demandes en chambre et occasions sp\u00e9ciales<\/h3><p>Que vous c\u00e9l\u00e9briez un anniversaire, un anniversaire ou que vous concluiez une affaire importante, notre personnel peut organiser :<\/p><ul><li>Compositions florales et service de champagne<\/li><li>D\u00e9corations de chambre personnalis\u00e9es<\/li><li>Exp\u00e9riences de restauration priv\u00e9e en chambre ou dans nos salons VIP<\/li><li>Cadeaux surprises et attentions de bienvenue<\/li><\/ul><p>Il vous suffit de demander, nous nous occupons du reste.<\/p><div class=\"py-2 my-3\"><hr \/><\/div><h2>\ud83c\udfe8 Services de chambre et de suite\u00a0: con\u00e7us pour le confort et la commodit\u00e9<\/h2><p>Chaque chambre et suite du Chao Hotel Sanlitun est dot\u00e9e d&#039;\u00e9quipements favorisant productivit\u00e9 et d\u00e9tente. Nos services vont au-del\u00e0 de l&#039;espace physique pour assurer votre confort tout au long de votre s\u00e9jour.<\/p><h3>\ud83d\udecb\ufe0f M\u00e9nage et maintenance<\/h3><p>Un service de m\u00e9nage quotidien garantit que votre chambre reste impeccable et bien approvisionn\u00e9e. Que vous ayez besoin d&#039;oreillers suppl\u00e9mentaires ou de r\u00e9parations urgentes, nos \u00e9quipes d&#039;entretien et de m\u00e9nage interviennent rapidement et discr\u00e8tement.<\/p><h3>\ud83d\udd0c Salles int\u00e9gr\u00e9es \u00e0 la technologie<\/h3><p>Chaque chambre comprend :<\/p><ul><li><strong>Wi-Fi haut d\u00e9bit <\/strong> avec des options de bande passante premium<\/li><li><strong>Panneaux de contr\u00f4le intelligents <\/strong> pour l&#039;\u00e9clairage, la temp\u00e9rature et les rideaux<\/li><li><strong>Ports de charge USB-C et USB-A <\/strong><\/li><li><strong>Haut-parleurs compatibles Bluetooth <\/strong> et technologie de suppression du bruit<\/li><\/ul><p>Id\u00e9al pour les nomades num\u00e9riques, les travailleurs \u00e0 distance et les voyageurs fr\u00e9quents qui exigent une connectivit\u00e9 transparente et une int\u00e9gration technologique intuitive.<\/p><h3>\ud83e\uddfc Blanchisserie et nettoyage \u00e0 sec<\/h3><p>Un service de blanchisserie express gratuit est disponible pour certains articles, ainsi qu&#039;un nettoyage \u00e0 sec complet moyennant un suppl\u00e9ment. Les commandes pass\u00e9es t\u00f4t le matin peuvent souvent \u00eatre retourn\u00e9es le jour m\u00eame.<\/p><div class=\"py-2 my-3\"><hr \/><\/div><h2>\ud83c\udf7d\ufe0f Services culinaires : du caf\u00e9 du matin au d\u00eener gastronomique<\/h2><p>La nourriture joue un r\u00f4le central dans l\u2019exp\u00e9rience de nos clients et nos services culinaires sont con\u00e7us pour ravir m\u00eame les palais les plus exigeants.<\/p><h3>\u2615 Repas en chambre<\/h3><p>Disponible 24h\/24, notre <strong>menu du service en chambre <\/strong> Le menu comprend des en-cas l\u00e9gers, des repas bien-\u00eatre, des plats principaux et des desserts copieux. Les clients peuvent commander via la tablette ou l&#039;application en chambre, et la livraison se fait en 30 minutes.<\/p><h3>\ud83e\udd58 Services de restauration et de bar<\/h3><p>Notre restaurant signature propose :<\/p><ul><li><strong>Petit-d\u00e9jeuner buffet <\/strong> proposant des sp\u00e9cialit\u00e9s chinoises et occidentales<\/li><li><strong>Menus \u00e0 la carte d\u00e9jeuner et d\u00eener <\/strong> avec les changements saisonniers<\/li><li><strong>Bar sur le toit <\/strong> servant des cocktails artisanaux, des vins raffin\u00e9s et des vues panoramiques<\/li><\/ul><p>Le restaurant accueille \u00e9galement <strong>d\u00eeners \u00e0 th\u00e8me hebdomadaires, d\u00e9gustations de vins et soir\u00e9es musicales live <\/strong>, cr\u00e9ant une atmosph\u00e8re sociale dynamique pour les clients de l&#039;h\u00f4tel et les clients locaux.<\/p><h3>\ud83c\udf89 D\u00eener priv\u00e9 et traiteur<\/h3><p>Pour des c\u00e9l\u00e9brations intimes ou des \u00e9v\u00e9nements d&#039;affaires exclusifs, nous vous proposons <strong>salles \u00e0 manger semi-priv\u00e9es et enti\u00e8rement priv\u00e9es <\/strong> Avec des menus personnalis\u00e9s et un service d\u00e9di\u00e9, un service traiteur d&#039;entreprise est \u00e9galement disponible pour les r\u00e9unions et conf\u00e9rences organis\u00e9es \u00e0 l&#039;h\u00f4tel.<\/p><div class=\"py-2 my-3\"><hr \/><\/div><h2>\ud83d\udcbc Services aux entreprises et aux conf\u00e9rences\u00a0: soutenir l\u2019excellence professionnelle<\/h2><p>En tant que destination privil\u00e9gi\u00e9e des professionnels et diplomates internationaux, le Chao Hotel Sanlitun propose des services commerciaux complets pour soutenir la productivit\u00e9 et la collaboration.<\/p><h3>\ud83d\udce2 Installations pour r\u00e9unions et \u00e9v\u00e9nements<\/h3><p>Notre h\u00f4tel dispose de plusieurs <strong>salles de r\u00e9union, salles de conseil et salons de coworking <\/strong>, chacune \u00e9quip\u00e9e de :<\/p><ul><li>Internet haut d\u00e9bit<\/li><li>Projecteurs intelligents et \u00e9crans LED<\/li><li>Murs insonoris\u00e9s<\/li><li>\u00c9clairage et climatisation r\u00e9glables<\/li><\/ul><p>Ces lieux sont id\u00e9aux pour les r\u00e9unions en petits groupes, les points de presse, les sessions de formation et les \u00e9v\u00e9nements de r\u00e9seautage.<\/p><h3>\ud83d\udda8\ufe0f Centre d&#039;affaires<\/h3><p>Un appareil enti\u00e8rement fonctionnel <strong>centre d&#039;affaires <\/strong> est disponible pour les voyageurs ind\u00e9pendants ayant besoin de :<\/p><ul><li>Postes informatiques avec suite Microsoft Office<\/li><li>Impression, num\u00e9risation, copie et t\u00e9l\u00e9copie<\/li><li>Bornes de recharge et prises universelles<\/li><li>Assistance de secr\u00e9tariat sur demande<\/li><\/ul><p>Notre personnel peut vous aider \u00e0 pr\u00e9parer des documents, \u00e0 envoyer des courriels ou \u00e0 organiser des besoins d\u2019impression urgents.<\/p><div class=\"py-2 my-3\"><hr \/><\/div><h2>\ud83e\uddd8\u200d\u2640\ufe0f Services de bien-\u00eatre et de loisirs\u00a0: rechargez votre corps et votre esprit<\/h2><p>M\u00eame si le travail vous am\u00e8ne \u00e0 P\u00e9kin, nos services de bien-\u00eatre vous garantissent de ne pas oublier de prendre soin de vous en cours de route.<\/p><h3>\ud83c\udfc3\u200d\u2642\ufe0f Centre de remise en forme<\/h3><p>Ouvert 24h\/24 et 7j\/7, notre <strong>centre de remise en forme ultramoderne <\/strong> caract\u00e9ristiques:<\/p><ul><li>Tapis de course, v\u00e9los elliptiques et v\u00e9los stationnaires<\/li><li>Poids libres et bandes de r\u00e9sistance<\/li><li>Tapis de yoga et zones d&#039;\u00e9tirement<\/li><li>R\u00e9troviseurs intelligents et syst\u00e8mes de guidage audio<\/li><\/ul><p>Que vous soyez un fervent amateur de gym ou que vous cherchiez simplement \u00e0 vous \u00e9tirer apr\u00e8s un long vol, notre salle de sport soutient vos objectifs de sant\u00e9.<\/p><h3>\ud83e\uddd6\u200d\u2642\ufe0f Services de spa et de massage<\/h3><p>Bien que nous travaillions actuellement en partenariat avec des centres de bien-\u00eatre \u00e0 proximit\u00e9, les clients peuvent facilement r\u00e9server <strong>massages th\u00e9rapeutiques, soins du visage et th\u00e9rapies corporelles <\/strong> Gr\u00e2ce \u00e0 notre conciergerie, ces services sont parfaits pour se d\u00e9tendre apr\u00e8s une longue journ\u00e9e de r\u00e9unions ou de visites.<\/p><div class=\"py-2 my-3\"><hr \/><\/div><h2>\ud83e\uddf9 Durabilit\u00e9 et engagement communautaire<\/h2><p>Au-del\u00e0 des services propos\u00e9s aux clients, le Chao Hotel Sanlitun s&#039;engage en faveur d&#039;un tourisme responsable et d&#039;une implication communautaire. Nous mettons en \u0153uvre des pratiques durables telles que\u00a0:<\/p><ul><li>Syst\u00e8mes d&#039;\u00e9clairage et de conservation de l&#039;eau \u00e0 haut rendement \u00e9nerg\u00e9tique<\/li><li>Politique de r\u00e9duction des plastiques \u00e0 usage unique<\/li><li>Soutien aux artisans locaux et aux petites entreprises<\/li><\/ul><p>Les clients sont encourag\u00e9s \u00e0 participer \u00e0 des initiatives \u00e9cologiques pendant leur s\u00e9jour, notamment des options de transport \u00e9cologique et des ateliers culturels organis\u00e9s en partenariat avec des organisations locales.<\/p><div class=\"py-2 my-3\"><hr \/><\/div><h2>\u2728 R\u00e9flexions finales\u00a0: un service qui vous fait sentir comme chez vous<\/h2><p>Au Chao Hotel Sanlitun, le service ne se limite pas \u00e0 r\u00e9pondre \u00e0 vos attentes\u00a0: il s&#039;agit de les d\u00e9passer pour un s\u00e9jour m\u00e9morable et enrichissant. Que vous soyez ici pour une mission professionnelle d&#039;une semaine, une escapade romantique ou une courte escale entre deux vols, notre \u00e9quipe travaille sans rel\u00e2che pour que chaque d\u00e9tail de votre s\u00e9jour soit trait\u00e9 avec soin.<\/p><p data-spm-anchor-id=\"a2ty_o01.29997173.0.i95.54d8c921QBSS7F\">Du sourire chaleureux \u00e0 la r\u00e9ception \u00e0 la tasse de th\u00e9 parfaitement infus\u00e9e livr\u00e9e \u00e0 votre porte, chaque service que nous proposons est impr\u00e9gn\u00e9 d&#039;un objectif, d&#039;une culture et d&#039;un profond respect pour nos clients.<\/p>\t\t\t\t\t\t\t\t<\/div>\n\t\t\t\t\t<\/div>\n\t\t\t\t<\/div>\n\t\t\t\t<\/div>","protected":false},"excerpt":{"rendered":"<p>Exceptional Services at Chao Hotel Sanlitun \u2013 Elevating the Art of Hospitality in Beijing\u2019s Embassy District At Chao Hotel Sanlitun , located at 4 Gongrentiyuchang E Rd, \u4f7f\u9986\u533a (Embassy District), Chaoyang, Beijing, China, 100027 , service is more than a promise\u2014it&#8217;s a philosophy. We believe that true hospitality lies not just in what we offer, [&hellip;]<\/p>\n","protected":false},"author":1,"featured_media":0,"parent":0,"menu_order":0,"comment_status":"closed","ping_status":"closed","template":"","meta":{"footnotes":""},"class_list":["post-647","page","type-page","status-publish","hentry","post-no-thumbnail"],"_links":{"self":[{"href":"https:\/\/chaosanlitunbeijing.com\/fr\/wp-json\/wp\/v2\/pages\/647","targetHints":{"allow":["GET"]}}],"collection":[{"href":"https:\/\/chaosanlitunbeijing.com\/fr\/wp-json\/wp\/v2\/pages"}],"about":[{"href":"https:\/\/chaosanlitunbeijing.com\/fr\/wp-json\/wp\/v2\/types\/page"}],"author":[{"embeddable":true,"href":"https:\/\/chaosanlitunbeijing.com\/fr\/wp-json\/wp\/v2\/users\/1"}],"replies":[{"embeddable":true,"href":"https:\/\/chaosanlitunbeijing.com\/fr\/wp-json\/wp\/v2\/comments?post=647"}],"version-history":[{"count":0,"href":"https:\/\/chaosanlitunbeijing.com\/fr\/wp-json\/wp\/v2\/pages\/647\/revisions"}],"wp:attachment":[{"href":"https:\/\/chaosanlitunbeijing.com\/fr\/wp-json\/wp\/v2\/media?parent=647"}],"curies":[{"name":"wp","href":"https:\/\/api.w.org\/{rel}","templated":true}]}}