{"id":5266,"date":"2021-07-18T08:03:35","date_gmt":"2021-07-18T08:03:35","guid":{"rendered":"https:\/\/nuss.uxper.co\/luxury-resort\/?page_id=5266"},"modified":"2025-12-04T08:59:23","modified_gmt":"2025-12-04T08:59:23","slug":"a-propos-de-nous","status":"publish","type":"page","link":"https:\/\/chaosanlitunbeijing.com\/fr\/a-propos-de-nous\/","title":{"rendered":"\u00c0 propos de nous"},"content":{"rendered":"<div data-elementor-type=\"wp-page\" data-elementor-id=\"5266\" class=\"elementor elementor-5266\">\n\t\t\t\t\t\t<section class=\"elementor-section elementor-top-section elementor-element elementor-element-10416953 elementor-section-boxed elementor-section-gap-beside-yes elementor-section-height-default elementor-section-height-default elementor-section-column-vertical-align-stretch\" data-id=\"10416953\" data-element_type=\"section\" data-e-type=\"section\">\n\t\t\t\t\t\t<div class=\"elementor-container elementor-column-gap-extended\">\n\t\t\t\t\t<div class=\"elementor-column elementor-col-100 elementor-top-column elementor-element elementor-element-29c6aa8\" data-id=\"29c6aa8\" data-element_type=\"column\" data-e-type=\"column\">\n\t\t\t<div class=\"elementor-widget-wrap elementor-element-populated\">\n\t\t\t\t\t\t<div class=\"elementor-element elementor-element-7be18fe7 elementor-widget__width-initial elementor-invisible elementor-widget elementor-widget-text-editor\" data-id=\"7be18fe7\" data-element_type=\"widget\" data-e-type=\"widget\" data-settings=\"{&quot;_animation&quot;:&quot;nussFadeInUp&quot;}\" data-widget_type=\"text-editor.default\">\n\t\t\t\t\t\t\t\t\tChao Hotel Sanlitun \u2013 Un havre de paix urbain moderne dans le quartier des ambassades de P\u00e9kin  \t\t\t\t\t\t\t\t<\/div>\n\t\t\t\t\t<\/div>\n\t\t<\/div>\n\t\t\t\t\t<\/div>\n\t\t<\/section>\n\t\t\t\t<section class=\"elementor-section elementor-top-section elementor-element elementor-element-7d18327f elementor-section-boxed elementor-section-gap-beside-yes elementor-section-height-default elementor-section-height-default elementor-section-column-vertical-align-stretch\" data-id=\"7d18327f\" data-element_type=\"section\" data-e-type=\"section\">\n\t\t\t\t\t\t<div class=\"elementor-container elementor-column-gap-extended\">\n\t\t\t\t\t<div class=\"elementor-column elementor-col-50 elementor-top-column elementor-element elementor-element-56533670\" data-id=\"56533670\" data-element_type=\"column\" data-e-type=\"column\">\n\t\t\t<div class=\"elementor-widget-wrap elementor-element-populated\">\n\t\t\t\t\t\t<div class=\"elementor-element elementor-element-19c3f543 elementor-invisible elementor-widget elementor-widget-text-editor\" data-id=\"19c3f543\" data-element_type=\"widget\" data-e-type=\"widget\" data-settings=\"{&quot;_animation&quot;:&quot;nussFadeInUp&quot;}\" data-widget_type=\"text-editor.default\">\n\t\t\t\t\t\t\t\t\t<p>Bienvenue \u00e0 <strong>Chao Hotel Sanlitun <\/strong>, un h\u00f4tel de luxe \u00e9l\u00e9gant et contemporain nich\u00e9 au c\u0153ur de <strong>Le prestigieux quartier de Chaoyang \u00e0 P\u00e9kin <\/strong> Situ\u00e9 au 4 Gongrentiyuchang E Rd, dans le quartier exclusif des ambassades (\u4f7f\u9986\u533a), le Chao Hotel allie id\u00e9alement emplacement, design moderne et service exceptionnel. Il est la destination id\u00e9ale pour les voyageurs internationaux et les professionnels locaux en qu\u00eate de confort, de sophistication et de commodit\u00e9 dans l&#039;un des quartiers les plus dynamiques de P\u00e9kin.<\/p><p>Situ\u00e9 \u00e0 quelques minutes du quartier anim\u00e9 <strong>Quartier des divertissements de Sanlitun <\/strong>Le Chao Hotel Sanlitun offre un acc\u00e8s facile \u00e0 certains des plus grands centres commerciaux, restaurants gastronomiques, sites culturels et missions diplomatiques de la ville. Que vous soyez en ville pour affaires ou pour le plaisir, ce refuge urbain haut de gamme allie harmonieusement productivit\u00e9 et plaisir, le tout dans un cadre chic et bien pens\u00e9.<\/p>\t\t\t\t\t\t\t\t<\/div>\n\t\t\t\t\t<\/div>\n\t\t<\/div>\n\t\t\t\t<div class=\"elementor-column elementor-col-50 elementor-top-column elementor-element elementor-element-30f14127\" data-id=\"30f14127\" data-element_type=\"column\" data-e-type=\"column\">\n\t\t\t<div class=\"elementor-widget-wrap elementor-element-populated\">\n\t\t\t\t\t\t<div class=\"elementor-element elementor-element-350da02e elementor-invisible nuss-elementor-loading nuss-slide-in-left elementor-widget elementor-widget-image\" data-id=\"350da02e\" data-element_type=\"widget\" data-e-type=\"widget\" data-settings=\"{&quot;_animation&quot;:&quot;nussSlideInLeft&quot;}\" data-widget_type=\"image.default\">\n\t\t\t\t\t\t\t\t\t\t\t\t\t\t\t<img fetchpriority=\"high\" decoding=\"async\" width=\"555\" height=\"853\" src=\"https:\/\/chaosanlitunbeijing.com\/wp-content\/uploads\/2025\/07\/chao-sanlitun-beijing-hotel-104.webp\" class=\"attachment-full size-full wp-image-5670\" alt=\"\" srcset=\"https:\/\/chaosanlitunbeijing.com\/wp-content\/uploads\/2025\/07\/chao-sanlitun-beijing-hotel-104.webp 555w, https:\/\/chaosanlitunbeijing.com\/wp-content\/uploads\/2025\/07\/chao-sanlitun-beijing-hotel-104-195x300.webp 195w\" sizes=\"(max-width: 555px) 100vw, 555px\" \/>\t\t\t\t\t\t\t\t\t\t\t\t\t\t\t<\/div>\n\t\t\t\t\t<\/div>\n\t\t<\/div>\n\t\t\t\t\t<\/div>\n\t\t<\/section>\n\t\t\t\t<section class=\"elementor-section elementor-top-section elementor-element elementor-element-29fb8578 elementor-section-height-min-height elementor-section-stretched elementor-section-full_width elementor-section-items-stretch elementor-section-height-default elementor-section-column-vertical-align-stretch\" data-id=\"29fb8578\" data-element_type=\"section\" data-e-type=\"section\" data-settings=\"{&quot;stretch_section&quot;:&quot;section-stretched&quot;}\">\n\t\t\t\t\t\t<div class=\"elementor-container elementor-column-gap-no\">\n\t\t\t\t\t<div class=\"elementor-column elementor-col-50 elementor-top-column elementor-element elementor-element-40ac270b\" data-id=\"40ac270b\" data-element_type=\"column\" data-e-type=\"column\">\n\t\t\t<div class=\"elementor-widget-wrap elementor-element-populated\">\n\t\t\t\t\t\t<div class=\"elementor-element elementor-element-20872773 elementor-widget__width-initial elementor-widget-mobile__width-inherit elementor-invisible nuss-elementor-loading nuss-slide-in-right elementor-widget elementor-widget-image\" data-id=\"20872773\" data-element_type=\"widget\" data-e-type=\"widget\" data-settings=\"{&quot;_animation&quot;:&quot;nussSlideInRight&quot;}\" data-widget_type=\"image.default\">\n\t\t\t\t\t\t\t\t\t\t\t\t\t\t\t<img decoding=\"async\" width=\"1137\" height=\"853\" src=\"https:\/\/chaosanlitunbeijing.com\/wp-content\/uploads\/2025\/07\/chao-sanlitun-beijing-hotel-7.webp\" class=\"attachment-full size-full wp-image-5573\" alt=\"\" srcset=\"https:\/\/chaosanlitunbeijing.com\/wp-content\/uploads\/2025\/07\/chao-sanlitun-beijing-hotel-7.webp 1137w, https:\/\/chaosanlitunbeijing.com\/wp-content\/uploads\/2025\/07\/chao-sanlitun-beijing-hotel-7-300x225.webp 300w, https:\/\/chaosanlitunbeijing.com\/wp-content\/uploads\/2025\/07\/chao-sanlitun-beijing-hotel-7-1024x768.webp 1024w, https:\/\/chaosanlitunbeijing.com\/wp-content\/uploads\/2025\/07\/chao-sanlitun-beijing-hotel-7-768x576.webp 768w\" sizes=\"(max-width: 1137px) 100vw, 1137px\" \/>\t\t\t\t\t\t\t\t\t\t\t\t\t\t\t<\/div>\n\t\t\t\t\t<\/div>\n\t\t<\/div>\n\t\t\t\t<div class=\"elementor-column elementor-col-50 elementor-top-column elementor-element elementor-element-2dac103\" data-id=\"2dac103\" data-element_type=\"column\" data-e-type=\"column\">\n\t\t\t<div class=\"elementor-widget-wrap elementor-element-populated\">\n\t\t\t\t\t\t<div class=\"elementor-element elementor-element-6f1b8966 elementor-invisible elementor-widget elementor-widget-text-editor\" data-id=\"6f1b8966\" data-element_type=\"widget\" data-e-type=\"widget\" data-settings=\"{&quot;_animation&quot;:&quot;nussFadeInUp&quot;}\" data-widget_type=\"text-editor.default\">\n\t\t\t\t\t\t\t\t\t<h2 data-spm-anchor-id=\"a2ty_o01.29997173.0.i18.54d8c921QBSS7F\">Emplacement privil\u00e9gi\u00e9 au c\u0153ur du quartier des ambassades<\/h2><p data-spm-anchor-id=\"a2ty_o01.29997173.0.i19.54d8c921QBSS7F\">Strat\u00e9giquement situ\u00e9 dans le <strong>\u4f7f\u9986\u533a (quartier des ambassades) <\/strong> de Chaoyang, le Chao Hotel Sanlitun offre \u00e0 ses clients une proximit\u00e9 in\u00e9gal\u00e9e avec les ambassades \u00e9trang\u00e8res, les multinationales et les principaux centres d&#039;affaires tels que <strong>Si\u00e8ge de la vid\u00e9osurveillance <\/strong> et le <strong>Quartier central des affaires de P\u00e9kin (CBD) <\/strong>. L&#039;adresse de l&#039;h\u00f4tel\u2014<strong>4, chemin Gongrentiyuchang E <\/strong>\u2014vous place au c\u0153ur de tout, avec un acc\u00e8s rapide aux transports, aux principaux bureaux gouvernementaux et aux \u00e9coles internationales.<\/p><p>Pour ceux qui souhaitent explorer la riche sc\u00e8ne culturelle de P\u00e9kin, les attractions \u00e0 proximit\u00e9 incluent le <strong>Mus\u00e9e national de Chine <\/strong>, <strong>Parc olympique <\/strong>, et l&#039;historique <strong>Temple du Ciel <\/strong>Les amateurs de shopping appr\u00e9cieront d&#039;\u00eatre \u00e0 quelques pas de <strong>Le lieu <\/strong>, <strong>Raffles City <\/strong>, et d&#039;autres destinations commerciales de premier ordre.<\/p>\t\t\t\t\t\t\t\t<\/div>\n\t\t\t\t\t<\/div>\n\t\t<\/div>\n\t\t\t\t\t<\/div>\n\t\t<\/section>\n\t\t\t\t<section class=\"elementor-section elementor-top-section elementor-element elementor-element-c639860 elementor-section-height-min-height elementor-section-stretched elementor-section-full_width elementor-section-items-stretch elementor-section-height-default elementor-section-column-vertical-align-stretch\" data-id=\"c639860\" data-element_type=\"section\" data-e-type=\"section\" data-settings=\"{&quot;stretch_section&quot;:&quot;section-stretched&quot;}\">\n\t\t\t\t\t\t<div class=\"elementor-container elementor-column-gap-no\">\n\t\t\t\t\t<div class=\"elementor-column elementor-col-50 elementor-top-column elementor-element elementor-element-3bf6d9f\" data-id=\"3bf6d9f\" data-element_type=\"column\" data-e-type=\"column\">\n\t\t\t<div class=\"elementor-widget-wrap elementor-element-populated\">\n\t\t\t\t\t\t<div class=\"elementor-element elementor-element-d515c3c elementor-widget elementor-widget-heading\" data-id=\"d515c3c\" data-element_type=\"widget\" data-e-type=\"widget\" data-widget_type=\"heading.default\">\n\t\t\t\t\t<h2 class=\"elementor-heading-title elementor-size-default\">Le design contemporain rencontre le luxe fonctionnel <\/h2>\t\t\t\t<\/div>\n\t\t\t\t<div class=\"elementor-element elementor-element-617b738 elementor-invisible elementor-widget elementor-widget-text-editor\" data-id=\"617b738\" data-element_type=\"widget\" data-e-type=\"widget\" data-settings=\"{&quot;_animation&quot;:&quot;nussFadeInUp&quot;}\" data-widget_type=\"text-editor.default\">\n\t\t\t\t\t\t\t\t\t<p data-spm-anchor-id=\"a2ty_o01.29997173.0.i21.54d8c921QBSS7F\">Au Chao Hotel Sanlitun, l&#039;esth\u00e9tique moderne rencontre l&#039;\u00e9l\u00e9gance pratique. Chaque chambre et suite est soigneusement con\u00e7ue pour offrir une \u00e9vasion sereine loin de l&#039;agitation de la ville. Dot\u00e9es d&#039;un mobilier \u00e9l\u00e9gant, de baies vitr\u00e9es, d&#039;une int\u00e9gration technologique intelligente et d&#039;une literie moelleuse, les chambres sont con\u00e7ues pour assurer un confort maximal sans compromis sur le style.<\/p><p data-spm-anchor-id=\"a2ty_o01.29997173.0.i20.54d8c921QBSS7F\">Le Wi-Fi haut d\u00e9bit, les espaces de travail ergonomiques et les \u00e9quipements haut de gamme r\u00e9pondent aux besoins des voyageurs d&#039;affaires d&#039;aujourd&#039;hui, tandis que l&#039;\u00e9clairage doux, les int\u00e9rieurs ambiants et les salles de bains luxueuses cr\u00e9ent une atmosph\u00e8re relaxante id\u00e9ale pour se d\u00e9tendre apr\u00e8s une longue journ\u00e9e de r\u00e9unions ou de visites.<\/p>\t\t\t\t\t\t\t\t<\/div>\n\t\t\t\t\t<\/div>\n\t\t<\/div>\n\t\t\t\t<div class=\"elementor-column elementor-col-50 elementor-top-column elementor-element elementor-element-5ddffa1\" data-id=\"5ddffa1\" data-element_type=\"column\" data-e-type=\"column\">\n\t\t\t<div class=\"elementor-widget-wrap elementor-element-populated\">\n\t\t\t\t\t\t<div class=\"elementor-element elementor-element-992d238 elementor-widget__width-initial elementor-widget-mobile__width-inherit elementor-invisible nuss-elementor-loading nuss-slide-in-right elementor-widget elementor-widget-image\" data-id=\"992d238\" data-element_type=\"widget\" data-e-type=\"widget\" data-settings=\"{&quot;_animation&quot;:&quot;nussSlideInRight&quot;}\" data-widget_type=\"image.default\">\n\t\t\t\t\t\t\t\t\t\t\t\t\t\t\t<img decoding=\"async\" width=\"1073\" height=\"853\" src=\"https:\/\/chaosanlitunbeijing.com\/wp-content\/uploads\/2025\/07\/chao-sanlitun-beijing-hotel-108.webp\" class=\"attachment-full size-full wp-image-5675\" alt=\"\" srcset=\"https:\/\/chaosanlitunbeijing.com\/wp-content\/uploads\/2025\/07\/chao-sanlitun-beijing-hotel-108.webp 1073w, https:\/\/chaosanlitunbeijing.com\/wp-content\/uploads\/2025\/07\/chao-sanlitun-beijing-hotel-108-300x238.webp 300w, https:\/\/chaosanlitunbeijing.com\/wp-content\/uploads\/2025\/07\/chao-sanlitun-beijing-hotel-108-1024x814.webp 1024w, https:\/\/chaosanlitunbeijing.com\/wp-content\/uploads\/2025\/07\/chao-sanlitun-beijing-hotel-108-768x611.webp 768w\" sizes=\"(max-width: 1073px) 100vw, 1073px\" \/>\t\t\t\t\t\t\t\t\t\t\t\t\t\t\t<\/div>\n\t\t\t\t\t<\/div>\n\t\t<\/div>\n\t\t\t\t\t<\/div>\n\t\t<\/section>\n\t\t\t\t<section class=\"elementor-section elementor-top-section elementor-element elementor-element-057d420 elementor-section-height-min-height elementor-section-stretched elementor-section-full_width elementor-section-items-stretch elementor-section-height-default elementor-section-column-vertical-align-stretch\" data-id=\"057d420\" data-element_type=\"section\" data-e-type=\"section\" data-settings=\"{&quot;stretch_section&quot;:&quot;section-stretched&quot;}\">\n\t\t\t\t\t\t<div class=\"elementor-container elementor-column-gap-no\">\n\t\t\t\t\t<div class=\"elementor-column elementor-col-50 elementor-top-column elementor-element elementor-element-df3a1fc\" data-id=\"df3a1fc\" data-element_type=\"column\" data-e-type=\"column\">\n\t\t\t<div class=\"elementor-widget-wrap elementor-element-populated\">\n\t\t\t\t\t\t<div class=\"elementor-element elementor-element-d62522b elementor-widget__width-initial elementor-widget-mobile__width-inherit elementor-invisible nuss-elementor-loading nuss-slide-in-right elementor-widget elementor-widget-image\" data-id=\"d62522b\" data-element_type=\"widget\" data-e-type=\"widget\" data-settings=\"{&quot;_animation&quot;:&quot;nussSlideInRight&quot;}\" data-widget_type=\"image.default\">\n\t\t\t\t\t\t\t\t\t\t\t\t\t\t\t<img loading=\"lazy\" decoding=\"async\" width=\"568\" height=\"853\" src=\"https:\/\/chaosanlitunbeijing.com\/wp-content\/uploads\/2025\/07\/chao-sanlitun-beijing-hotel-45.webp\" class=\"attachment-full size-full wp-image-5611\" alt=\"\" srcset=\"https:\/\/chaosanlitunbeijing.com\/wp-content\/uploads\/2025\/07\/chao-sanlitun-beijing-hotel-45.webp 568w, https:\/\/chaosanlitunbeijing.com\/wp-content\/uploads\/2025\/07\/chao-sanlitun-beijing-hotel-45-200x300.webp 200w\" sizes=\"(max-width: 568px) 100vw, 568px\" \/>\t\t\t\t\t\t\t\t\t\t\t\t\t\t\t<\/div>\n\t\t\t\t\t<\/div>\n\t\t<\/div>\n\t\t\t\t<div class=\"elementor-column elementor-col-50 elementor-top-column elementor-element elementor-element-d263b97\" data-id=\"d263b97\" data-element_type=\"column\" data-e-type=\"column\">\n\t\t\t<div class=\"elementor-widget-wrap elementor-element-populated\">\n\t\t\t\t\t\t<div class=\"elementor-element elementor-element-55c2a5d elementor-invisible elementor-widget elementor-widget-text-editor\" data-id=\"55c2a5d\" data-element_type=\"widget\" data-e-type=\"widget\" data-settings=\"{&quot;_animation&quot;:&quot;nussFadeInUp&quot;}\" data-widget_type=\"text-editor.default\">\n\t\t\t\t\t\t\t\t\t<h2 data-spm-anchor-id=\"a2ty_o01.29997173.0.i23.54d8c921QBSS7F\">Excellence culinaire et espaces sociaux<\/h2><p>D\u00eener au Chao Hotel Sanlitun est une exp\u00e9rience en soi. L&#039;h\u00f4tel abrite une gamme de restaurants et de salons proposant une cuisine vari\u00e9e, des sp\u00e9cialit\u00e9s chinoises traditionnelles \u00e0 la cuisine fusion internationale. Que vous savouriez un petit-d\u00e9jeuner gourmand avant une journ\u00e9e de r\u00e9unions ou que vous savouriez des cocktails maison au bar sur le toit avec vue sur la ville, chaque proposition culinaire est con\u00e7ue pour ravir les palais les plus exigeants.<\/p><p>L&#039;h\u00f4tel dispose \u00e9galement de salons sociaux et d&#039;espaces de coworking alliant fonctionnalit\u00e9 et style, parfaits pour des r\u00e9unions d&#039;affaires informelles, des \u00e9v\u00e9nements de r\u00e9seautage ou simplement pour retrouver des amis.<\/p>\t\t\t\t\t\t\t\t<\/div>\n\t\t\t\t\t<\/div>\n\t\t<\/div>\n\t\t\t\t\t<\/div>\n\t\t<\/section>\n\t\t\t\t<section class=\"elementor-section elementor-top-section elementor-element elementor-element-b9caeb6 elementor-section-height-min-height elementor-section-stretched elementor-section-full_width elementor-section-items-stretch elementor-section-height-default elementor-section-column-vertical-align-stretch\" data-id=\"b9caeb6\" data-element_type=\"section\" data-e-type=\"section\" data-settings=\"{&quot;stretch_section&quot;:&quot;section-stretched&quot;}\">\n\t\t\t\t\t\t<div class=\"elementor-container elementor-column-gap-no\">\n\t\t\t\t\t<div class=\"elementor-column elementor-col-50 elementor-top-column elementor-element elementor-element-6dc6e33\" data-id=\"6dc6e33\" data-element_type=\"column\" data-e-type=\"column\">\n\t\t\t<div class=\"elementor-widget-wrap elementor-element-populated\">\n\t\t\t\t\t\t<div class=\"elementor-element elementor-element-e5683a8 elementor-widget elementor-widget-heading\" data-id=\"e5683a8\" data-element_type=\"widget\" data-e-type=\"widget\" data-widget_type=\"heading.default\">\n\t\t\t\t\t<h2 class=\"elementor-heading-title elementor-size-default\">Des installations exceptionnelles pour le travail et les loisirs<\/h2>\t\t\t\t<\/div>\n\t\t\t\t<div class=\"elementor-element elementor-element-9445903 elementor-invisible elementor-widget elementor-widget-text-editor\" data-id=\"9445903\" data-element_type=\"widget\" data-e-type=\"widget\" data-settings=\"{&quot;_animation&quot;:&quot;nussFadeInUp&quot;}\" data-widget_type=\"text-editor.default\">\n\t\t\t\t\t\t\t\t\t<p>Au-del\u00e0 de ses chambres \u00e9l\u00e9gantes et de ses restaurants, le Chao Hotel Sanlitun propose une vari\u00e9t\u00e9 d&#039;\u00e9quipements con\u00e7us pour agr\u00e9menter votre s\u00e9jour. <strong>centres d&#039;affaires <\/strong> et <strong>salles de r\u00e9union <\/strong> adapt\u00e9 aux conf\u00e9rences de petite et moyenne taille, aux \u00e9quipements de pointe <strong>centres de fitness <\/strong> et des espaces bien-\u00eatre, l&#039;h\u00f4tel r\u00e9pond \u00e0 la fois aux besoins professionnels et r\u00e9cr\u00e9atifs.<\/p><p data-spm-anchor-id=\"a2ty_o01.29997173.0.i24.54d8c921QBSS7F\">Que vous participiez \u00e0 un \u00e9v\u00e9nement d&#039;entreprise, organisiez une fonction priv\u00e9e ou cherchiez simplement \u00e0 maintenir votre routine de remise en forme sur la route, Chao Hotel s&#039;assure que chaque d\u00e9tail est pris en charge avec pr\u00e9cision et soin.<\/p>\t\t\t\t\t\t\t\t<\/div>\n\t\t\t\t\t<\/div>\n\t\t<\/div>\n\t\t\t\t<div class=\"elementor-column elementor-col-50 elementor-top-column elementor-element elementor-element-f1ca9ac\" data-id=\"f1ca9ac\" data-element_type=\"column\" data-e-type=\"column\">\n\t\t\t<div class=\"elementor-widget-wrap elementor-element-populated\">\n\t\t\t\t\t\t<div class=\"elementor-element elementor-element-351cd71 elementor-widget__width-initial elementor-widget-mobile__width-inherit elementor-invisible nuss-elementor-loading nuss-slide-in-right elementor-widget elementor-widget-image\" data-id=\"351cd71\" data-element_type=\"widget\" data-e-type=\"widget\" data-settings=\"{&quot;_animation&quot;:&quot;nussSlideInRight&quot;}\" data-widget_type=\"image.default\">\n\t\t\t\t\t\t\t\t\t\t\t\t\t\t\t<img loading=\"lazy\" decoding=\"async\" width=\"1161\" height=\"853\" src=\"https:\/\/chaosanlitunbeijing.com\/wp-content\/uploads\/2025\/07\/chao-sanlitun-beijing-hotel-13.webp\" class=\"attachment-full size-full wp-image-5579\" alt=\"\" srcset=\"https:\/\/chaosanlitunbeijing.com\/wp-content\/uploads\/2025\/07\/chao-sanlitun-beijing-hotel-13.webp 1161w, https:\/\/chaosanlitunbeijing.com\/wp-content\/uploads\/2025\/07\/chao-sanlitun-beijing-hotel-13-300x220.webp 300w, https:\/\/chaosanlitunbeijing.com\/wp-content\/uploads\/2025\/07\/chao-sanlitun-beijing-hotel-13-1024x752.webp 1024w, https:\/\/chaosanlitunbeijing.com\/wp-content\/uploads\/2025\/07\/chao-sanlitun-beijing-hotel-13-768x564.webp 768w\" sizes=\"(max-width: 1161px) 100vw, 1161px\" \/>\t\t\t\t\t\t\t\t\t\t\t\t\t\t\t<\/div>\n\t\t\t\t\t<\/div>\n\t\t<\/div>\n\t\t\t\t\t<\/div>\n\t\t<\/section>\n\t\t\t\t<section class=\"elementor-section elementor-top-section elementor-element elementor-element-d17da36 elementor-section-height-min-height elementor-section-stretched elementor-section-full_width elementor-section-items-stretch elementor-section-height-default elementor-section-column-vertical-align-stretch\" data-id=\"d17da36\" data-element_type=\"section\" data-e-type=\"section\" data-settings=\"{&quot;stretch_section&quot;:&quot;section-stretched&quot;}\">\n\t\t\t\t\t\t<div class=\"elementor-container elementor-column-gap-no\">\n\t\t\t\t\t<div class=\"elementor-column elementor-col-50 elementor-top-column elementor-element elementor-element-6da05b6\" data-id=\"6da05b6\" data-element_type=\"column\" data-e-type=\"column\">\n\t\t\t<div class=\"elementor-widget-wrap elementor-element-populated\">\n\t\t\t\t\t\t<div class=\"elementor-element elementor-element-020f94a elementor-widget__width-initial elementor-widget-mobile__width-inherit elementor-invisible nuss-elementor-loading nuss-slide-in-right elementor-widget elementor-widget-image\" data-id=\"020f94a\" data-element_type=\"widget\" data-e-type=\"widget\" data-settings=\"{&quot;_animation&quot;:&quot;nussSlideInRight&quot;}\" data-widget_type=\"image.default\">\n\t\t\t\t\t\t\t\t\t\t\t\t\t\t\t<img loading=\"lazy\" decoding=\"async\" width=\"1137\" height=\"853\" src=\"https:\/\/chaosanlitunbeijing.com\/wp-content\/uploads\/2025\/07\/chao-sanlitun-beijing-hotel-24.webp\" class=\"attachment-full size-full wp-image-5590\" alt=\"\" srcset=\"https:\/\/chaosanlitunbeijing.com\/wp-content\/uploads\/2025\/07\/chao-sanlitun-beijing-hotel-24.webp 1137w, https:\/\/chaosanlitunbeijing.com\/wp-content\/uploads\/2025\/07\/chao-sanlitun-beijing-hotel-24-300x225.webp 300w, https:\/\/chaosanlitunbeijing.com\/wp-content\/uploads\/2025\/07\/chao-sanlitun-beijing-hotel-24-1024x768.webp 1024w, https:\/\/chaosanlitunbeijing.com\/wp-content\/uploads\/2025\/07\/chao-sanlitun-beijing-hotel-24-768x576.webp 768w\" sizes=\"(max-width: 1137px) 100vw, 1137px\" \/>\t\t\t\t\t\t\t\t\t\t\t\t\t\t\t<\/div>\n\t\t\t\t\t<\/div>\n\t\t<\/div>\n\t\t\t\t<div class=\"elementor-column elementor-col-50 elementor-top-column elementor-element elementor-element-e1cbaf2\" data-id=\"e1cbaf2\" data-element_type=\"column\" data-e-type=\"column\">\n\t\t\t<div class=\"elementor-widget-wrap elementor-element-populated\">\n\t\t\t\t\t\t<div class=\"elementor-element elementor-element-0d5d4b0 elementor-invisible elementor-widget elementor-widget-text-editor\" data-id=\"0d5d4b0\" data-element_type=\"widget\" data-e-type=\"widget\" data-settings=\"{&quot;_animation&quot;:&quot;nussFadeInUp&quot;}\" data-widget_type=\"text-editor.default\">\n\t\t\t\t\t\t\t\t\t<h2 data-spm-anchor-id=\"a2ty_o01.29997173.0.i27.54d8c921QBSS7F\">Pourquoi choisir Chao Hotel Sanlitun ?<\/h2><ul><li><strong>Emplacement strat\u00e9gique <\/strong>:\u00c0 quelques minutes de la zone diplomatique de P\u00e9kin, des quartiers d&#039;affaires et des attractions touristiques.<\/li><li data-spm-anchor-id=\"a2ty_o01.29997173.0.i26.54d8c921QBSS7F\"><strong>H\u00e9bergement luxueux <\/strong>:Des chambres \u00e9l\u00e9gantes et modernes con\u00e7ues pour le confort, l&#039;intimit\u00e9 et l&#039;efficacit\u00e9.<\/li><li><strong>Restauration de classe mondiale <\/strong>:Une s\u00e9lection diversifi\u00e9e de restaurants servant une cuisine locale et internationale.<\/li><li data-spm-anchor-id=\"a2ty_o01.29997173.0.i30.54d8c921QBSS7F\"><strong>Services adapt\u00e9s aux entreprises <\/strong>:Espaces de r\u00e9union high-tech et accompagnement personnalis\u00e9 pour les professionnels.<\/li><li><strong>Service exceptionnel <\/strong>:Un personnel attentionn\u00e9 mais discret qui s&#039;engage \u00e0 rendre votre s\u00e9jour inoubliable.<\/li><\/ul><div class=\"py-2 my-3\"><hr \/><\/div><p>D\u00e9couvrez le meilleur de P\u00e9kin depuis le confort du Chao Hotel Sanlitun, un havre de paix sophistiqu\u00e9 o\u00f9 confort urbain rime avec raffinement. Que vous soyez de passage pour un sommet d&#039;affaires de haut niveau ou pour une escapade d&#039;un week-end riche en culture et en d\u00e9couvertes, cet h\u00f4tel vous promet un s\u00e9jour qui d\u00e9passe toutes vos attentes.<\/p><p data-spm-anchor-id=\"a2ty_o01.29997173.0.i29.54d8c921QBSS7F\">R\u00e9servez votre s\u00e9jour aujourd&#039;hui et d\u00e9couvrez pourquoi <strong data-spm-anchor-id=\"a2ty_o01.29997173.0.i28.54d8c921QBSS7F\">Chao Hotel Sanlitun <\/strong> devient rapidement l&#039;une des adresses les plus recherch\u00e9es du quartier des ambassades de P\u00e9kin.<\/p>\t\t\t\t\t\t\t\t<\/div>\n\t\t\t\t\t<\/div>\n\t\t<\/div>\n\t\t\t\t\t<\/div>\n\t\t<\/section>\n\t\t\t\t<\/div>","protected":false},"excerpt":{"rendered":"<p>Chao Hotel Sanlitun \u2013 A Modern Urban Retreat in Beijing\u2019s Embassy District Welcome to Chao Hotel Sanlitun , a stylish and contemporary luxury hotel nestled in the heart of Beijing\u2019s prestigious Chaoyang District at 4 Gongrentiyuchang E Rd, within the exclusive \u4f7f\u9986\u533a (Embassy Area). Offering an unbeatable combination of prime location, modern design, and exceptional [&hellip;]<\/p>\n","protected":false},"author":1,"featured_media":0,"parent":0,"menu_order":0,"comment_status":"closed","ping_status":"closed","template":"","meta":{"footnotes":""},"class_list":["post-5266","page","type-page","status-publish","hentry","post-no-thumbnail"],"_links":{"self":[{"href":"https:\/\/chaosanlitunbeijing.com\/fr\/wp-json\/wp\/v2\/pages\/5266","targetHints":{"allow":["GET"]}}],"collection":[{"href":"https:\/\/chaosanlitunbeijing.com\/fr\/wp-json\/wp\/v2\/pages"}],"about":[{"href":"https:\/\/chaosanlitunbeijing.com\/fr\/wp-json\/wp\/v2\/types\/page"}],"author":[{"embeddable":true,"href":"https:\/\/chaosanlitunbeijing.com\/fr\/wp-json\/wp\/v2\/users\/1"}],"replies":[{"embeddable":true,"href":"https:\/\/chaosanlitunbeijing.com\/fr\/wp-json\/wp\/v2\/comments?post=5266"}],"version-history":[{"count":0,"href":"https:\/\/chaosanlitunbeijing.com\/fr\/wp-json\/wp\/v2\/pages\/5266\/revisions"}],"wp:attachment":[{"href":"https:\/\/chaosanlitunbeijing.com\/fr\/wp-json\/wp\/v2\/media?parent=5266"}],"curies":[{"name":"wp","href":"https:\/\/api.w.org\/{rel}","templated":true}]}}