{"id":2109,"date":"2021-03-26T08:35:58","date_gmt":"2021-03-26T08:35:58","guid":{"rendered":"http:\/\/localhost\/nuss\/?page_id=536"},"modified":"2025-07-11T08:35:36","modified_gmt":"2025-07-11T08:35:36","slug":"installations-commerciales","status":"publish","type":"page","link":"https:\/\/chaosanlitunbeijing.com\/fr\/installations-commerciales\/","title":{"rendered":"Installations commerciales"},"content":{"rendered":"<div data-elementor-type=\"wp-page\" data-elementor-id=\"2109\" class=\"elementor elementor-2109\">\n\t\t\t\t\t\t<section class=\"elementor-section elementor-top-section elementor-element elementor-element-bb2901b elementor-section-boxed elementor-section-gap-beside-yes elementor-section-height-default elementor-section-height-default elementor-section-column-vertical-align-stretch\" data-id=\"bb2901b\" data-element_type=\"section\" data-e-type=\"section\">\n\t\t\t\t\t\t<div class=\"elementor-container elementor-column-gap-extended\">\n\t\t\t\t\t<div class=\"elementor-column elementor-col-100 elementor-top-column elementor-element elementor-element-1919db9\" data-id=\"1919db9\" data-element_type=\"column\" data-e-type=\"column\">\n\t\t\t<div class=\"elementor-widget-wrap elementor-element-populated\">\n\t\t\t\t\t\t<div class=\"elementor-element elementor-element-41a7b9c elementor-widget__width-initial elementor-invisible elementor-widget elementor-widget-text-editor\" data-id=\"41a7b9c\" data-element_type=\"widget\" data-e-type=\"widget\" data-settings=\"{&quot;_animation&quot;:&quot;nussFadeInUp&quot;}\" data-widget_type=\"text-editor.default\">\n\t\t\t\t\t\t\t\t\tChao Hotel Sanlitun \u2013 Des installations d&#039;affaires haut de gamme au c\u0153ur du quartier des ambassades de P\u00e9kin  \t\t\t\t\t\t\t\t<\/div>\n\t\t\t\t<div class=\"elementor-element elementor-element-9ef9192 elementor-widget elementor-widget-text-editor\" data-id=\"9ef9192\" data-element_type=\"widget\" data-e-type=\"widget\" data-widget_type=\"text-editor.default\">\n\t\t\t\t\t\t\t\t\t<p>Pour les professionnels et les voyageurs d&#039;affaires en visite \u00e0 P\u00e9kin, <strong>Chao Hotel Sanlitun <\/strong> se distingue comme une destination de choix alliant harmonieusement luxe moderne et infrastructures d&#039;affaires performantes. Situ\u00e9 \u00e0 <strong>4 Gongrentiyuchang E Rd, \u4f7f\u9986\u533a (quartier des ambassades), Chaoyang, P\u00e9kin, Chine (100027) <\/strong>, cet h\u00f4tel de luxe de style boutique est id\u00e9alement situ\u00e9 \u00e0 proximit\u00e9 des principales missions diplomatiques, des multinationales et de l&#039;animation <strong>Quartier central des affaires de P\u00e9kin (CBD) <\/strong>\u2014ce qui en fait l\u2019un des h\u00e9bergements les plus strat\u00e9giques et les plus sophistiqu\u00e9s pour les voyageurs d\u2019affaires.<\/p><p data-spm-anchor-id=\"a2ty_o01.29997173.0.i51.54d8c921QBSS7F\">Au Chao Hotel Sanlitun, chaque d\u00e9tail a \u00e9t\u00e9 soigneusement pens\u00e9 pour favoriser la productivit\u00e9, l&#039;efficacit\u00e9 et le confort. Que vous participiez \u00e0 une r\u00e9union de conseil d&#039;administration importante, organisiez un \u00e9v\u00e9nement de r\u00e9seautage priv\u00e9 ou que vous consultiez simplement vos e-mails pendant une escale, notre <strong>des installations commerciales de pointe <\/strong> assurez-vous que vos besoins professionnels soient satisfaits avec pr\u00e9cision et \u00e9l\u00e9gance.<\/p>\t\t\t\t\t\t\t\t<\/div>\n\t\t\t\t<div class=\"elementor-element elementor-element-516dbab elementor-widget elementor-widget-image\" data-id=\"516dbab\" data-element_type=\"widget\" data-e-type=\"widget\" data-widget_type=\"image.default\">\n\t\t\t\t\t\t\t\t\t\t\t\t\t\t\t<img fetchpriority=\"high\" decoding=\"async\" width=\"1024\" height=\"752\" src=\"https:\/\/chaosanlitunbeijing.com\/wp-content\/uploads\/2025\/07\/chao-sanlitun-beijing-hotel-13-1024x752.webp\" class=\"attachment-large size-large wp-image-5579\" alt=\"\" srcset=\"https:\/\/chaosanlitunbeijing.com\/wp-content\/uploads\/2025\/07\/chao-sanlitun-beijing-hotel-13-1024x752.webp 1024w, https:\/\/chaosanlitunbeijing.com\/wp-content\/uploads\/2025\/07\/chao-sanlitun-beijing-hotel-13-300x220.webp 300w, https:\/\/chaosanlitunbeijing.com\/wp-content\/uploads\/2025\/07\/chao-sanlitun-beijing-hotel-13-768x564.webp 768w, https:\/\/chaosanlitunbeijing.com\/wp-content\/uploads\/2025\/07\/chao-sanlitun-beijing-hotel-13.webp 1161w\" sizes=\"(max-width: 1024px) 100vw, 1024px\" \/>\t\t\t\t\t\t\t\t\t\t\t\t\t\t\t<\/div>\n\t\t\t\t\t<\/div>\n\t\t<\/div>\n\t\t\t\t\t<\/div>\n\t\t<\/section>\n\t\t<div class=\"elementor-element elementor-element-3281f18 e-flex e-con-boxed e-con e-parent\" data-id=\"3281f18\" data-element_type=\"container\" data-e-type=\"container\">\n\t\t\t\t\t<div class=\"e-con-inner\">\n\t\t\t\t<div class=\"elementor-element elementor-element-b750e02 elementor-widget elementor-widget-text-editor\" data-id=\"b750e02\" data-element_type=\"widget\" data-e-type=\"widget\" data-widget_type=\"text-editor.default\">\n\t\t\t\t\t\t\t\t\t<h2 data-spm-anchor-id=\"a2ty_o01.29997173.0.i56.54d8c921QBSS7F\">\ud83e\udded Emplacement strat\u00e9gique pour les diplomates, les cadres et les voyageurs internationaux<\/h2><p data-spm-anchor-id=\"a2ty_o01.29997173.0.i55.54d8c921QBSS7F\">Nich\u00e9 au sein du prestigieux <strong>Quartier des ambassades <\/strong>Le Chao Hotel Sanlitun offre un acc\u00e8s privil\u00e9gi\u00e9 aux ambassades \u00e9trang\u00e8res, aux administrations publiques et aux entreprises internationales. Sa proximit\u00e9 avec des sites embl\u00e9matiques tels que le <strong>Si\u00e8ge de la vid\u00e9osurveillance <\/strong>, <strong>Raffles City <\/strong>, et <strong>Le lieu <\/strong> Le complexe commercial permet aux clients de naviguer facilement entre les r\u00e9unions, les visites clients et les \u00e9v\u00e9nements du secteur.<\/p><p>Cet emplacement central en fait un choix id\u00e9al non seulement pour les cadres internationaux mais aussi pour les diplomates, les journalistes, les consultants et les travailleurs \u00e0 distance \u00e0 la recherche d&#039;un environnement calme mais connect\u00e9 dans l&#039;un des quartiers les plus influents de P\u00e9kin.<\/p><div class=\"py-2 my-3\"><hr \/><\/div><h2>\ud83c\udfe2 Espaces de r\u00e9union et de conf\u00e9rence complets<\/h2><p>Le Chao Hotel Sanlitun propose une gamme de <strong>salles de r\u00e9union et espaces de coworking <\/strong> Con\u00e7u pour accueillir aussi bien des discussions en petits groupes que des pr\u00e9sentations plus larges. Chaque salle est \u00e9quip\u00e9e\u00a0:<\/p><ul><li><strong>Wi-Fi haut d\u00e9bit <\/strong> et connectivit\u00e9 Internet par fibre optique<\/li><li><strong>Syst\u00e8mes de vid\u00e9oconf\u00e9rence HD <\/strong><\/li><li><strong>Projecteurs LCD et \u00e9crans LED <\/strong><\/li><li><strong>Murs insonoris\u00e9s <\/strong> pour la confidentialit\u00e9 et la concentration<\/li><li><strong>\u00c9clairage et climatisation r\u00e9glables <\/strong><\/li><li><strong>Dispositions ergonomiques des si\u00e8ges <\/strong><\/li><li><strong>Tableaux blancs, tableaux \u00e0 feuilles mobiles et outils de pr\u00e9sentation <\/strong><\/li><\/ul><p>Ces espaces flexibles sont parfaits pour :<\/p><ul><li>R\u00e9unions d&#039;\u00e9quipe d&#039;entreprise<\/li><li>S\u00e9ances de pr\u00e9sentation aux investisseurs<\/li><li>Points de presse<\/li><li>Lancements de produits<\/li><li>Ateliers de formation<\/li><li>D\u00e9jeuners ou d\u00eeners priv\u00e9s<\/li><\/ul><p>Notre \u00e9quipe d\u00e9di\u00e9e <strong>\u00e9quipe de planification d&#039;\u00e9v\u00e9nements <\/strong> est disponible pour vous aider avec l&#039;installation, les services de restauration, le support audiovisuel et l&#039;assistance technique en temps r\u00e9el, garantissant ainsi le bon d\u00e9roulement de votre \u00e9v\u00e9nement du d\u00e9but \u00e0 la fin.<\/p><div class=\"py-2 my-3\"><hr \/><\/div><h2>\ud83d\udcbc Centre d&#039;affaires et postes de travail sur place<\/h2><p>Pour les professionnels ind\u00e9pendants et les voyageurs en solo, le Chao Hotel Sanlitun propose un <strong>centre d&#039;affaires enti\u00e8rement \u00e9quip\u00e9 <\/strong> mettant en vedette :<\/p><ul><li>Internet haut d\u00e9bit filaire et sans fil<\/li><li>Ordinateurs de bureau avec la suite Microsoft Office<\/li><li>Services d&#039;impression, de num\u00e9risation, de copie et de t\u00e9l\u00e9copie<\/li><li>Bornes de recharge et prises de courant universelles<\/li><li>Des espaces de travail priv\u00e9s pour des t\u00e2ches cibl\u00e9es<\/li><\/ul><p>Que vous ayez besoin d&#039;imprimer des cartes d&#039;embarquement, de num\u00e9riser des documents ou de pr\u00e9parer des rapports num\u00e9riques, le centre d&#039;affaires offre tout le n\u00e9cessaire pour des op\u00e9rations quotidiennes fluides.<\/p><div class=\"py-2 my-3\"><hr \/><\/div><h2>\ud83d\udcf6 Technologie avanc\u00e9e pour les professionnels modernes<\/h2><p>Dans le monde tr\u00e9pidant d&#039;aujourd&#039;hui, une connectivit\u00e9 fiable et des infrastructures intelligentes sont essentielles. C&#039;est pourquoi toutes les chambres et les espaces communs du Chao Hotel Sanlitun sont \u00e9quip\u00e9s\u00a0:<\/p><ul><li><strong>Wi-Fi ultra-rapide gratuit <\/strong> (avec des options de bande passante premium)<\/li><li><strong>Commandes de pi\u00e8ce intelligentes <\/strong> via l&#039;int\u00e9gration d&#039;applications mobiles<\/li><li><strong>Ports de charge USB-C et USB-A <\/strong> aux bureaux et aux tables de chevet<\/li><li><strong>Haut-parleurs compatibles Bluetooth <\/strong> dans certaines cat\u00e9gories de chambres<\/li><li><strong>Stations d&#039;accueil int\u00e9gr\u00e9es <\/strong> pour ordinateurs portables et tablettes<\/li><\/ul><p>Les clients peuvent profiter d&#039;appels vid\u00e9o ininterrompus, d&#039;un acc\u00e8s cloud s\u00e9curis\u00e9 et d&#039;un multit\u00e2che efficace, le tout sans compromettre le confort ou le style.<\/p><div class=\"py-2 my-3\"><hr \/><\/div><h2>\ud83d\udecb\ufe0f Salons ex\u00e9cutifs et centres de r\u00e9seautage<\/h2><p>Au-del\u00e0 des environnements de bureau traditionnels, le Chao Hotel Sanlitun favorise la collaboration gr\u00e2ce \u00e0 son style \u00e9l\u00e9gant <strong>salons de coworking et salons ex\u00e9cutifs <\/strong>, alliant fonctionnalit\u00e9 et design contemporain. Ces espaces offrent\u00a0:<\/p><ul><li>Chaises longues confortables et si\u00e8ges modulables<\/li><li>Des coins tranquilles pour lire ou r\u00e9fl\u00e9chir<\/li><li>Bars \u00e0 caf\u00e9 de style barista et rafra\u00eechissements l\u00e9gers<\/li><li>Listes de lecture organis\u00e9es et \u00e9clairage d&#039;ambiance<\/li><li>Transitions fluides entre travail et d\u00e9tente<\/li><\/ul><p>Id\u00e9als pour des rencontres d&#039;affaires informelles, des s\u00e9ances de brainstorming cr\u00e9atives ou une d\u00e9compression apr\u00e8s une r\u00e9union, ces espaces offrent une alternative rafra\u00eechissante aux salles de r\u00e9union conventionnelles.<\/p><div class=\"py-2 my-3\"><hr \/><\/div><h2>\ud83d\udcde Services de conciergerie et de secr\u00e9tariat personnalis\u00e9s<\/h2><p>Pour am\u00e9liorer encore votre exp\u00e9rience, le Chao Hotel Sanlitun vous propose <strong>services de conciergerie et de secr\u00e9tariat personnalis\u00e9s <\/strong>, y compris:<\/p><ul><li>Prise de rendez-vous et gestion du calendrier<\/li><li>Assistance en interpr\u00e9tation et traduction linguistiques<\/li><li>Pr\u00e9paration et \u00e9dition de documents<\/li><li>Services de messagerie locaux<\/li><li>Assistance en mati\u00e8re de visas et de conseils aux voyageurs<\/li><\/ul><p>Notre personnel multilingue est form\u00e9 pour anticiper vos besoins, garantissant que votre s\u00e9jour \u00e0 P\u00e9kin se d\u00e9roule de mani\u00e8re efficace et confortable.<\/p><div class=\"py-2 my-3\"><hr \/><\/div><p data-spm-anchor-id=\"a2ty_o01.29997173.0.i57.54d8c921QBSS7F\">\u00a0<\/p>\t\t\t\t\t\t\t\t<\/div>\n\t\t\t\t\t<\/div>\n\t\t\t\t<\/div>\n\t\t<div class=\"elementor-element elementor-element-dd941f2 e-flex e-con-boxed e-con e-parent\" data-id=\"dd941f2\" data-element_type=\"container\" data-e-type=\"container\">\n\t\t\t\t\t<div class=\"e-con-inner\">\n\t\t\t\t<div class=\"elementor-element elementor-element-a9b867a elementor-widget elementor-widget-image\" data-id=\"a9b867a\" data-element_type=\"widget\" data-e-type=\"widget\" data-widget_type=\"image.default\">\n\t\t\t\t\t\t\t\t\t\t\t\t\t\t\t<img decoding=\"async\" width=\"1024\" height=\"682\" src=\"https:\/\/chaosanlitunbeijing.com\/wp-content\/uploads\/2025\/07\/chao-sanlitun-beijing-hotel-10-1024x682.webp\" class=\"attachment-large size-large wp-image-5576\" alt=\"\" srcset=\"https:\/\/chaosanlitunbeijing.com\/wp-content\/uploads\/2025\/07\/chao-sanlitun-beijing-hotel-10-1024x682.webp 1024w, https:\/\/chaosanlitunbeijing.com\/wp-content\/uploads\/2025\/07\/chao-sanlitun-beijing-hotel-10-300x200.webp 300w, https:\/\/chaosanlitunbeijing.com\/wp-content\/uploads\/2025\/07\/chao-sanlitun-beijing-hotel-10-768x512.webp 768w, https:\/\/chaosanlitunbeijing.com\/wp-content\/uploads\/2025\/07\/chao-sanlitun-beijing-hotel-10.webp 1280w\" sizes=\"(max-width: 1024px) 100vw, 1024px\" \/>\t\t\t\t\t\t\t\t\t\t\t\t\t\t\t<\/div>\n\t\t\t\t\t<\/div>\n\t\t\t\t<\/div>\n\t\t<div class=\"elementor-element elementor-element-b3807d4 e-flex e-con-boxed e-con e-parent\" data-id=\"b3807d4\" data-element_type=\"container\" data-e-type=\"container\">\n\t\t\t\t\t<div class=\"e-con-inner\">\n\t\t\t\t<div class=\"elementor-element elementor-element-646ee35 elementor-widget elementor-widget-text-editor\" data-id=\"646ee35\" data-element_type=\"widget\" data-e-type=\"widget\" data-widget_type=\"text-editor.default\">\n\t\t\t\t\t\t\t\t\t<h2>\ud83c\udfaf Pourquoi choisir Chao Hotel Sanlitun pour les affaires ?<\/h2><p>Voici ce qui nous distingue en tant qu&#039;h\u00e9bergement d&#039;affaires privil\u00e9gi\u00e9 \u00e0 P\u00e9kin :<\/p><p>\u2705 <strong>Emplacement strat\u00e9gique <\/strong> au c\u0153ur du quartier des ambassades<br \/>\u2705 <strong>Lieux de r\u00e9union flexibles <\/strong> avec une technologie de pointe<br \/>\u2705 <strong>Centre d&#039;affaires d\u00e9di\u00e9 <\/strong> avec des \u00e9quipements de bureau complets<br \/>\u2705 <strong>Connectivit\u00e9 num\u00e9rique transparente <\/strong> \u00e0 travers la propri\u00e9t\u00e9<br \/>\u2705 <strong>Chambres confortables et \u00e9quip\u00e9es de technologies int\u00e9gr\u00e9es <\/strong> pour le travail \u00e0 distance<br \/>\u2705 <strong>Services de conciergerie professionnelle et de soutien aux \u00e9v\u00e9nements <\/strong><br \/>\u2705 <strong>Proximit\u00e9 des restaurants, des divertissements et des opportunit\u00e9s de r\u00e9seautage de Sanlitun <\/strong><\/p><div class=\"py-2 my-3\"><hr \/><\/div><h2>\u2728 Un m\u00e9lange harmonieux de travail et de style de vie<\/h2><p>Si le Chao Hotel Sanlitun excelle dans la fourniture d&#039;infrastructures d&#039;affaires haut de gamme, il comprend \u00e9galement l&#039;importance de l&#039;\u00e9quilibre. Apr\u00e8s une longue journ\u00e9e de r\u00e9unions, les clients peuvent se d\u00e9tendre au <strong>bar sur le toit <\/strong>, savourez un repas gastronomique au <strong>restaurant sur place <\/strong>, ou profiter de la <strong>centre de fitness ouvert 24h\/24 <\/strong>.<\/p><p data-spm-anchor-id=\"a2ty_o01.29997173.0.i57.54d8c921QBSS7F\">Cette combinaison unique de <strong>des installations am\u00e9liorant la productivit\u00e9 et un confort ax\u00e9 sur le style de vie <\/strong> fait du Chao Hotel Sanlitun plus qu&#039;un simple lieu de s\u00e9jour : c&#039;est une destination o\u00f9 les affaires prosp\u00e8rent et o\u00f9 les professionnels se sentent vraiment chez eux.<\/p>\t\t\t\t\t\t\t\t<\/div>\n\t\t\t\t\t<\/div>\n\t\t\t\t<\/div>\n\t\t\t\t<\/div>","protected":false},"excerpt":{"rendered":"<p>Chao Hotel Sanlitun \u2013 Premium Business Facilities in the Heart of Beijing\u2019s Embassy District For professionals and corporate travelers visiting Beijing, Chao Hotel Sanlitun stands out as a premier destination that seamlessly blends modern luxury with high-performance business infrastructure. Located at 4 Gongrentiyuchang E Rd, \u4f7f\u9986\u533a (Embassy District), Chaoyang, Beijing, China (100027) , this boutique-style [&hellip;]<\/p>\n","protected":false},"author":1,"featured_media":0,"parent":0,"menu_order":0,"comment_status":"closed","ping_status":"closed","template":"elementor_header_footer","meta":{"footnotes":""},"class_list":["post-2109","page","type-page","status-publish","hentry","post-no-thumbnail"],"_links":{"self":[{"href":"https:\/\/chaosanlitunbeijing.com\/fr\/wp-json\/wp\/v2\/pages\/2109","targetHints":{"allow":["GET"]}}],"collection":[{"href":"https:\/\/chaosanlitunbeijing.com\/fr\/wp-json\/wp\/v2\/pages"}],"about":[{"href":"https:\/\/chaosanlitunbeijing.com\/fr\/wp-json\/wp\/v2\/types\/page"}],"author":[{"embeddable":true,"href":"https:\/\/chaosanlitunbeijing.com\/fr\/wp-json\/wp\/v2\/users\/1"}],"replies":[{"embeddable":true,"href":"https:\/\/chaosanlitunbeijing.com\/fr\/wp-json\/wp\/v2\/comments?post=2109"}],"version-history":[{"count":0,"href":"https:\/\/chaosanlitunbeijing.com\/fr\/wp-json\/wp\/v2\/pages\/2109\/revisions"}],"wp:attachment":[{"href":"https:\/\/chaosanlitunbeijing.com\/fr\/wp-json\/wp\/v2\/media?parent=2109"}],"curies":[{"name":"wp","href":"https:\/\/api.w.org\/{rel}","templated":true}]}}