{"id":2106,"date":"2021-03-25T04:08:26","date_gmt":"2021-03-25T04:08:26","guid":{"rendered":"http:\/\/localhost\/nuss\/?page_id=298"},"modified":"2025-12-04T08:59:57","modified_gmt":"2025-12-04T08:59:57","slug":"experiences","status":"publish","type":"page","link":"https:\/\/chaosanlitunbeijing.com\/fr\/experiences\/","title":{"rendered":"Exp\u00e9riences et avis clients"},"content":{"rendered":"<div data-elementor-type=\"wp-page\" data-elementor-id=\"2106\" class=\"elementor elementor-2106\">\n\t\t\t\t\t\t<section class=\"elementor-section elementor-top-section elementor-element elementor-element-1954ffc elementor-section-boxed elementor-section-gap-beside-yes elementor-section-height-default elementor-section-height-default elementor-section-column-vertical-align-stretch\" data-id=\"1954ffc\" data-element_type=\"section\" data-e-type=\"section\">\n\t\t\t\t\t\t<div class=\"elementor-container elementor-column-gap-extended\">\n\t\t\t\t\t<div class=\"elementor-column elementor-col-100 elementor-top-column elementor-element elementor-element-86aebc5\" data-id=\"86aebc5\" data-element_type=\"column\" data-e-type=\"column\">\n\t\t\t<div class=\"elementor-widget-wrap elementor-element-populated\">\n\t\t\t\t\t\t<div class=\"elementor-element elementor-element-11803d1 elementor-widget__width-initial elementor-invisible elementor-widget elementor-widget-text-editor\" data-id=\"11803d1\" data-element_type=\"widget\" data-e-type=\"widget\" data-settings=\"{&quot;_animation&quot;:&quot;nussFadeInUp&quot;}\" data-widget_type=\"text-editor.default\">\n\t\t\t\t\t\t\t\t\tChao Hotel Sanlitun \u2013 Exp\u00e9riences et avis clients exceptionnels  \t\t\t\t\t\t\t\t<\/div>\n\t\t\t\t\t<\/div>\n\t\t<\/div>\n\t\t\t\t\t<\/div>\n\t\t<\/section>\n\t\t<div class=\"elementor-element elementor-element-b3eb26f e-flex e-con-boxed e-con e-parent\" data-id=\"b3eb26f\" data-element_type=\"container\" data-e-type=\"container\">\n\t\t\t\t\t<div class=\"e-con-inner\">\n\t\t\t\t<div class=\"elementor-element elementor-element-a442d60 elementor-widget elementor-widget-text-editor\" data-id=\"a442d60\" data-element_type=\"widget\" data-e-type=\"widget\" data-widget_type=\"text-editor.default\">\n\t\t\t\t\t\t\t\t\t<p data-spm-anchor-id=\"a2ty_o01.29997173.0.i38.54d8c921QBSS7F\">Lorsqu&#039;il s&#039;agit de choisir l&#039;h\u00f4tel id\u00e9al \u00e0 P\u00e9kin, <strong>Chao Hotel Sanlitun <\/strong> se distingue non seulement par son emplacement privil\u00e9gi\u00e9 et son design moderne, mais aussi par son excellence constante <strong>avis clients <\/strong> sur les principales plateformes de voyage comme <strong>TripAdvisor <\/strong>, <strong>Booking.com <\/strong>, et <strong>Expedia <\/strong>. Situ\u00e9 \u00e0 <strong>4 Gongrentiyuchang E Rd dans le prestigieux \u4f7f\u9986\u533a (quartier des ambassades) de Chaoyang <\/strong>, cet h\u00f4tel de luxe de style boutique est devenu un favori parmi les voyageurs internationaux et les professionnels locaux \u00e0 la recherche de confort, de style et d&#039;un service exceptionnel.<\/p><p data-spm-anchor-id=\"a2ty_o01.29997173.0.i37.54d8c921QBSS7F\">Mais ne vous contentez pas de nous croire sur parole : laissez les voix de vrais clients raconter l&#039;histoire de ce qui fait du Chao Hotel Sanlitun l&#039;un des h\u00e9bergements les mieux not\u00e9s de P\u00e9kin.<\/p><div class=\"py-2 my-3\"><hr \/><\/div><h2 data-spm-anchor-id=\"a2ty_o01.29997173.0.i35.54d8c921QBSS7F\">\ud83c\udf1f Avis de voyageurs\u00a0: ce que disent les clients<\/h2><h3>\u2705 <strong>Avis TripAdvisor\u00a0: un choix constant <\/strong><\/h3><p>Avec une note impressionnante sur <strong>TripAdvisor <\/strong>Le Chao Hotel Sanlitun est lou\u00e9 pour son <strong>attention aux d\u00e9tails, int\u00e9rieurs \u00e9l\u00e9gants et personnel sympathique <\/strong>Les voyageurs soulignent fr\u00e9quemment le m\u00e9lange unique de <strong>\u00e9l\u00e9gance contemporaine et commodit\u00e9 urbaine <\/strong>, ce qui le rend id\u00e9al pour les s\u00e9jours d&#039;affaires et de loisirs.<\/p><blockquote><p><em>\u00ab Un joyau cach\u00e9 dans le quartier des ambassades ! La chambre \u00e9tait magnifiquement d\u00e9cor\u00e9e, avec des touches modernes et incroyablement confortable. Le personnel \u00e9tait chaleureux et attentionn\u00e9, se surpassant pour que nous ayons tout ce dont nous avions besoin. \u00bb <\/em><br \/>\u2014 <strong>@TravelingArchitect, avis TripAdvisor <\/strong><\/p><\/blockquote><p>Les clients appr\u00e9cient \u00e9galement le <strong>emplacement strat\u00e9gique <\/strong>, offrant un acc\u00e8s facile \u00e0 la vie nocturne anim\u00e9e de Sanlitun, aux centres commerciaux haut de gamme comme <strong>Le lieu <\/strong>, et des p\u00f4les diplomatiques et commerciaux majeurs tels que le <strong>Si\u00e8ge de la vid\u00e9osurveillance <\/strong> et <strong>Quartier central des affaires de P\u00e9kin <\/strong>.<\/p><blockquote><p><em>\u00ab Id\u00e9alement situ\u00e9 \u00e0 proximit\u00e9 des ambassades et \u00e0 quelques pas de bons restaurants et bars. Nous avons appr\u00e9ci\u00e9 le calme et la tranquillit\u00e9 des chambres malgr\u00e9 leur emplacement central. \u00bb <\/em><br \/>\u2014 <strong>@GlobalConsultant, avis TripAdvisor <\/strong><\/p><\/blockquote><div class=\"py-2 my-3\"><hr \/><\/div><h3>\u2705 <strong>Avis sur Trip.com et Expedia\u00a0: notes \u00e9lev\u00e9es pour le confort et le service <\/strong><\/h3><p>Sur <strong>Trip.com <\/strong>, Le Chao Hotel Sanlitun b\u00e9n\u00e9ficie d&#039;un <strong>superbe score invit\u00e9 <\/strong>, avec de nombreux critiques faisant l&#039;\u00e9loge du <strong>propret\u00e9, confort et technologie de pointe <\/strong> pr\u00e9sentes dans chaque chambre. L&#039;h\u00f4tel <strong>espaces de travail ergonomiques, Wi-Fi rapide et literie haut de gamme <\/strong> sont particuli\u00e8rement appr\u00e9ci\u00e9s des voyageurs d&#039;affaires.<\/p><blockquote><p><em>J&#039;ai s\u00e9journ\u00e9 ici pendant une semaine lors d&#039;un voyage d&#039;affaires et je n&#039;aurais pas pu r\u00eaver mieux. La chambre \u00e9tait \u00e9l\u00e9gante, le lit super confortable et le buffet du petit-d\u00e9jeuner proposait de quoi satisfaire tout le monde, des plats chinois traditionnels aux sp\u00e9cialit\u00e9s occidentales. <\/em><br \/>\u2014 <strong>@BusinessTraveler2025, avis sur Trip.com <\/strong><\/p><\/blockquote><p>De nombreux invit\u00e9s commentent \u00e9galement le <strong>offres culinaires <\/strong>, notant que le restaurant sur place de l&#039;h\u00f4tel sert <strong>certains des meilleurs petits d\u00e9jeuners et cocktails du quartier <\/strong>.<\/p><blockquote><p><em>Le bar sur le toit offre une vue imprenable et une ambiance d\u00e9contract\u00e9e. C&#039;est l&#039;endroit id\u00e9al pour se d\u00e9tendre apr\u00e8s une longue journ\u00e9e de r\u00e9unions ou de visites. La nourriture \u00e9tait fra\u00eeche et savoureuse\u00a0; je recommande vivement leur brunch dim sum\u00a0! <\/em><br \/>\u2014 <strong>@FoodieInChina, avis Expedia <\/strong><\/p><p>\u00a0<\/p><\/blockquote><div class=\"py-2 my-3\"><hr \/><\/div><h3>\u2705 <strong>Avis Google et Trustpilot\u00a0: \u00e9loges pour l&#039;emplacement et l&#039;ambiance <\/strong><\/h3><p>Le Chao Hotel Sanlitun brille \u00e9galement sur <strong>Avis Google <\/strong> et <strong>Trustpilot <\/strong>, o\u00f9 les anciens invit\u00e9s soulignent le <strong>sophistication urbaine et ambiance tranquille <\/strong> de la propri\u00e9t\u00e9. Que ce soit pour une escapade d&#039;un week-end ou un s\u00e9jour prolong\u00e9, nombreux sont ceux qui appr\u00e9cient la qualit\u00e9 de l&#039;h\u00f4tel. <strong>\u00e9vasion paisible de l&#039;agitation de P\u00e9kin <\/strong>, sans sacrifier la proximit\u00e9 des meilleures attractions de la ville.<\/p><blockquote><p><em>Cet h\u00f4tel ressemble davantage \u00e0 un havre de paix qu&#039;\u00e0 un h\u00f4tel d&#039;affaires classique. La d\u00e9coration est chic, l&#039;\u00e9clairage tamis\u00e9 et les espaces communs si accueillants qu&#039;on ne veut plus jamais repartir\u00a0! <\/em><br \/>\u2014 <strong>@CityExplorer1987, avis Google <\/strong><\/p><\/blockquote><p>D&#039;autres louent le <strong>service personnalis\u00e9 <\/strong>, notant que le personnel se souvient souvent des noms et des pr\u00e9f\u00e9rences, cr\u00e9ant un sentiment de familiarit\u00e9 m\u00eame lors des premi\u00e8res visites.<\/p><blockquote><p><em>De l&#039;arriv\u00e9e au d\u00e9part, le service \u00e9tait impeccable. Tout le monde \u00e9tait souriant, serviable et sinc\u00e8rement soucieux de rendre votre s\u00e9jour inoubliable. Sans aucun doute l&#039;un des h\u00f4tels les plus accueillants o\u00f9 j&#039;ai s\u00e9journ\u00e9 en Chine. <\/em><br \/>\u2014 <strong>@SoloFemaleTraveler, revue Trustpilot <\/strong><\/p><\/blockquote><div class=\"py-2 my-3\"><hr \/><\/div><h2>\ud83c\udfc6 Pourquoi Chao Hotel Sanlitun se d\u00e9marque de ses concurrents<\/h2><p>Bien qu&#039;il existe de nombreux h\u00f4tels haut de gamme dans le district de Chaoyang \u00e0 P\u00e9kin, le Chao Hotel Sanlitun se distingue par :<\/p><ul><li><strong>Design moderne et minimaliste <\/strong> qui allie fonctionnalit\u00e9 et luxe<\/li><li><strong>Emplacement strat\u00e9gique <\/strong> au c\u0153ur du quartier des ambassades, \u00e0 proximit\u00e9 de Sanlitun et du quartier central des affaires de P\u00e9kin<\/li><li><strong>Un service client exceptionnel <\/strong> qui d\u00e9passe constamment les attentes<\/li><li><strong>Des \u00e9quipements de haute qualit\u00e9 <\/strong> comprenant des chambres \u00e0 la pointe de la technologie, des installations de bien-\u00eatre et des restaurants gastronomiques<\/li><li><strong>Des critiques toujours positives <\/strong> dans toutes les principales agences de voyages en ligne (OTA)<\/li><\/ul><p>Que vous planifiez un voyage d&#039;affaires, une escapade romantique ou une aventure culturelle \u00e0 P\u00e9kin, l&#039;\u00e9clat <strong>avis de vrais clients <\/strong> en disent long sur l&#039;exp\u00e9rience qui vous attend au Chao Hotel Sanlitun.<\/p><div class=\"py-2 my-3\"><hr \/><\/div><h2>\ud83d\udcdd R\u00e9flexions finales\u00a0: r\u00e9servez votre s\u00e9jour en vous basant sur les commentaires de vrais voyageurs<\/h2><p>Avant de r\u00e9server votre prochain voyage \u00e0 P\u00e9kin, prenez un moment pour d\u00e9couvrir ce que les voyageurs v\u00e9rifi\u00e9s ont \u00e0 dire sur <strong>Chao Hotel Sanlitun <\/strong> sur des plateformes comme <strong>TripAdvisor <\/strong>, <strong>Booking.com <\/strong>, et <strong>Expedia <\/strong>. Avec son <strong>un design luxueux mais discret, un emplacement pratique et une hospitalit\u00e9 chaleureuse <\/strong>, il n\u2019est pas \u00e9tonnant que les clients reviennent sans cesse et le recommandent \u00e0 d\u2019autres.<\/p><p data-spm-anchor-id=\"a2ty_o01.29997173.0.i39.54d8c921QBSS7F\">D\u00e9couvrez la magie d&#039;un s\u00e9jour dans l&#039;un des h\u00f4tels les plus pris\u00e9s de P\u00e9kin.\u00a0<\/p>\t\t\t\t\t\t\t\t<\/div>\n\t\t\t\t\t<\/div>\n\t\t\t\t<\/div>\n\t\t\t\t<\/div>","protected":false},"excerpt":{"rendered":"<p>Chao Hotel Sanlitun \u2013 Exceptional Guest Experiences &#038; Reviews When it comes to choosing the perfect hotel in Beijing, Chao Hotel Sanlitun stands out not only for its prime location and modern design but also for its consistently outstanding guest reviews across top travel platforms like TripAdvisor , Booking.com , and Expedia . Located at [&hellip;]<\/p>\n","protected":false},"author":1,"featured_media":0,"parent":0,"menu_order":0,"comment_status":"closed","ping_status":"closed","template":"","meta":{"footnotes":""},"class_list":["post-2106","page","type-page","status-publish","hentry","post-no-thumbnail"],"_links":{"self":[{"href":"https:\/\/chaosanlitunbeijing.com\/fr\/wp-json\/wp\/v2\/pages\/2106","targetHints":{"allow":["GET"]}}],"collection":[{"href":"https:\/\/chaosanlitunbeijing.com\/fr\/wp-json\/wp\/v2\/pages"}],"about":[{"href":"https:\/\/chaosanlitunbeijing.com\/fr\/wp-json\/wp\/v2\/types\/page"}],"author":[{"embeddable":true,"href":"https:\/\/chaosanlitunbeijing.com\/fr\/wp-json\/wp\/v2\/users\/1"}],"replies":[{"embeddable":true,"href":"https:\/\/chaosanlitunbeijing.com\/fr\/wp-json\/wp\/v2\/comments?post=2106"}],"version-history":[{"count":0,"href":"https:\/\/chaosanlitunbeijing.com\/fr\/wp-json\/wp\/v2\/pages\/2106\/revisions"}],"wp:attachment":[{"href":"https:\/\/chaosanlitunbeijing.com\/fr\/wp-json\/wp\/v2\/media?parent=2106"}],"curies":[{"name":"wp","href":"https:\/\/api.w.org\/{rel}","templated":true}]}}