{"id":647,"date":"2021-03-29T02:13:52","date_gmt":"2021-03-29T02:13:52","guid":{"rendered":"http:\/\/localhost\/nuss\/?page_id=647"},"modified":"2025-12-04T09:00:44","modified_gmt":"2025-12-04T09:00:44","slug":"servicios","status":"publish","type":"page","link":"https:\/\/chaosanlitunbeijing.com\/es\/servicios\/","title":{"rendered":"Servicios"},"content":{"rendered":"<div data-elementor-type=\"wp-page\" data-elementor-id=\"647\" class=\"elementor elementor-647\">\n\t\t\t\t\t\t<section class=\"elementor-section elementor-top-section elementor-element elementor-element-3353bc8 elementor-section-boxed elementor-section-gap-beside-yes elementor-section-height-default elementor-section-height-default elementor-section-column-vertical-align-stretch\" data-id=\"3353bc8\" data-element_type=\"section\" data-e-type=\"section\">\n\t\t\t\t\t\t<div class=\"elementor-container elementor-column-gap-extended\">\n\t\t\t\t\t<div class=\"elementor-column elementor-col-100 elementor-top-column elementor-element elementor-element-0a2bc64\" data-id=\"0a2bc64\" data-element_type=\"column\" data-e-type=\"column\">\n\t\t\t<div class=\"elementor-widget-wrap elementor-element-populated\">\n\t\t\t\t\t\t<div class=\"elementor-element elementor-element-447e3ef elementor-widget__width-initial elementor-invisible elementor-widget elementor-widget-text-editor\" data-id=\"447e3ef\" data-element_type=\"widget\" data-e-type=\"widget\" data-settings=\"{&quot;_animation&quot;:&quot;nussFadeInUp&quot;}\" data-widget_type=\"text-editor.default\">\n\t\t\t\t\t\t\t\t\t<p>Servicios excepcionales en el Chao Hotel Sanlitun: elevando el arte de la hospitalidad en el distrito de las embajadas de Pek\u00edn<\/p>\t\t\t\t\t\t\t\t<\/div>\n\t\t\t\t\t<\/div>\n\t\t<\/div>\n\t\t\t\t\t<\/div>\n\t\t<\/section>\n\t\t<div class=\"elementor-element elementor-element-b62c3ab e-flex e-con-boxed e-con e-parent\" data-id=\"b62c3ab\" data-element_type=\"container\" data-e-type=\"container\">\n\t\t\t\t\t<div class=\"e-con-inner\">\n\t\t\t\t<div class=\"elementor-element elementor-element-f5c7db4 elementor-widget elementor-widget-text-editor\" data-id=\"f5c7db4\" data-element_type=\"widget\" data-e-type=\"widget\" data-widget_type=\"text-editor.default\">\n\t\t\t\t\t\t\t\t\t<p data-spm-anchor-id=\"a2ty_o01.29997173.0.i98.54d8c921QBSS7F\">En <strong data-spm-anchor-id=\"a2ty_o01.29997173.0.i97.54d8c921QBSS7F\">Chao Hotel Sanlitun <\/strong>, ubicado en <strong>4 Gongrentiyuchang E Rd, \u4f7f\u9986\u533a (Distrito de la Embajada), Chaoyang, Beijing, China, 100027 <\/strong>El servicio es m\u00e1s que una promesa: es una filosof\u00eda. Creemos que la verdadera hospitalidad no solo reside en lo que ofrecemos, sino en c\u00f3mo lo ofrecemos. Cada experiencia de nuestros hu\u00e9spedes est\u00e1 cuidadosamente dise\u00f1ada para reflejar un equilibrio entre lujo moderno, riqueza cultural y atenci\u00f3n personalizada. Ya sea que nos visite por negocios o por placer, nuestros servicios integrales est\u00e1n dise\u00f1ados para que su estancia sea perfecta, memorable y \u00fanica.<\/p><p>Desde su llegada, notar\u00e1 que el Chao Hotel Sanlitun se distingue, no solo por su elegante dise\u00f1o y ubicaci\u00f3n privilegiada, sino tambi\u00e9n por la calidez, precisi\u00f3n y cuidado que caracterizan cada interacci\u00f3n. Nuestro equipo est\u00e1 capacitado para anticipar sus necesidades antes de que las exprese, garantizando que su estancia con nosotros sea tan c\u00f3moda como placentera.<\/p><div class=\"py-2 my-3\"><hr \/><\/div><h2>Llegada y salida: una experiencia perfecta<\/h2><p>Entendemos que viajar puede ser impredecible, por eso nos esforzamos por que su llegada y salida sean lo m\u00e1s fluidas posible. Al registrarse, nuestro personal multiling\u00fce les recibir\u00e1 con un servicio eficiente y un toque personal, ya sea recordando su nombre o record\u00e1ndoles su t\u00e9 favorito.<\/p><ul><li><strong>Check-in temprano y check-out tard\u00edo <\/strong> (sujeto a disponibilidad)<\/li><li><strong>Asistencia con equipaje <\/strong> y almacenamiento seguro antes y despu\u00e9s del check-in<\/li><li><strong>Traslados privados al aeropuerto <\/strong> (disponible a pedido por una tarifa adicional)<\/li><li><strong>Opciones de valet parking y de autoservicio <\/strong> con estacionamiento subterr\u00e1neo seguro<\/li><\/ul><p>Nuestra recepci\u00f3n funciona las 24 horas, los 7 d\u00edas de la semana para garantizar que, sin importar cu\u00e1ndo llegue, sea recibido con profesionalismo y gracia.<\/p><div class=\"py-2 my-3\"><hr \/><\/div><h2>Servicios personalizados para hu\u00e9spedes: superando todas las expectativas<\/h2><p>En Chao Hotel Sanlitun, creemos en brindar un servicio personalizado. Ya sea que se aloje una noche o varias semanas, nuestro equipo de conserjer\u00eda y atenci\u00f3n al cliente est\u00e1 siempre listo para ayudarle:<\/p><h3>\ud83c\udf0d Conserje multiling\u00fce<\/h3><p>Dado que muchos de nuestros hu\u00e9spedes provienen de diferentes partes del mundo, nos enorgullecemos de tener un <strong>equipo de conserjer\u00eda multiling\u00fce <\/strong> Hablamos mandar\u00edn, ingl\u00e9s y otros idiomas principales con fluidez. Desde reservas en restaurantes hasta eventos, asistencia con visas y recomendaciones culturales, nuestro equipo se asegura de que te desplaces por Pek\u00edn con facilidad y confianza.<\/p><h3>\ud83d\udcc5 Planificaci\u00f3n de viajes y eventos<\/h3><p>\u00bfQuieres explorar Pek\u00edn como un aut\u00e9ntico local? \u00bfNecesitas ayuda para organizar un tour privado por la Ciudad Prohibida o conseguir entradas para un espect\u00e1culo cultural? Nuestro... <strong>servicio de planificaci\u00f3n de viajes personalizado <\/strong> Te ayuda a descubrir la ciudad m\u00e1s all\u00e1 de las gu\u00edas.<\/p><p>Los viajeros de negocios tambi\u00e9n se benefician de nuestro apoyo en la organizaci\u00f3n de:<\/p><ul><li>Salas de reuniones y espacios de coworking<\/li><li>Servicios de traducci\u00f3n e interpretaci\u00f3n<\/li><li>Impresi\u00f3n, fax y preparaci\u00f3n de documentos<\/li><li>Servicios de entrega de material de oficina y mensajer\u00eda<\/li><\/ul><h3>\ud83e\uddf8 Solicitudes en la habitaci\u00f3n y ocasiones especiales<\/h3><p>Ya sea que est\u00e9 celebrando un cumplea\u00f1os, un aniversario o cerrando un gran trato, nuestro personal puede organizar:<\/p><ul><li>Arreglos florales y servicio de champ\u00e1n.<\/li><li>Decoraciones de habitaciones personalizadas<\/li><li>Experiencias gastron\u00f3micas privadas en la habitaci\u00f3n o en nuestros salones VIP<\/li><li>Regalos sorpresa y atenciones de bienvenida<\/li><\/ul><p>Lo \u00fanico que usted tiene que hacer es preguntar: nosotros nos encargamos del resto.<\/p><div class=\"py-2 my-3\"><hr \/><\/div><h2>Servicios de habitaciones y suites: dise\u00f1ados para la comodidad y conveniencia<\/h2><p>Todas las habitaciones y suites del Chao Hotel Sanlitun est\u00e1n equipadas con caracter\u00edsticas que mejoran tanto la productividad como la relajaci\u00f3n. Nuestros servicios van m\u00e1s all\u00e1 del espacio f\u00edsico para garantizar su comodidad durante toda su estancia.<\/p><h3>\ud83d\udecb\ufe0f Limpieza y mantenimiento<\/h3><p>El servicio de limpieza diario garantiza que su habitaci\u00f3n permanezca impecable y bien abastecida. Si necesita algo, desde almohadas adicionales hasta reparaciones urgentes, nuestros equipos de mantenimiento y limpieza le responder\u00e1n con prontitud y discreci\u00f3n.<\/p><h3>\ud83d\udd0c Salas con tecnolog\u00eda integrada<\/h3><p>Cada habitaci\u00f3n cuenta con:<\/p><ul><li><strong>Wi-Fi de alta velocidad <\/strong> con opciones de ancho de banda premium<\/li><li><strong>Paneles de control inteligentes <\/strong> Para iluminaci\u00f3n, temperatura y cortinas.<\/li><li><strong>Puertos de carga USB-C y USB-A <\/strong><\/li><li><strong>Altavoces con Bluetooth <\/strong> y tecnolog\u00eda de cancelaci\u00f3n de ruido<\/li><\/ul><p>Perfecto para n\u00f3madas digitales, trabajadores remotos y viajeros frecuentes que exigen una conectividad perfecta y una integraci\u00f3n tecnol\u00f3gica intuitiva.<\/p><h3>\ud83e\uddfc Lavander\u00eda y tintorer\u00eda<\/h3><p>Se ofrece servicio de lavander\u00eda expr\u00e9s gratuito para art\u00edculos seleccionados, con servicio de limpieza en seco completo por un cargo adicional. Los pedidos realizados a primera hora de la ma\u00f1ana suelen poder devolverse el mismo d\u00eda.<\/p><div class=\"py-2 my-3\"><hr \/><\/div><h2>Servicios Culinarios: Desde el Caf\u00e9 de la Ma\u00f1ana hasta la Cena Gourmet<\/h2><p>La comida juega un papel central en la experiencia de nuestros hu\u00e9spedes y nuestros servicios culinarios est\u00e1n dise\u00f1ados para deleitar incluso a los paladares m\u00e1s exigentes.<\/p><h3>\u2615 Servicio de comidas en la habitaci\u00f3n<\/h3><p>Disponible las 24 horas del d\u00eda, nuestro <strong>men\u00fa del servicio de habitaciones <\/strong> Incluye desde refrigerios ligeros y comidas saludables hasta platos principales y postres contundentes. Los hu\u00e9spedes pueden hacer sus pedidos a trav\u00e9s de la tableta o la aplicaci\u00f3n de la habitaci\u00f3n, con entrega en 30 minutos.<\/p><h3>\ud83e\udd58 Servicios de restaurante y bar<\/h3><p>Nuestro restaurante de autor ofrece:<\/p><ul><li><strong>Desayuno buffet <\/strong> con especialidades chinas y occidentales<\/li><li><strong>Men\u00fas a la carta para almuerzo y cena. <\/strong> con cambios estacionales<\/li><li><strong>Bar en la azotea <\/strong> Sirviendo c\u00f3cteles artesanales, vinos finos y vistas panor\u00e1micas.<\/li><\/ul><p>El restaurante tambi\u00e9n acoge <strong>Cenas tem\u00e1ticas semanales, catas de vino y noches de m\u00fasica en vivo. <\/strong>, creando un ambiente social vibrante tanto para los hu\u00e9spedes del hotel como para los clientes locales.<\/p><h3>\ud83c\udf89 Cenas privadas y catering<\/h3><p>Para celebraciones \u00edntimas o eventos empresariales exclusivos, ofrecemos <strong>Comedores semiprivados y totalmente privados <\/strong> Con men\u00fas personalizados y un servicio personalizado. Tambi\u00e9n ofrecemos servicios de catering corporativo para reuniones y conferencias celebradas en el hotel.<\/p><div class=\"py-2 my-3\"><hr \/><\/div><h2>Servicios empresariales y de conferencias: apoyando la excelencia profesional<\/h2><p>Como destino preferido de profesionales y diplom\u00e1ticos internacionales, Chao Hotel Sanlitun ofrece servicios comerciales integrales para apoyar la productividad y la colaboraci\u00f3n.<\/p><h3>\ud83d\udce2 Instalaciones para reuniones y eventos<\/h3><p>Nuestro hotel cuenta con m\u00faltiples <strong>Salas de reuniones, salas de juntas y salones de coworking <\/strong>, cada uno equipado con:<\/p><ul><li>Internet de alta velocidad<\/li><li>Proyectores inteligentes y pantallas LED<\/li><li>Paredes insonorizadas<\/li><li>Controles de iluminaci\u00f3n y climatizaci\u00f3n ajustables.<\/li><\/ul><p>Estos lugares son ideales para reuniones de grupos peque\u00f1os, conferencias de prensa, sesiones de capacitaci\u00f3n y eventos de networking.<\/p><h3>\ud83d\udda8\ufe0f Centro de negocios<\/h3><p>Un dispositivo completamente funcional <strong>centro de negocios <\/strong> Est\u00e1 disponible para viajeros independientes que necesitan:<\/p><ul><li>Estaciones de computadora con suite Microsoft Office<\/li><li>Impresi\u00f3n, escaneo, copia y fax<\/li><li>Estaciones de carga y enchufes universales<\/li><li>Apoyo secretarial a solicitud<\/li><\/ul><p>Nuestro personal puede ayudarle a preparar documentos, enviar correos electr\u00f3nicos o gestionar necesidades de impresi\u00f3n urgentes.<\/p><div class=\"py-2 my-3\"><hr \/><\/div><h2>Servicios de bienestar y ocio: Recarga tu cuerpo y mente<\/h2><p>Si bien el trabajo puede traerlo a Beijing, nuestros servicios de bienestar garantizar\u00e1n que no se olvide de cuidarse a lo largo del camino.<\/p><h3>\ud83c\udfc3\u200d\u2642\ufe0f Gimnasio<\/h3><p>Abierto 24\/7, nuestro <strong>gimnasio de \u00faltima generaci\u00f3n <\/strong> caracter\u00edsticas:<\/p><ul><li>Cintas de correr, el\u00edpticas y bicicletas est\u00e1ticas<\/li><li>Pesas libres y bandas de resistencia<\/li><li>Colchonetas de yoga y zonas de estiramiento<\/li><li>Espejos inteligentes y sistemas de gu\u00eda de audio<\/li><\/ul><p>Ya sea que sea un \u00e1vido asistente al gimnasio o simplemente busque estirarse despu\u00e9s de un largo vuelo, nuestro gimnasio respalda sus objetivos de salud.<\/p><h3>\ud83e\uddd6\u200d\u2642\ufe0f Servicios de spa y masajes<\/h3><p>Aunque actualmente nos asociamos con centros de bienestar cercanos, los hu\u00e9spedes pueden reservar f\u00e1cilmente <strong>masajes terap\u00e9uticos, tratamientos faciales y terapias corporales <\/strong> A trav\u00e9s de nuestro servicio de conserjer\u00eda. Estos servicios son perfectos para relajarse despu\u00e9s de un largo d\u00eda de reuniones o visitas tur\u00edsticas.<\/p><div class=\"py-2 my-3\"><hr \/><\/div><h2>\ud83e\uddf9 Sostenibilidad y participaci\u00f3n comunitaria<\/h2><p>Adem\u00e1s de los servicios de atenci\u00f3n al cliente, Chao Hotel Sanlitun est\u00e1 comprometido con el turismo responsable y la participaci\u00f3n comunitaria. Implementamos pr\u00e1cticas sostenibles como:<\/p><ul><li>Sistemas de iluminaci\u00f3n y conservaci\u00f3n de agua energ\u00e9ticamente eficientes<\/li><li>Pol\u00edtica de reducci\u00f3n de pl\u00e1sticos de un solo uso<\/li><li>Apoyo a artesanos locales y peque\u00f1as empresas<\/li><\/ul><p>Se anima a los hu\u00e9spedes a participar en iniciativas ecol\u00f3gicas durante su estad\u00eda, incluidas opciones de transporte ecol\u00f3gico y talleres culturales organizados en asociaci\u00f3n con organizaciones locales.<\/p><div class=\"py-2 my-3\"><hr \/><\/div><h2>\u2728 Reflexiones finales: Un servicio que te hace sentir como en casa<\/h2><p>En Chao Hotel Sanlitun, el servicio no se trata solo de cumplir expectativas, sino de superarlas de maneras que resulten significativas y memorables. Ya sea que se encuentre aqu\u00ed por una misi\u00f3n de negocios de una semana, una escapada rom\u00e1ntica o una breve escala entre vuelos, nuestro equipo trabaja incansablemente para garantizar que cada detalle de su estancia se gestione con esmero.<\/p><p data-spm-anchor-id=\"a2ty_o01.29997173.0.i95.54d8c921QBSS7F\">Desde la c\u00e1lida sonrisa en la recepci\u00f3n hasta la taza de t\u00e9 perfectamente preparada entregada en su puerta, cada servicio que ofrecemos est\u00e1 impregnado de prop\u00f3sito, cultura y un profundo respeto por nuestros hu\u00e9spedes.<\/p>\t\t\t\t\t\t\t\t<\/div>\n\t\t\t\t\t<\/div>\n\t\t\t\t<\/div>\n\t\t\t\t<\/div>","protected":false},"excerpt":{"rendered":"<p>Exceptional Services at Chao Hotel Sanlitun \u2013 Elevating the Art of Hospitality in Beijing\u2019s Embassy District At Chao Hotel Sanlitun , located at 4 Gongrentiyuchang E Rd, \u4f7f\u9986\u533a (Embassy District), Chaoyang, Beijing, China, 100027 , service is more than a promise\u2014it&#8217;s a philosophy. We believe that true hospitality lies not just in what we offer, [&hellip;]<\/p>\n","protected":false},"author":1,"featured_media":0,"parent":0,"menu_order":0,"comment_status":"closed","ping_status":"closed","template":"","meta":{"footnotes":""},"class_list":["post-647","page","type-page","status-publish","hentry","post-no-thumbnail"],"_links":{"self":[{"href":"https:\/\/chaosanlitunbeijing.com\/es\/wp-json\/wp\/v2\/pages\/647","targetHints":{"allow":["GET"]}}],"collection":[{"href":"https:\/\/chaosanlitunbeijing.com\/es\/wp-json\/wp\/v2\/pages"}],"about":[{"href":"https:\/\/chaosanlitunbeijing.com\/es\/wp-json\/wp\/v2\/types\/page"}],"author":[{"embeddable":true,"href":"https:\/\/chaosanlitunbeijing.com\/es\/wp-json\/wp\/v2\/users\/1"}],"replies":[{"embeddable":true,"href":"https:\/\/chaosanlitunbeijing.com\/es\/wp-json\/wp\/v2\/comments?post=647"}],"version-history":[{"count":0,"href":"https:\/\/chaosanlitunbeijing.com\/es\/wp-json\/wp\/v2\/pages\/647\/revisions"}],"wp:attachment":[{"href":"https:\/\/chaosanlitunbeijing.com\/es\/wp-json\/wp\/v2\/media?parent=647"}],"curies":[{"name":"gracias","href":"https:\/\/api.w.org\/{rel}","templated":true}]}}