{"id":5266,"date":"2021-07-18T08:03:35","date_gmt":"2021-07-18T08:03:35","guid":{"rendered":"https:\/\/nuss.uxper.co\/luxury-resort\/?page_id=5266"},"modified":"2025-12-04T08:59:23","modified_gmt":"2025-12-04T08:59:23","slug":"sobre-nosotros","status":"publish","type":"page","link":"https:\/\/chaosanlitunbeijing.com\/es\/sobre-nosotros\/","title":{"rendered":"Sobre nosotros"},"content":{"rendered":"<div data-elementor-type=\"wp-page\" data-elementor-id=\"5266\" class=\"elementor elementor-5266\">\n\t\t\t\t\t\t<section class=\"elementor-section elementor-top-section elementor-element elementor-element-10416953 elementor-section-boxed elementor-section-gap-beside-yes elementor-section-height-default elementor-section-height-default elementor-section-column-vertical-align-stretch\" data-id=\"10416953\" data-element_type=\"section\" data-e-type=\"section\">\n\t\t\t\t\t\t<div class=\"elementor-container elementor-column-gap-extended\">\n\t\t\t\t\t<div class=\"elementor-column elementor-col-100 elementor-top-column elementor-element elementor-element-29c6aa8\" data-id=\"29c6aa8\" data-element_type=\"column\" data-e-type=\"column\">\n\t\t\t<div class=\"elementor-widget-wrap elementor-element-populated\">\n\t\t\t\t\t\t<div class=\"elementor-element elementor-element-7be18fe7 elementor-widget__width-initial elementor-invisible elementor-widget elementor-widget-text-editor\" data-id=\"7be18fe7\" data-element_type=\"widget\" data-e-type=\"widget\" data-settings=\"{&quot;_animation&quot;:&quot;nussFadeInUp&quot;}\" data-widget_type=\"text-editor.default\">\n\t\t\t\t\t\t\t\t\tChao Hotel Sanlitun: un moderno refugio urbano en el distrito de las embajadas de Pek\u00edn  \t\t\t\t\t\t\t\t<\/div>\n\t\t\t\t\t<\/div>\n\t\t<\/div>\n\t\t\t\t\t<\/div>\n\t\t<\/section>\n\t\t\t\t<section class=\"elementor-section elementor-top-section elementor-element elementor-element-7d18327f elementor-section-boxed elementor-section-gap-beside-yes elementor-section-height-default elementor-section-height-default elementor-section-column-vertical-align-stretch\" data-id=\"7d18327f\" data-element_type=\"section\" data-e-type=\"section\">\n\t\t\t\t\t\t<div class=\"elementor-container elementor-column-gap-extended\">\n\t\t\t\t\t<div class=\"elementor-column elementor-col-50 elementor-top-column elementor-element elementor-element-56533670\" data-id=\"56533670\" data-element_type=\"column\" data-e-type=\"column\">\n\t\t\t<div class=\"elementor-widget-wrap elementor-element-populated\">\n\t\t\t\t\t\t<div class=\"elementor-element elementor-element-19c3f543 elementor-invisible elementor-widget elementor-widget-text-editor\" data-id=\"19c3f543\" data-element_type=\"widget\" data-e-type=\"widget\" data-settings=\"{&quot;_animation&quot;:&quot;nussFadeInUp&quot;}\" data-widget_type=\"text-editor.default\">\n\t\t\t\t\t\t\t\t\t<p>Bienvenido a <strong>Chao Hotel Sanlitun <\/strong>, un hotel de lujo elegante y contempor\u00e1neo ubicado en el coraz\u00f3n de <strong>El prestigioso distrito Chaoyang de Pek\u00edn <\/strong> Ubicado en Gongrentiyuchang E Rd, 4, en la exclusiva \u4f7f\u9986\u533a (Zona de Embajadas). Con una combinaci\u00f3n inigualable de ubicaci\u00f3n privilegiada, dise\u00f1o moderno y un servicio excepcional, el Hotel Chao es el destino ideal tanto para viajeros internacionales como para profesionales locales que buscan comodidad, sofisticaci\u00f3n y conveniencia en uno de los barrios m\u00e1s din\u00e1micos de Pek\u00edn.<\/p><p>Situado a solo unos minutos de la vibrante <strong>Distrito de entretenimiento de Sanlitun <\/strong>El Chao Hotel Sanlitun ofrece f\u00e1cil acceso a algunos de los mejores centros comerciales, restaurantes de lujo, lugares de inter\u00e9s cultural y misiones diplom\u00e1ticas de la ciudad. Ya sea que viaje por negocios o por placer, este exclusivo refugio urbano le garantiza una combinaci\u00f3n perfecta de productividad y placer, todo en un entorno elegante y cuidadosamente dise\u00f1ado.<\/p>\t\t\t\t\t\t\t\t<\/div>\n\t\t\t\t\t<\/div>\n\t\t<\/div>\n\t\t\t\t<div class=\"elementor-column elementor-col-50 elementor-top-column elementor-element elementor-element-30f14127\" data-id=\"30f14127\" data-element_type=\"column\" data-e-type=\"column\">\n\t\t\t<div class=\"elementor-widget-wrap elementor-element-populated\">\n\t\t\t\t\t\t<div class=\"elementor-element elementor-element-350da02e elementor-invisible nuss-elementor-loading nuss-slide-in-left elementor-widget elementor-widget-image\" data-id=\"350da02e\" data-element_type=\"widget\" data-e-type=\"widget\" data-settings=\"{&quot;_animation&quot;:&quot;nussSlideInLeft&quot;}\" data-widget_type=\"image.default\">\n\t\t\t\t\t\t\t\t\t\t\t\t\t\t\t<img fetchpriority=\"high\" decoding=\"async\" width=\"555\" height=\"853\" src=\"https:\/\/chaosanlitunbeijing.com\/wp-content\/uploads\/2025\/07\/chao-sanlitun-beijing-hotel-104.webp\" class=\"attachment-full size-full wp-image-5670\" alt=\"\" srcset=\"https:\/\/chaosanlitunbeijing.com\/wp-content\/uploads\/2025\/07\/chao-sanlitun-beijing-hotel-104.webp 555w, https:\/\/chaosanlitunbeijing.com\/wp-content\/uploads\/2025\/07\/chao-sanlitun-beijing-hotel-104-195x300.webp 195w\" sizes=\"(max-width: 555px) 100vw, 555px\" \/>\t\t\t\t\t\t\t\t\t\t\t\t\t\t\t<\/div>\n\t\t\t\t\t<\/div>\n\t\t<\/div>\n\t\t\t\t\t<\/div>\n\t\t<\/section>\n\t\t\t\t<section class=\"elementor-section elementor-top-section elementor-element elementor-element-29fb8578 elementor-section-height-min-height elementor-section-stretched elementor-section-full_width elementor-section-items-stretch elementor-section-height-default elementor-section-column-vertical-align-stretch\" data-id=\"29fb8578\" data-element_type=\"section\" data-e-type=\"section\" data-settings=\"{&quot;stretch_section&quot;:&quot;section-stretched&quot;}\">\n\t\t\t\t\t\t<div class=\"elementor-container elementor-column-gap-no\">\n\t\t\t\t\t<div class=\"elementor-column elementor-col-50 elementor-top-column elementor-element elementor-element-40ac270b\" data-id=\"40ac270b\" data-element_type=\"column\" data-e-type=\"column\">\n\t\t\t<div class=\"elementor-widget-wrap elementor-element-populated\">\n\t\t\t\t\t\t<div class=\"elementor-element elementor-element-20872773 elementor-widget__width-initial elementor-widget-mobile__width-inherit elementor-invisible nuss-elementor-loading nuss-slide-in-right elementor-widget elementor-widget-image\" data-id=\"20872773\" data-element_type=\"widget\" data-e-type=\"widget\" data-settings=\"{&quot;_animation&quot;:&quot;nussSlideInRight&quot;}\" data-widget_type=\"image.default\">\n\t\t\t\t\t\t\t\t\t\t\t\t\t\t\t<img decoding=\"async\" width=\"1137\" height=\"853\" src=\"https:\/\/chaosanlitunbeijing.com\/wp-content\/uploads\/2025\/07\/chao-sanlitun-beijing-hotel-7.webp\" class=\"attachment-full size-full wp-image-5573\" alt=\"\" srcset=\"https:\/\/chaosanlitunbeijing.com\/wp-content\/uploads\/2025\/07\/chao-sanlitun-beijing-hotel-7.webp 1137w, https:\/\/chaosanlitunbeijing.com\/wp-content\/uploads\/2025\/07\/chao-sanlitun-beijing-hotel-7-300x225.webp 300w, https:\/\/chaosanlitunbeijing.com\/wp-content\/uploads\/2025\/07\/chao-sanlitun-beijing-hotel-7-1024x768.webp 1024w, https:\/\/chaosanlitunbeijing.com\/wp-content\/uploads\/2025\/07\/chao-sanlitun-beijing-hotel-7-768x576.webp 768w\" sizes=\"(max-width: 1137px) 100vw, 1137px\" \/>\t\t\t\t\t\t\t\t\t\t\t\t\t\t\t<\/div>\n\t\t\t\t\t<\/div>\n\t\t<\/div>\n\t\t\t\t<div class=\"elementor-column elementor-col-50 elementor-top-column elementor-element elementor-element-2dac103\" data-id=\"2dac103\" data-element_type=\"column\" data-e-type=\"column\">\n\t\t\t<div class=\"elementor-widget-wrap elementor-element-populated\">\n\t\t\t\t\t\t<div class=\"elementor-element elementor-element-6f1b8966 elementor-invisible elementor-widget elementor-widget-text-editor\" data-id=\"6f1b8966\" data-element_type=\"widget\" data-e-type=\"widget\" data-settings=\"{&quot;_animation&quot;:&quot;nussFadeInUp&quot;}\" data-widget_type=\"text-editor.default\">\n\t\t\t\t\t\t\t\t\t<h2 data-spm-anchor-id=\"a2ty_o01.29997173.0.i18.54d8c921QBSS7F\">Ubicaci\u00f3n privilegiada en el coraz\u00f3n del distrito de las embajadas<\/h2><p data-spm-anchor-id=\"a2ty_o01.29997173.0.i19.54d8c921QBSS7F\">Ubicado estrat\u00e9gicamente en el <strong>\u4f7f\u9986\u533a (distrito de la embajada) <\/strong> de Chaoyang, Chao Hotel Sanlitun ofrece a sus hu\u00e9spedes una proximidad incomparable a embajadas extranjeras, corporaciones multinacionales y los principales centros de negocios como <strong>Sede de CCTV <\/strong> y el <strong>Distrito Central de Negocios de Pek\u00edn (CBD) <\/strong>La direcci\u00f3n del hotel\u2014<strong>4 Gongrentiyuchang E Rd <\/strong>\u2014te coloca en el centro de todo, con acceso r\u00e1pido al transporte, oficinas gubernamentales clave y escuelas internacionales.<\/p><p>Para aquellos que buscan explorar la rica escena cultural de Beijing, las atracciones cercanas incluyen el <strong>Museo Nacional de China <\/strong>, <strong>Parque Ol\u00edmpico <\/strong>, y el hist\u00f3rico <strong>Templo del Cielo <\/strong>Los entusiastas de las compras apreciar\u00e1n estar a pocos pasos de <strong>El lugar <\/strong>, <strong>Raffles City <\/strong>y otros destinos minoristas de primer nivel.<\/p>\t\t\t\t\t\t\t\t<\/div>\n\t\t\t\t\t<\/div>\n\t\t<\/div>\n\t\t\t\t\t<\/div>\n\t\t<\/section>\n\t\t\t\t<section class=\"elementor-section elementor-top-section elementor-element elementor-element-c639860 elementor-section-height-min-height elementor-section-stretched elementor-section-full_width elementor-section-items-stretch elementor-section-height-default elementor-section-column-vertical-align-stretch\" data-id=\"c639860\" data-element_type=\"section\" data-e-type=\"section\" data-settings=\"{&quot;stretch_section&quot;:&quot;section-stretched&quot;}\">\n\t\t\t\t\t\t<div class=\"elementor-container elementor-column-gap-no\">\n\t\t\t\t\t<div class=\"elementor-column elementor-col-50 elementor-top-column elementor-element elementor-element-3bf6d9f\" data-id=\"3bf6d9f\" data-element_type=\"column\" data-e-type=\"column\">\n\t\t\t<div class=\"elementor-widget-wrap elementor-element-populated\">\n\t\t\t\t\t\t<div class=\"elementor-element elementor-element-d515c3c elementor-widget elementor-widget-heading\" data-id=\"d515c3c\" data-element_type=\"widget\" data-e-type=\"widget\" data-widget_type=\"heading.default\">\n\t\t\t\t\t<h2 class=\"elementor-heading-title elementor-size-default\">El dise\u00f1o contempor\u00e1neo se une al lujo funcional <\/h2>\t\t\t\t<\/div>\n\t\t\t\t<div class=\"elementor-element elementor-element-617b738 elementor-invisible elementor-widget elementor-widget-text-editor\" data-id=\"617b738\" data-element_type=\"widget\" data-e-type=\"widget\" data-settings=\"{&quot;_animation&quot;:&quot;nussFadeInUp&quot;}\" data-widget_type=\"text-editor.default\">\n\t\t\t\t\t\t\t\t\t<p data-spm-anchor-id=\"a2ty_o01.29997173.0.i21.54d8c921QBSS7F\">En el Chao Hotel Sanlitun, la est\u00e9tica moderna se fusiona con la elegancia pr\u00e1ctica. Cada habitaci\u00f3n y suite est\u00e1 meticulosamente dise\u00f1ada para ofrecer un escape sereno del bullicio de la ciudad. Con elegantes muebles, ventanales, tecnolog\u00eda inteligente integrada y lujosa ropa de cama, las habitaciones est\u00e1n dise\u00f1adas para garantizar la m\u00e1xima comodidad sin sacrificar el estilo.<\/p><p data-spm-anchor-id=\"a2ty_o01.29997173.0.i20.54d8c921QBSS7F\">El Wi-Fi de alta velocidad, los espacios de trabajo ergon\u00f3micos y las comodidades premium satisfacen las necesidades del viajero de negocios de hoy, mientras que la iluminaci\u00f3n suave, los interiores ambientales y los ba\u00f1os lujosos crean una atm\u00f3sfera relajante ideal para descansar despu\u00e9s de un largo d\u00eda de reuniones o turismo.<\/p>\t\t\t\t\t\t\t\t<\/div>\n\t\t\t\t\t<\/div>\n\t\t<\/div>\n\t\t\t\t<div class=\"elementor-column elementor-col-50 elementor-top-column elementor-element elementor-element-5ddffa1\" data-id=\"5ddffa1\" data-element_type=\"column\" data-e-type=\"column\">\n\t\t\t<div class=\"elementor-widget-wrap elementor-element-populated\">\n\t\t\t\t\t\t<div class=\"elementor-element elementor-element-992d238 elementor-widget__width-initial elementor-widget-mobile__width-inherit elementor-invisible nuss-elementor-loading nuss-slide-in-right elementor-widget elementor-widget-image\" data-id=\"992d238\" data-element_type=\"widget\" data-e-type=\"widget\" data-settings=\"{&quot;_animation&quot;:&quot;nussSlideInRight&quot;}\" data-widget_type=\"image.default\">\n\t\t\t\t\t\t\t\t\t\t\t\t\t\t\t<img decoding=\"async\" width=\"1073\" height=\"853\" src=\"https:\/\/chaosanlitunbeijing.com\/wp-content\/uploads\/2025\/07\/chao-sanlitun-beijing-hotel-108.webp\" class=\"attachment-full size-full wp-image-5675\" alt=\"\" srcset=\"https:\/\/chaosanlitunbeijing.com\/wp-content\/uploads\/2025\/07\/chao-sanlitun-beijing-hotel-108.webp 1073w, https:\/\/chaosanlitunbeijing.com\/wp-content\/uploads\/2025\/07\/chao-sanlitun-beijing-hotel-108-300x238.webp 300w, https:\/\/chaosanlitunbeijing.com\/wp-content\/uploads\/2025\/07\/chao-sanlitun-beijing-hotel-108-1024x814.webp 1024w, https:\/\/chaosanlitunbeijing.com\/wp-content\/uploads\/2025\/07\/chao-sanlitun-beijing-hotel-108-768x611.webp 768w\" sizes=\"(max-width: 1073px) 100vw, 1073px\" \/>\t\t\t\t\t\t\t\t\t\t\t\t\t\t\t<\/div>\n\t\t\t\t\t<\/div>\n\t\t<\/div>\n\t\t\t\t\t<\/div>\n\t\t<\/section>\n\t\t\t\t<section class=\"elementor-section elementor-top-section elementor-element elementor-element-057d420 elementor-section-height-min-height elementor-section-stretched elementor-section-full_width elementor-section-items-stretch elementor-section-height-default elementor-section-column-vertical-align-stretch\" data-id=\"057d420\" data-element_type=\"section\" data-e-type=\"section\" data-settings=\"{&quot;stretch_section&quot;:&quot;section-stretched&quot;}\">\n\t\t\t\t\t\t<div class=\"elementor-container elementor-column-gap-no\">\n\t\t\t\t\t<div class=\"elementor-column elementor-col-50 elementor-top-column elementor-element elementor-element-df3a1fc\" data-id=\"df3a1fc\" data-element_type=\"column\" data-e-type=\"column\">\n\t\t\t<div class=\"elementor-widget-wrap elementor-element-populated\">\n\t\t\t\t\t\t<div class=\"elementor-element elementor-element-d62522b elementor-widget__width-initial elementor-widget-mobile__width-inherit elementor-invisible nuss-elementor-loading nuss-slide-in-right elementor-widget elementor-widget-image\" data-id=\"d62522b\" data-element_type=\"widget\" data-e-type=\"widget\" data-settings=\"{&quot;_animation&quot;:&quot;nussSlideInRight&quot;}\" data-widget_type=\"image.default\">\n\t\t\t\t\t\t\t\t\t\t\t\t\t\t\t<img loading=\"lazy\" decoding=\"async\" width=\"568\" height=\"853\" src=\"https:\/\/chaosanlitunbeijing.com\/wp-content\/uploads\/2025\/07\/chao-sanlitun-beijing-hotel-45.webp\" class=\"attachment-full size-full wp-image-5611\" alt=\"\" srcset=\"https:\/\/chaosanlitunbeijing.com\/wp-content\/uploads\/2025\/07\/chao-sanlitun-beijing-hotel-45.webp 568w, https:\/\/chaosanlitunbeijing.com\/wp-content\/uploads\/2025\/07\/chao-sanlitun-beijing-hotel-45-200x300.webp 200w\" sizes=\"(max-width: 568px) 100vw, 568px\" \/>\t\t\t\t\t\t\t\t\t\t\t\t\t\t\t<\/div>\n\t\t\t\t\t<\/div>\n\t\t<\/div>\n\t\t\t\t<div class=\"elementor-column elementor-col-50 elementor-top-column elementor-element elementor-element-d263b97\" data-id=\"d263b97\" data-element_type=\"column\" data-e-type=\"column\">\n\t\t\t<div class=\"elementor-widget-wrap elementor-element-populated\">\n\t\t\t\t\t\t<div class=\"elementor-element elementor-element-55c2a5d elementor-invisible elementor-widget elementor-widget-text-editor\" data-id=\"55c2a5d\" data-element_type=\"widget\" data-e-type=\"widget\" data-settings=\"{&quot;_animation&quot;:&quot;nussFadeInUp&quot;}\" data-widget_type=\"text-editor.default\">\n\t\t\t\t\t\t\t\t\t<h2 data-spm-anchor-id=\"a2ty_o01.29997173.0.i23.54d8c921QBSS7F\">Excelencia culinaria y espacios sociales<\/h2><p>Cenar en el Chao Hotel Sanlitun es una experiencia en s\u00ed misma. El hotel alberga una variedad de restaurantes y salones que ofrecen desde exquisiteces tradicionales chinas hasta cocina fusi\u00f3n internacional. Ya sea que disfrute de un desayuno gourmet antes de un d\u00eda completo de reuniones o saboree c\u00f3cteles artesanales en un bar en la azotea con vistas al horizonte de la ciudad, cada propuesta culinaria est\u00e1 dise\u00f1ada para deleitar incluso al paladar m\u00e1s exigente.<\/p><p>El hotel tambi\u00e9n cuenta con salones sociales y espacios de coworking que combinan funcionalidad con estilo, perfectos para reuniones de negocios informales, eventos de networking o simplemente para ponerse al d\u00eda con amigos.<\/p>\t\t\t\t\t\t\t\t<\/div>\n\t\t\t\t\t<\/div>\n\t\t<\/div>\n\t\t\t\t\t<\/div>\n\t\t<\/section>\n\t\t\t\t<section class=\"elementor-section elementor-top-section elementor-element elementor-element-b9caeb6 elementor-section-height-min-height elementor-section-stretched elementor-section-full_width elementor-section-items-stretch elementor-section-height-default elementor-section-column-vertical-align-stretch\" data-id=\"b9caeb6\" data-element_type=\"section\" data-e-type=\"section\" data-settings=\"{&quot;stretch_section&quot;:&quot;section-stretched&quot;}\">\n\t\t\t\t\t\t<div class=\"elementor-container elementor-column-gap-no\">\n\t\t\t\t\t<div class=\"elementor-column elementor-col-50 elementor-top-column elementor-element elementor-element-6dc6e33\" data-id=\"6dc6e33\" data-element_type=\"column\" data-e-type=\"column\">\n\t\t\t<div class=\"elementor-widget-wrap elementor-element-populated\">\n\t\t\t\t\t\t<div class=\"elementor-element elementor-element-e5683a8 elementor-widget elementor-widget-heading\" data-id=\"e5683a8\" data-element_type=\"widget\" data-e-type=\"widget\" data-widget_type=\"heading.default\">\n\t\t\t\t\t<h2 class=\"elementor-heading-title elementor-size-default\">Instalaciones excepcionales para el trabajo y el ocio<\/h2>\t\t\t\t<\/div>\n\t\t\t\t<div class=\"elementor-element elementor-element-9445903 elementor-invisible elementor-widget elementor-widget-text-editor\" data-id=\"9445903\" data-element_type=\"widget\" data-e-type=\"widget\" data-settings=\"{&quot;_animation&quot;:&quot;nussFadeInUp&quot;}\" data-widget_type=\"text-editor.default\">\n\t\t\t\t\t\t\t\t\t<p>Adem\u00e1s de sus elegantes habitaciones y opciones gastron\u00f3micas, el Chao Hotel Sanlitun cuenta con una variedad de instalaciones dise\u00f1adas para mejorar su estancia. Desde habitaciones completamente equipadas... <strong>centros de negocios <\/strong> y <strong>salas de reuniones <\/strong> Adecuado para conferencias de tama\u00f1o peque\u00f1o a mediano, con tecnolog\u00eda de punta. <strong>centros de fitness <\/strong> y \u00e1reas de bienestar, el hotel satisface tanto las necesidades profesionales como las recreativas.<\/p><p data-spm-anchor-id=\"a2ty_o01.29997173.0.i24.54d8c921QBSS7F\">Ya sea que asista a un evento corporativo, organice una funci\u00f3n privada o simplemente busque mantener su rutina de ejercicios mientras viaja, Chao Hotel garantiza que cada detalle est\u00e9 cuidado con precisi\u00f3n y cuidado.<\/p>\t\t\t\t\t\t\t\t<\/div>\n\t\t\t\t\t<\/div>\n\t\t<\/div>\n\t\t\t\t<div class=\"elementor-column elementor-col-50 elementor-top-column elementor-element elementor-element-f1ca9ac\" data-id=\"f1ca9ac\" data-element_type=\"column\" data-e-type=\"column\">\n\t\t\t<div class=\"elementor-widget-wrap elementor-element-populated\">\n\t\t\t\t\t\t<div class=\"elementor-element elementor-element-351cd71 elementor-widget__width-initial elementor-widget-mobile__width-inherit elementor-invisible nuss-elementor-loading nuss-slide-in-right elementor-widget elementor-widget-image\" data-id=\"351cd71\" data-element_type=\"widget\" data-e-type=\"widget\" data-settings=\"{&quot;_animation&quot;:&quot;nussSlideInRight&quot;}\" data-widget_type=\"image.default\">\n\t\t\t\t\t\t\t\t\t\t\t\t\t\t\t<img loading=\"lazy\" decoding=\"async\" width=\"1161\" height=\"853\" src=\"https:\/\/chaosanlitunbeijing.com\/wp-content\/uploads\/2025\/07\/chao-sanlitun-beijing-hotel-13.webp\" class=\"attachment-full size-full wp-image-5579\" alt=\"\" srcset=\"https:\/\/chaosanlitunbeijing.com\/wp-content\/uploads\/2025\/07\/chao-sanlitun-beijing-hotel-13.webp 1161w, https:\/\/chaosanlitunbeijing.com\/wp-content\/uploads\/2025\/07\/chao-sanlitun-beijing-hotel-13-300x220.webp 300w, https:\/\/chaosanlitunbeijing.com\/wp-content\/uploads\/2025\/07\/chao-sanlitun-beijing-hotel-13-1024x752.webp 1024w, https:\/\/chaosanlitunbeijing.com\/wp-content\/uploads\/2025\/07\/chao-sanlitun-beijing-hotel-13-768x564.webp 768w\" sizes=\"(max-width: 1161px) 100vw, 1161px\" \/>\t\t\t\t\t\t\t\t\t\t\t\t\t\t\t<\/div>\n\t\t\t\t\t<\/div>\n\t\t<\/div>\n\t\t\t\t\t<\/div>\n\t\t<\/section>\n\t\t\t\t<section class=\"elementor-section elementor-top-section elementor-element elementor-element-d17da36 elementor-section-height-min-height elementor-section-stretched elementor-section-full_width elementor-section-items-stretch elementor-section-height-default elementor-section-column-vertical-align-stretch\" data-id=\"d17da36\" data-element_type=\"section\" data-e-type=\"section\" data-settings=\"{&quot;stretch_section&quot;:&quot;section-stretched&quot;}\">\n\t\t\t\t\t\t<div class=\"elementor-container elementor-column-gap-no\">\n\t\t\t\t\t<div class=\"elementor-column elementor-col-50 elementor-top-column elementor-element elementor-element-6da05b6\" data-id=\"6da05b6\" data-element_type=\"column\" data-e-type=\"column\">\n\t\t\t<div class=\"elementor-widget-wrap elementor-element-populated\">\n\t\t\t\t\t\t<div class=\"elementor-element elementor-element-020f94a elementor-widget__width-initial elementor-widget-mobile__width-inherit elementor-invisible nuss-elementor-loading nuss-slide-in-right elementor-widget elementor-widget-image\" data-id=\"020f94a\" data-element_type=\"widget\" data-e-type=\"widget\" data-settings=\"{&quot;_animation&quot;:&quot;nussSlideInRight&quot;}\" data-widget_type=\"image.default\">\n\t\t\t\t\t\t\t\t\t\t\t\t\t\t\t<img loading=\"lazy\" decoding=\"async\" width=\"1137\" height=\"853\" src=\"https:\/\/chaosanlitunbeijing.com\/wp-content\/uploads\/2025\/07\/chao-sanlitun-beijing-hotel-24.webp\" class=\"attachment-full size-full wp-image-5590\" alt=\"\" srcset=\"https:\/\/chaosanlitunbeijing.com\/wp-content\/uploads\/2025\/07\/chao-sanlitun-beijing-hotel-24.webp 1137w, https:\/\/chaosanlitunbeijing.com\/wp-content\/uploads\/2025\/07\/chao-sanlitun-beijing-hotel-24-300x225.webp 300w, https:\/\/chaosanlitunbeijing.com\/wp-content\/uploads\/2025\/07\/chao-sanlitun-beijing-hotel-24-1024x768.webp 1024w, https:\/\/chaosanlitunbeijing.com\/wp-content\/uploads\/2025\/07\/chao-sanlitun-beijing-hotel-24-768x576.webp 768w\" sizes=\"(max-width: 1137px) 100vw, 1137px\" \/>\t\t\t\t\t\t\t\t\t\t\t\t\t\t\t<\/div>\n\t\t\t\t\t<\/div>\n\t\t<\/div>\n\t\t\t\t<div class=\"elementor-column elementor-col-50 elementor-top-column elementor-element elementor-element-e1cbaf2\" data-id=\"e1cbaf2\" data-element_type=\"column\" data-e-type=\"column\">\n\t\t\t<div class=\"elementor-widget-wrap elementor-element-populated\">\n\t\t\t\t\t\t<div class=\"elementor-element elementor-element-0d5d4b0 elementor-invisible elementor-widget elementor-widget-text-editor\" data-id=\"0d5d4b0\" data-element_type=\"widget\" data-e-type=\"widget\" data-settings=\"{&quot;_animation&quot;:&quot;nussFadeInUp&quot;}\" data-widget_type=\"text-editor.default\">\n\t\t\t\t\t\t\t\t\t<h2 data-spm-anchor-id=\"a2ty_o01.29997173.0.i27.54d8c921QBSS7F\">\u00bfPor qu\u00e9 elegir Chao Hotel Sanlitun?<\/h2><ul><li><strong>Ubicaci\u00f3n estrat\u00e9gica <\/strong>:A pocos minutos de la zona diplom\u00e1tica de Beijing, distritos comerciales y atracciones tur\u00edsticas.<\/li><li data-spm-anchor-id=\"a2ty_o01.29997173.0.i26.54d8c921QBSS7F\"><strong>Alojamientos de lujo <\/strong>:Habitaciones elegantes y modernas dise\u00f1adas para la comodidad, la privacidad y la eficiencia.<\/li><li><strong>Restaurantes de clase mundial <\/strong>:Una variada selecci\u00f3n de restaurantes que sirven cocina local e internacional.<\/li><li data-spm-anchor-id=\"a2ty_o01.29997173.0.i30.54d8c921QBSS7F\"><strong>Servicios para empresas <\/strong>:Espacios de reuni\u00f3n de alta tecnolog\u00eda y atenci\u00f3n personalizada para profesionales.<\/li><li><strong>Servicio excepcional <\/strong>:Personal atento pero discreto, dedicado a hacer que su estancia sea inolvidable.<\/li><\/ul><div class=\"py-2 my-3\"><hr \/><\/div><p>Experimente lo mejor de Pek\u00edn desde la comodidad del Chao Hotel Sanlitun, un sofisticado refugio que combina la comodidad urbana con un estilo de vida refinado. Ya sea que visite para una cumbre empresarial de alto nivel o para una escapada de fin de semana llena de cultura y exploraci\u00f3n, este hotel le garantiza una estancia que superar\u00e1 sus expectativas.<\/p><p data-spm-anchor-id=\"a2ty_o01.29997173.0.i29.54d8c921QBSS7F\">Reserva tu estancia hoy y descubre por qu\u00e9 <strong data-spm-anchor-id=\"a2ty_o01.29997173.0.i28.54d8c921QBSS7F\">Chao Hotel Sanlitun <\/strong> se est\u00e1 convirtiendo r\u00e1pidamente en una de las direcciones m\u00e1s buscadas en el distrito de las embajadas de Beijing.<\/p>\t\t\t\t\t\t\t\t<\/div>\n\t\t\t\t\t<\/div>\n\t\t<\/div>\n\t\t\t\t\t<\/div>\n\t\t<\/section>\n\t\t\t\t<\/div>","protected":false},"excerpt":{"rendered":"<p>Chao Hotel Sanlitun \u2013 A Modern Urban Retreat in Beijing\u2019s Embassy District Welcome to Chao Hotel Sanlitun , a stylish and contemporary luxury hotel nestled in the heart of Beijing\u2019s prestigious Chaoyang District at 4 Gongrentiyuchang E Rd, within the exclusive \u4f7f\u9986\u533a (Embassy Area). Offering an unbeatable combination of prime location, modern design, and exceptional [&hellip;]<\/p>\n","protected":false},"author":1,"featured_media":0,"parent":0,"menu_order":0,"comment_status":"closed","ping_status":"closed","template":"","meta":{"footnotes":""},"class_list":["post-5266","page","type-page","status-publish","hentry","post-no-thumbnail"],"_links":{"self":[{"href":"https:\/\/chaosanlitunbeijing.com\/es\/wp-json\/wp\/v2\/pages\/5266","targetHints":{"allow":["GET"]}}],"collection":[{"href":"https:\/\/chaosanlitunbeijing.com\/es\/wp-json\/wp\/v2\/pages"}],"about":[{"href":"https:\/\/chaosanlitunbeijing.com\/es\/wp-json\/wp\/v2\/types\/page"}],"author":[{"embeddable":true,"href":"https:\/\/chaosanlitunbeijing.com\/es\/wp-json\/wp\/v2\/users\/1"}],"replies":[{"embeddable":true,"href":"https:\/\/chaosanlitunbeijing.com\/es\/wp-json\/wp\/v2\/comments?post=5266"}],"version-history":[{"count":0,"href":"https:\/\/chaosanlitunbeijing.com\/es\/wp-json\/wp\/v2\/pages\/5266\/revisions"}],"wp:attachment":[{"href":"https:\/\/chaosanlitunbeijing.com\/es\/wp-json\/wp\/v2\/media?parent=5266"}],"curies":[{"name":"gracias","href":"https:\/\/api.w.org\/{rel}","templated":true}]}}