{"id":2109,"date":"2021-03-26T08:35:58","date_gmt":"2021-03-26T08:35:58","guid":{"rendered":"http:\/\/localhost\/nuss\/?page_id=536"},"modified":"2025-07-11T08:35:36","modified_gmt":"2025-07-11T08:35:36","slug":"instalaciones-comerciales","status":"publish","type":"page","link":"https:\/\/chaosanlitunbeijing.com\/es\/instalaciones-comerciales\/","title":{"rendered":"Instalaciones comerciales"},"content":{"rendered":"<div data-elementor-type=\"wp-page\" data-elementor-id=\"2109\" class=\"elementor elementor-2109\">\n\t\t\t\t\t\t<section class=\"elementor-section elementor-top-section elementor-element elementor-element-bb2901b elementor-section-boxed elementor-section-gap-beside-yes elementor-section-height-default elementor-section-height-default elementor-section-column-vertical-align-stretch\" data-id=\"bb2901b\" data-element_type=\"section\" data-e-type=\"section\">\n\t\t\t\t\t\t<div class=\"elementor-container elementor-column-gap-extended\">\n\t\t\t\t\t<div class=\"elementor-column elementor-col-100 elementor-top-column elementor-element elementor-element-1919db9\" data-id=\"1919db9\" data-element_type=\"column\" data-e-type=\"column\">\n\t\t\t<div class=\"elementor-widget-wrap elementor-element-populated\">\n\t\t\t\t\t\t<div class=\"elementor-element elementor-element-41a7b9c elementor-widget__width-initial elementor-invisible elementor-widget elementor-widget-text-editor\" data-id=\"41a7b9c\" data-element_type=\"widget\" data-e-type=\"widget\" data-settings=\"{&quot;_animation&quot;:&quot;nussFadeInUp&quot;}\" data-widget_type=\"text-editor.default\">\n\t\t\t\t\t\t\t\t\tChao Hotel Sanlitun: instalaciones de negocios premium en el coraz\u00f3n del distrito de las embajadas de Pek\u00edn  \t\t\t\t\t\t\t\t<\/div>\n\t\t\t\t<div class=\"elementor-element elementor-element-9ef9192 elementor-widget elementor-widget-text-editor\" data-id=\"9ef9192\" data-element_type=\"widget\" data-e-type=\"widget\" data-widget_type=\"text-editor.default\">\n\t\t\t\t\t\t\t\t\t<p>Para profesionales y viajeros corporativos que visitan Beijing, <strong>Chao Hotel Sanlitun <\/strong> Se destaca como un destino de primer nivel que combina a la perfecci\u00f3n el lujo moderno con una infraestructura empresarial de alto rendimiento. Ubicado en <strong>4 Gongrentiyuchang E Rd, \u4f7f\u9986\u533a (Distrito de la Embajada), Chaoyang, Beijing, China (100027) <\/strong>Este hotel de lujo estilo boutique est\u00e1 idealmente ubicado cerca de misiones diplom\u00e1ticas clave, corporaciones multinacionales y el bullicioso <strong>Distrito Central de Negocios de Pek\u00edn (CBD) <\/strong>\u2014lo que lo convierte en uno de los alojamientos m\u00e1s estrat\u00e9gicos y sofisticados para viajeros de negocios.<\/p><p data-spm-anchor-id=\"a2ty_o01.29997173.0.i51.54d8c921QBSS7F\">En el Chao Hotel Sanlitun, cada detalle ha sido cuidadosamente dise\u00f1ado para fomentar la productividad, la eficiencia y la comodidad. Ya sea que asista a una reuni\u00f3n importante de la junta directiva, organice un evento privado de networking o simplemente se ponga al d\u00eda con su correo electr\u00f3nico durante una escala, nuestro <strong>instalaciones comerciales de \u00faltima generaci\u00f3n <\/strong> Aseg\u00farese de que sus necesidades profesionales se satisfagan con precisi\u00f3n y elegancia.<\/p>\t\t\t\t\t\t\t\t<\/div>\n\t\t\t\t<div class=\"elementor-element elementor-element-516dbab elementor-widget elementor-widget-image\" data-id=\"516dbab\" data-element_type=\"widget\" data-e-type=\"widget\" data-widget_type=\"image.default\">\n\t\t\t\t\t\t\t\t\t\t\t\t\t\t\t<img fetchpriority=\"high\" decoding=\"async\" width=\"1024\" height=\"752\" src=\"https:\/\/chaosanlitunbeijing.com\/wp-content\/uploads\/2025\/07\/chao-sanlitun-beijing-hotel-13-1024x752.webp\" class=\"attachment-large size-large wp-image-5579\" alt=\"\" srcset=\"https:\/\/chaosanlitunbeijing.com\/wp-content\/uploads\/2025\/07\/chao-sanlitun-beijing-hotel-13-1024x752.webp 1024w, https:\/\/chaosanlitunbeijing.com\/wp-content\/uploads\/2025\/07\/chao-sanlitun-beijing-hotel-13-300x220.webp 300w, https:\/\/chaosanlitunbeijing.com\/wp-content\/uploads\/2025\/07\/chao-sanlitun-beijing-hotel-13-768x564.webp 768w, https:\/\/chaosanlitunbeijing.com\/wp-content\/uploads\/2025\/07\/chao-sanlitun-beijing-hotel-13.webp 1161w\" sizes=\"(max-width: 1024px) 100vw, 1024px\" \/>\t\t\t\t\t\t\t\t\t\t\t\t\t\t\t<\/div>\n\t\t\t\t\t<\/div>\n\t\t<\/div>\n\t\t\t\t\t<\/div>\n\t\t<\/section>\n\t\t<div class=\"elementor-element elementor-element-3281f18 e-flex e-con-boxed e-con e-parent\" data-id=\"3281f18\" data-element_type=\"container\" data-e-type=\"container\">\n\t\t\t\t\t<div class=\"e-con-inner\">\n\t\t\t\t<div class=\"elementor-element elementor-element-b750e02 elementor-widget elementor-widget-text-editor\" data-id=\"b750e02\" data-element_type=\"widget\" data-e-type=\"widget\" data-widget_type=\"text-editor.default\">\n\t\t\t\t\t\t\t\t\t<h2 data-spm-anchor-id=\"a2ty_o01.29997173.0.i56.54d8c921QBSS7F\">\ud83e\udded Ubicaci\u00f3n estrat\u00e9gica para diplom\u00e1ticos, ejecutivos y viajeros internacionales<\/h2><p data-spm-anchor-id=\"a2ty_o01.29997173.0.i55.54d8c921QBSS7F\">Ubicado dentro del prestigioso <strong>Distrito de la Embajada <\/strong>El Chao Hotel Sanlitun ofrece un acceso inigualable a embajadas extranjeras, oficinas gubernamentales y empresas globales. Su proximidad a lugares de inter\u00e9s como... <strong>Sede de CCTV <\/strong>, <strong>Raffles City <\/strong>, y <strong>El lugar <\/strong> El complejo comercial garantiza que los hu\u00e9spedes puedan navegar f\u00e1cilmente entre reuniones, visitas a clientes y eventos de la industria.<\/p><p>Esta ubicaci\u00f3n central lo convierte en una opci\u00f3n ideal no s\u00f3lo para ejecutivos internacionales sino tambi\u00e9n para diplom\u00e1ticos, periodistas, consultores y trabajadores remotos que buscan un entorno tranquilo pero conectado en uno de los barrios m\u00e1s influyentes de Beijing.<\/p><div class=\"py-2 my-3\"><hr \/><\/div><h2>\ud83c\udfe2 Espacios integrales para reuniones y conferencias<\/h2><p>El Chao Hotel Sanlitun ofrece una variedad de <strong>Salas de reuniones y espacios de coworking <\/strong> Dise\u00f1ado para albergar tanto debates en grupos peque\u00f1os como presentaciones m\u00e1s grandes. Cada espacio est\u00e1 equipado con:<\/p><ul><li><strong>Wi-Fi de alta velocidad <\/strong> y conectividad a Internet por fibra \u00f3ptica<\/li><li><strong>Sistemas de videoconferencia de alta definici\u00f3n <\/strong><\/li><li><strong>Proyectores LCD y pantallas LED <\/strong><\/li><li><strong>Paredes insonorizadas <\/strong> para privacidad y concentraci\u00f3n<\/li><li><strong>Iluminaci\u00f3n y control de climatizaci\u00f3n regulables. <\/strong><\/li><li><strong>Disposici\u00f3n ergon\u00f3mica de los asientos <\/strong><\/li><li><strong>Pizarras blancas, rotafolios y herramientas de presentaci\u00f3n <\/strong><\/li><\/ul><p>Estos espacios flexibles son perfectos para:<\/p><ul><li>Reuniones de equipos corporativos<\/li><li>Sesiones de presentaci\u00f3n a inversores<\/li><li>ruedas de prensa<\/li><li>Lanzamientos de productos<\/li><li>Talleres de capacitaci\u00f3n<\/li><li>Almuerzos o cenas privadas<\/li><\/ul><p>Nuestro dedicado <strong>equipo de planificaci\u00f3n de eventos <\/strong> est\u00e1 disponible para ayudar con la instalaci\u00f3n, servicios de catering, soporte audiovisual y asistencia t\u00e9cnica en tiempo real, garantizando que su evento se desarrolle sin problemas de principio a fin.<\/p><div class=\"py-2 my-3\"><hr \/><\/div><h2>\ud83d\udcbc Centro de negocios y estaciones de trabajo en el lugar<\/h2><p>Para profesionales independientes y viajeros solitarios, Chao Hotel Sanlitun ofrece una <strong>centro de negocios totalmente equipado <\/strong> Presentando:<\/p><ul><li>Internet inal\u00e1mbrico y cableado de alta velocidad<\/li><li>Computadoras de escritorio con el paquete Microsoft Office<\/li><li>Servicios de impresi\u00f3n, escaneo, copiado y fax<\/li><li>Estaciones de carga y tomas de corriente universales<\/li><li>Puestos de trabajo privados para tareas espec\u00edficas<\/li><\/ul><p>Ya sea que necesite imprimir tarjetas de embarque, escanear documentos o preparar informes digitales, el centro de negocios ofrece todo lo necesario para que las operaciones diarias se realicen sin problemas.<\/p><div class=\"py-2 my-3\"><hr \/><\/div><h2>\ud83d\udcf6 Tecnolog\u00eda avanzada para profesionales modernos<\/h2><p>En el mundo acelerado de hoy, una conectividad confiable y una infraestructura inteligente son esenciales. Por eso, todas las habitaciones y \u00e1reas p\u00fablicas del Chao Hotel Sanlitun est\u00e1n equipadas con:<\/p><ul><li><strong>Wi-Fi ultrarr\u00e1pido gratuito <\/strong> (con opciones de ancho de banda premium)<\/li><li><strong>Controles de habitaciones inteligentes <\/strong> a trav\u00e9s de la integraci\u00f3n de aplicaciones m\u00f3viles<\/li><li><strong>Puertos de carga USB-C y USB-A <\/strong> en escritorios y mesitas de noche<\/li><li><strong>Altavoces con Bluetooth <\/strong> en categor\u00edas de habitaciones seleccionadas<\/li><li><strong>Estaciones de acoplamiento integradas <\/strong> para port\u00e1tiles y tabletas<\/li><\/ul><p>Los hu\u00e9spedes pueden disfrutar de videollamadas ininterrumpidas, acceso seguro a la nube y multitarea eficiente, todo sin comprometer la comodidad ni el estilo.<\/p><div class=\"py-2 my-3\"><hr \/><\/div><h2>\ud83d\udecb\ufe0f Salones ejecutivos y centros de networking<\/h2><p>M\u00e1s all\u00e1 de los entornos de estilo de oficina tradicionales, Chao Hotel Sanlitun fomenta la colaboraci\u00f3n a trav\u00e9s de sus elegantes <strong>Salas de coworking y salas ejecutivas <\/strong>, que combinan funcionalidad con dise\u00f1o contempor\u00e1neo. Estos espacios ofrecen:<\/p><ul><li>C\u00f3modas sillas de sal\u00f3n y asientos modulares.<\/li><li>Rincones tranquilos para leer o reflexionar<\/li><li>Cafeter\u00edas estilo barista y refrigerios ligeros.<\/li><li>Listas de reproducci\u00f3n seleccionadas e iluminaci\u00f3n ambiental<\/li><li>Transiciones fluidas entre el trabajo y la relajaci\u00f3n<\/li><\/ul><p>Perfectas para reuniones de negocios informales, intercambios de ideas creativos o descompresi\u00f3n despu\u00e9s de una reuni\u00f3n, estas \u00e1reas brindan una alternativa refrescante a las salas de juntas convencionales.<\/p><div class=\"py-2 my-3\"><hr \/><\/div><h2>\ud83d\udcde Servicios de conserjer\u00eda y secretar\u00eda personalizados<\/h2><p>Para mejorar a\u00fan m\u00e1s su experiencia, Chao Hotel Sanlitun ofrece <strong>Servicios personalizados de conserjer\u00eda y secretar\u00eda <\/strong>, incluido:<\/p><ul><li>Programaci\u00f3n de citas y gesti\u00f3n de calendarios<\/li><li>Interpretaci\u00f3n de idiomas y asistencia en traducci\u00f3n<\/li><li>Preparaci\u00f3n y edici\u00f3n de documentos<\/li><li>Servicios de mensajer\u00eda local<\/li><li>Asesoramiento sobre visas y viajes<\/li><\/ul><p>Nuestro personal multiling\u00fce est\u00e1 capacitado para anticipar sus necesidades, garantizando que su tiempo en Beijing transcurra de manera eficiente y c\u00f3moda.<\/p><div class=\"py-2 my-3\"><hr \/><\/div><p data-spm-anchor-id=\"a2ty_o01.29997173.0.i57.54d8c921QBSS7F\">\u00a0<\/p>\t\t\t\t\t\t\t\t<\/div>\n\t\t\t\t\t<\/div>\n\t\t\t\t<\/div>\n\t\t<div class=\"elementor-element elementor-element-dd941f2 e-flex e-con-boxed e-con e-parent\" data-id=\"dd941f2\" data-element_type=\"container\" data-e-type=\"container\">\n\t\t\t\t\t<div class=\"e-con-inner\">\n\t\t\t\t<div class=\"elementor-element elementor-element-a9b867a elementor-widget elementor-widget-image\" data-id=\"a9b867a\" data-element_type=\"widget\" data-e-type=\"widget\" data-widget_type=\"image.default\">\n\t\t\t\t\t\t\t\t\t\t\t\t\t\t\t<img decoding=\"async\" width=\"1024\" height=\"682\" src=\"https:\/\/chaosanlitunbeijing.com\/wp-content\/uploads\/2025\/07\/chao-sanlitun-beijing-hotel-10-1024x682.webp\" class=\"attachment-large size-large wp-image-5576\" alt=\"\" srcset=\"https:\/\/chaosanlitunbeijing.com\/wp-content\/uploads\/2025\/07\/chao-sanlitun-beijing-hotel-10-1024x682.webp 1024w, https:\/\/chaosanlitunbeijing.com\/wp-content\/uploads\/2025\/07\/chao-sanlitun-beijing-hotel-10-300x200.webp 300w, https:\/\/chaosanlitunbeijing.com\/wp-content\/uploads\/2025\/07\/chao-sanlitun-beijing-hotel-10-768x512.webp 768w, https:\/\/chaosanlitunbeijing.com\/wp-content\/uploads\/2025\/07\/chao-sanlitun-beijing-hotel-10.webp 1280w\" sizes=\"(max-width: 1024px) 100vw, 1024px\" \/>\t\t\t\t\t\t\t\t\t\t\t\t\t\t\t<\/div>\n\t\t\t\t\t<\/div>\n\t\t\t\t<\/div>\n\t\t<div class=\"elementor-element elementor-element-b3807d4 e-flex e-con-boxed e-con e-parent\" data-id=\"b3807d4\" data-element_type=\"container\" data-e-type=\"container\">\n\t\t\t\t\t<div class=\"e-con-inner\">\n\t\t\t\t<div class=\"elementor-element elementor-element-646ee35 elementor-widget elementor-widget-text-editor\" data-id=\"646ee35\" data-element_type=\"widget\" data-e-type=\"widget\" data-widget_type=\"text-editor.default\">\n\t\t\t\t\t\t\t\t\t<h2>\ud83c\udfaf \u00bfPor qu\u00e9 elegir Chao Hotel Sanlitun para negocios?<\/h2><p>Esto es lo que nos distingue como alojamiento de negocios preferido en Beijing:<\/p><p>\u2705 <strong>Ubicaci\u00f3n estrat\u00e9gica <\/strong> en el coraz\u00f3n del Distrito de las Embajadas<br \/>\u2705 <strong>Lugares de reuni\u00f3n flexibles <\/strong> con tecnolog\u00eda de punta<br \/>\u2705 <strong>Centro de negocios dedicado <\/strong> con todas las comodidades de oficina<br \/>\u2705 <strong>Conectividad digital perfecta <\/strong> al otro lado de la propiedad<br \/>\u2705 <strong>Habitaciones c\u00f3modas con tecnolog\u00eda integrada <\/strong> para trabajo remoto<br \/>\u2705 <strong>Servicios profesionales de conserjer\u00eda y apoyo para eventos. <\/strong><br \/>\u2705 <strong>Cercan\u00eda a las oportunidades gastron\u00f3micas, de entretenimiento y de networking de Sanlitun. <\/strong><\/p><div class=\"py-2 my-3\"><hr \/><\/div><h2>\u2728 Una combinaci\u00f3n perfecta de trabajo y estilo de vida<\/h2><p>Si bien el Chao Hotel Sanlitun se destaca por ofrecer una infraestructura empresarial de primer nivel, tambi\u00e9n comprende la importancia del equilibrio. Tras un largo d\u00eda de reuniones, los hu\u00e9spedes pueden relajarse en el <strong>bar en la azotea <\/strong>, disfrute de una comida gourmet en el <strong>restaurante en el lugar <\/strong>, o aprovechar la <strong>gimnasio abierto las 24 horas <\/strong>.<\/p><p data-spm-anchor-id=\"a2ty_o01.29997173.0.i57.54d8c921QBSS7F\">Esta combinaci\u00f3n \u00fanica de <strong>Instalaciones que mejoran la productividad y comodidades orientadas al estilo de vida <\/strong> hace que Chao Hotel Sanlitun sea m\u00e1s que un lugar para hospedarse: es un destino donde los negocios prosperan y los profesionales se sienten verdaderamente como en casa.<\/p>\t\t\t\t\t\t\t\t<\/div>\n\t\t\t\t\t<\/div>\n\t\t\t\t<\/div>\n\t\t\t\t<\/div>","protected":false},"excerpt":{"rendered":"<p>Chao Hotel Sanlitun \u2013 Premium Business Facilities in the Heart of Beijing\u2019s Embassy District For professionals and corporate travelers visiting Beijing, Chao Hotel Sanlitun stands out as a premier destination that seamlessly blends modern luxury with high-performance business infrastructure. Located at 4 Gongrentiyuchang E Rd, \u4f7f\u9986\u533a (Embassy District), Chaoyang, Beijing, China (100027) , this boutique-style [&hellip;]<\/p>\n","protected":false},"author":1,"featured_media":0,"parent":0,"menu_order":0,"comment_status":"closed","ping_status":"closed","template":"elementor_header_footer","meta":{"footnotes":""},"class_list":["post-2109","page","type-page","status-publish","hentry","post-no-thumbnail"],"_links":{"self":[{"href":"https:\/\/chaosanlitunbeijing.com\/es\/wp-json\/wp\/v2\/pages\/2109","targetHints":{"allow":["GET"]}}],"collection":[{"href":"https:\/\/chaosanlitunbeijing.com\/es\/wp-json\/wp\/v2\/pages"}],"about":[{"href":"https:\/\/chaosanlitunbeijing.com\/es\/wp-json\/wp\/v2\/types\/page"}],"author":[{"embeddable":true,"href":"https:\/\/chaosanlitunbeijing.com\/es\/wp-json\/wp\/v2\/users\/1"}],"replies":[{"embeddable":true,"href":"https:\/\/chaosanlitunbeijing.com\/es\/wp-json\/wp\/v2\/comments?post=2109"}],"version-history":[{"count":0,"href":"https:\/\/chaosanlitunbeijing.com\/es\/wp-json\/wp\/v2\/pages\/2109\/revisions"}],"wp:attachment":[{"href":"https:\/\/chaosanlitunbeijing.com\/es\/wp-json\/wp\/v2\/media?parent=2109"}],"curies":[{"name":"gracias","href":"https:\/\/api.w.org\/{rel}","templated":true}]}}