{"id":2106,"date":"2021-03-25T04:08:26","date_gmt":"2021-03-25T04:08:26","guid":{"rendered":"http:\/\/localhost\/nuss\/?page_id=298"},"modified":"2025-12-04T08:59:57","modified_gmt":"2025-12-04T08:59:57","slug":"experiencias","status":"publish","type":"page","link":"https:\/\/chaosanlitunbeijing.com\/es\/experiencias\/","title":{"rendered":"Experiencias y rese\u00f1as de clientes"},"content":{"rendered":"<div data-elementor-type=\"wp-page\" data-elementor-id=\"2106\" class=\"elementor elementor-2106\">\n\t\t\t\t\t\t<section class=\"elementor-section elementor-top-section elementor-element elementor-element-1954ffc elementor-section-boxed elementor-section-gap-beside-yes elementor-section-height-default elementor-section-height-default elementor-section-column-vertical-align-stretch\" data-id=\"1954ffc\" data-element_type=\"section\" data-e-type=\"section\">\n\t\t\t\t\t\t<div class=\"elementor-container elementor-column-gap-extended\">\n\t\t\t\t\t<div class=\"elementor-column elementor-col-100 elementor-top-column elementor-element elementor-element-86aebc5\" data-id=\"86aebc5\" data-element_type=\"column\" data-e-type=\"column\">\n\t\t\t<div class=\"elementor-widget-wrap elementor-element-populated\">\n\t\t\t\t\t\t<div class=\"elementor-element elementor-element-11803d1 elementor-widget__width-initial elementor-invisible elementor-widget elementor-widget-text-editor\" data-id=\"11803d1\" data-element_type=\"widget\" data-e-type=\"widget\" data-settings=\"{&quot;_animation&quot;:&quot;nussFadeInUp&quot;}\" data-widget_type=\"text-editor.default\">\n\t\t\t\t\t\t\t\t\tChao Hotel Sanlitun: Experiencias y opiniones excepcionales de nuestros hu\u00e9spedes  \t\t\t\t\t\t\t\t<\/div>\n\t\t\t\t\t<\/div>\n\t\t<\/div>\n\t\t\t\t\t<\/div>\n\t\t<\/section>\n\t\t<div class=\"elementor-element elementor-element-b3eb26f e-flex e-con-boxed e-con e-parent\" data-id=\"b3eb26f\" data-element_type=\"container\" data-e-type=\"container\">\n\t\t\t\t\t<div class=\"e-con-inner\">\n\t\t\t\t<div class=\"elementor-element elementor-element-a442d60 elementor-widget elementor-widget-text-editor\" data-id=\"a442d60\" data-element_type=\"widget\" data-e-type=\"widget\" data-widget_type=\"text-editor.default\">\n\t\t\t\t\t\t\t\t\t<p data-spm-anchor-id=\"a2ty_o01.29997173.0.i38.54d8c921QBSS7F\">A la hora de elegir el hotel perfecto en Pek\u00edn, <strong>Chao Hotel Sanlitun <\/strong> Destaca no solo por su ubicaci\u00f3n privilegiada y su dise\u00f1o moderno, sino tambi\u00e9n por su consistentemente sobresaliente <strong>rese\u00f1as de hu\u00e9spedes <\/strong> en las principales plataformas de viajes como <strong>TripAdvisor <\/strong>, <strong>Booking.com <\/strong>, y <strong>Expedia <\/strong>. Ubicado en <strong>4 Gongrentiyuchang E Rd en el prestigioso \u4f7f\u9986\u533a (Distrito de la Embajada) de Chaoyang <\/strong>Este hotel de lujo estilo boutique se ha convertido en uno de los favoritos entre viajeros internacionales y profesionales locales que buscan comodidad, estilo y un servicio excepcional.<\/p><p data-spm-anchor-id=\"a2ty_o01.29997173.0.i37.54d8c921QBSS7F\">Pero no conf\u00ede solo en nuestras palabras: deje que las voces de hu\u00e9spedes reales cuenten la historia de lo que hace del Chao Hotel Sanlitun uno de los alojamientos mejor valorados de Beijing.<\/p><div class=\"py-2 my-3\"><hr \/><\/div><h2 data-spm-anchor-id=\"a2ty_o01.29997173.0.i35.54d8c921QBSS7F\">Opiniones de viajeros reales: Qu\u00e9 dicen los hu\u00e9spedes<\/h2><h3>\u2705 <strong>Opiniones de TripAdvisor: Una opci\u00f3n siempre destacada <\/strong><\/h3><p>Con una calificaci\u00f3n impresionante en <strong>TripAdvisor <\/strong>El Chao Hotel Sanlitun es elogiado por su <strong>Atenci\u00f3n al detalle, interiores elegantes y personal amable. <\/strong>Los viajeros destacan con frecuencia la combinaci\u00f3n \u00fanica de <strong>Elegancia contempor\u00e1nea y comodidad urbana <\/strong>, por lo que es ideal tanto para estancias de negocios como de ocio.<\/p><blockquote><p><em>\u00a1Una joya escondida en el Distrito de las Embajadas! La habitaci\u00f3n ten\u00eda un dise\u00f1o precioso con toques modernos y era incre\u00edblemente c\u00f3moda. El personal fue amable y atento, y se esforz\u00f3 al m\u00e1ximo para asegurarse de que tuvi\u00e9ramos todo lo necesario. <\/em><br \/>\u2014 <strong>@TravelingArchitect, rese\u00f1a de TripAdvisor <\/strong><\/p><\/blockquote><p>Los hu\u00e9spedes tambi\u00e9n aprecian la <strong>ubicaci\u00f3n estrat\u00e9gica <\/strong>, que ofrece f\u00e1cil acceso a la vibrante vida nocturna de Sanlitun y a centros comerciales de alta gama como <strong>El lugar <\/strong>, y los principales centros diplom\u00e1ticos y comerciales como el <strong>Sede de CCTV <\/strong> y <strong>Centro de negocios de Pek\u00edn <\/strong>.<\/p><blockquote><p><em>Perfectamente ubicado cerca de embajadas y a un corto paseo de excelentes restaurantes y bares. Nos encant\u00f3 la tranquilidad y paz de las habitaciones a pesar de estar en una zona tan c\u00e9ntrica. <\/em><br \/>\u2014 <strong>@GlobalConsultant, rese\u00f1a de TripAdvisor <\/strong><\/p><\/blockquote><div class=\"py-2 my-3\"><hr \/><\/div><h3>\u2705 <strong>Opiniones de Trip.com y Expedia: Altas calificaciones en comodidad y servicio <\/strong><\/h3><p>En <strong>Trip.com <\/strong>El Chao Hotel Sanlitun disfruta de una <strong>Excelente puntuaci\u00f3n de los invitados <\/strong>, con muchos cr\u00edticos elogiando el <strong>Limpieza, comodidad y tecnolog\u00eda de vanguardia <\/strong> que se encuentra en cada habitaci\u00f3n. El hotel <strong>Espacios de trabajo ergon\u00f3micos, Wi-Fi r\u00e1pido y ropa de cama de primera calidad. <\/strong> Son especialmente apreciados por los viajeros de negocios.<\/p><blockquote><p><em>Me aloj\u00e9 aqu\u00ed una semana durante un viaje de negocios y no podr\u00eda haber pedido un lugar mejor. La habitaci\u00f3n era elegante, la cama comod\u00edsima y el desayuno buffet ten\u00eda opciones para todos los gustos, desde platos tradicionales chinos hasta cl\u00e1sicos occidentales. <\/em><br \/>\u2014 <strong>@BusinessTraveler2025, rese\u00f1a de Trip.com <\/strong><\/p><\/blockquote><p>Muchos invitados tambi\u00e9n comentan sobre la <strong>ofertas culinarias <\/strong>, y se\u00f1al\u00f3 que el restaurante del hotel sirve <strong>Algunos de los mejores desayunos y c\u00f3cteles del barrio. <\/strong>.<\/p><blockquote><p><em>El bar de la azotea tiene vistas incre\u00edbles y un ambiente relajado. Un lugar ideal para relajarse despu\u00e9s de un largo d\u00eda de reuniones o visitas tur\u00edsticas. La comida era fresca y sabrosa; \u00a1recomiendo encarecidamente su brunch de dim sum! <\/em><br \/>\u2014 <strong>@FoodieInChina, rese\u00f1a de Expedia <\/strong><\/p><p>\u00a0<\/p><\/blockquote><div class=\"py-2 my-3\"><hr \/><\/div><h3>\u2705 <strong>Rese\u00f1as de Google y Trustpilot: Elogios por la ubicaci\u00f3n y el ambiente <\/strong><\/h3><p>Chao Hotel Sanlitun tambi\u00e9n brilla en <strong>Rese\u00f1as de Google <\/strong> y <strong>Trustpilot <\/strong>, donde los hu\u00e9spedes anteriores enfatizan la <strong>Sofisticaci\u00f3n urbana y ambiente tranquilo <\/strong> de la propiedad. Ya sea que se trate de una escapada de fin de semana o una estancia prolongada, muchos destacan c\u00f3mo el hotel ofrece un <strong>Un escape tranquilo del bullicio de Pek\u00edn <\/strong>, sin sacrificar la proximidad a las mejores atracciones de la ciudad.<\/p><blockquote><p><em>Este hotel se siente m\u00e1s como un refugio para disfrutar de un estilo de vida que como un t\u00edpico hotel de negocios. La decoraci\u00f3n es elegante, la iluminaci\u00f3n suave y las zonas comunes son tan acogedoras que \u00a1no querr\u00e1s irte nunca! <\/em><br \/>\u2014 <strong>@CityExplorer1987, Rese\u00f1a de Google <\/strong><\/p><\/blockquote><p>Otros elogian la <strong>servicio personalizado <\/strong>, se\u00f1alando que el personal a menudo recuerda nombres y preferencias, creando una sensaci\u00f3n de familiaridad incluso en las primeras visitas.<\/p><blockquote><p><em>Desde el check-in hasta el check-out, el servicio fue impecable. Todos eran sonrientes, serviciales y realmente interesados en hacer que tu estancia fuera especial. Sin duda, uno de los hoteles m\u00e1s acogedores en los que me he alojado en China. <\/em><br \/>\u2014 <strong>@SoloFemaleTraveler, revisi\u00f3n de Trustpilot <\/strong><\/p><\/blockquote><div class=\"py-2 my-3\"><hr \/><\/div><h2>\ud83c\udfc6 Por qu\u00e9 Chao Hotel Sanlitun destaca entre sus competidores<\/h2><p>Si bien hay muchos hoteles de lujo en el distrito Chaoyang de Beijing, el Chao Hotel Sanlitun se distingue por:<\/p><ul><li><strong>Dise\u00f1o moderno y minimalista <\/strong> que combina funcionalidad con lujo<\/li><li><strong>Ubicaci\u00f3n estrat\u00e9gica <\/strong> En el coraz\u00f3n del \u00e1rea de las embajadas, cerca de Sanlitun y el CBD de Beijing.<\/li><li><strong>Servicio al cliente excepcional <\/strong> que supera constantemente las expectativas<\/li><li><strong>Servicios de alta calidad <\/strong> Incluye habitaciones con tecnolog\u00eda de punta, instalaciones de bienestar y restaurantes gourmet.<\/li><li><strong>Rese\u00f1as consistentemente positivas <\/strong> en todas las principales agencias de viajes en l\u00ednea (OTA)<\/li><\/ul><p>Ya sea que est\u00e9 planeando un viaje de negocios, una escapada rom\u00e1ntica o una aventura cultural en Beijing, el brillante <strong>rese\u00f1as de hu\u00e9spedes reales <\/strong> Hablan mucho de la experiencia que le espera en Chao Hotel Sanlitun.<\/p><div class=\"py-2 my-3\"><hr \/><\/div><h2>\ud83d\udcdd Reflexiones finales: Reserva tu estancia bas\u00e1ndose en opiniones de viajeros reales<\/h2><p>Antes de reservar su pr\u00f3ximo viaje a Beijing, t\u00f3mese un momento para explorar lo que los viajeros verificados tienen para decir sobre <strong>Chao Hotel Sanlitun <\/strong> en plataformas como <strong>TripAdvisor <\/strong>, <strong>Booking.com <\/strong>, y <strong>Expedia <\/strong>. Con su <strong>Dise\u00f1o lujoso pero sobrio, ubicaci\u00f3n conveniente y hospitalidad cordial. <\/strong>No es de extra\u00f1ar que los hu\u00e9spedes sigan regresando y recomend\u00e1ndolo a otros.<\/p><p data-spm-anchor-id=\"a2ty_o01.29997173.0.i39.54d8c921QBSS7F\">Experimente la magia de alojarse en uno de los hoteles m\u00e1s comentados de Pek\u00edn.\u00a0<\/p>\t\t\t\t\t\t\t\t<\/div>\n\t\t\t\t\t<\/div>\n\t\t\t\t<\/div>\n\t\t\t\t<\/div>","protected":false},"excerpt":{"rendered":"<p>Chao Hotel Sanlitun \u2013 Exceptional Guest Experiences &#038; Reviews When it comes to choosing the perfect hotel in Beijing, Chao Hotel Sanlitun stands out not only for its prime location and modern design but also for its consistently outstanding guest reviews across top travel platforms like TripAdvisor , Booking.com , and Expedia . Located at [&hellip;]<\/p>\n","protected":false},"author":1,"featured_media":0,"parent":0,"menu_order":0,"comment_status":"closed","ping_status":"closed","template":"","meta":{"footnotes":""},"class_list":["post-2106","page","type-page","status-publish","hentry","post-no-thumbnail"],"_links":{"self":[{"href":"https:\/\/chaosanlitunbeijing.com\/es\/wp-json\/wp\/v2\/pages\/2106","targetHints":{"allow":["GET"]}}],"collection":[{"href":"https:\/\/chaosanlitunbeijing.com\/es\/wp-json\/wp\/v2\/pages"}],"about":[{"href":"https:\/\/chaosanlitunbeijing.com\/es\/wp-json\/wp\/v2\/types\/page"}],"author":[{"embeddable":true,"href":"https:\/\/chaosanlitunbeijing.com\/es\/wp-json\/wp\/v2\/users\/1"}],"replies":[{"embeddable":true,"href":"https:\/\/chaosanlitunbeijing.com\/es\/wp-json\/wp\/v2\/comments?post=2106"}],"version-history":[{"count":0,"href":"https:\/\/chaosanlitunbeijing.com\/es\/wp-json\/wp\/v2\/pages\/2106\/revisions"}],"wp:attachment":[{"href":"https:\/\/chaosanlitunbeijing.com\/es\/wp-json\/wp\/v2\/media?parent=2106"}],"curies":[{"name":"gracias","href":"https:\/\/api.w.org\/{rel}","templated":true}]}}