{"id":647,"date":"2021-03-29T02:13:52","date_gmt":"2021-03-29T02:13:52","guid":{"rendered":"http:\/\/localhost\/nuss\/?page_id=647"},"modified":"2025-12-04T09:00:44","modified_gmt":"2025-12-04T09:00:44","slug":"dienstleistungen","status":"publish","type":"page","link":"https:\/\/chaosanlitunbeijing.com\/de\/dienstleistungen\/","title":{"rendered":"Leistungen"},"content":{"rendered":"<div data-elementor-type=\"wp-page\" data-elementor-id=\"647\" class=\"elementor elementor-647\">\n\t\t\t\t\t\t<section class=\"elementor-section elementor-top-section elementor-element elementor-element-3353bc8 elementor-section-boxed elementor-section-gap-beside-yes elementor-section-height-default elementor-section-height-default elementor-section-column-vertical-align-stretch\" data-id=\"3353bc8\" data-element_type=\"section\" data-e-type=\"section\">\n\t\t\t\t\t\t<div class=\"elementor-container elementor-column-gap-extended\">\n\t\t\t\t\t<div class=\"elementor-column elementor-col-100 elementor-top-column elementor-element elementor-element-0a2bc64\" data-id=\"0a2bc64\" data-element_type=\"column\" data-e-type=\"column\">\n\t\t\t<div class=\"elementor-widget-wrap elementor-element-populated\">\n\t\t\t\t\t\t<div class=\"elementor-element elementor-element-447e3ef elementor-widget__width-initial elementor-invisible elementor-widget elementor-widget-text-editor\" data-id=\"447e3ef\" data-element_type=\"widget\" data-e-type=\"widget\" data-settings=\"{&quot;_animation&quot;:&quot;nussFadeInUp&quot;}\" data-widget_type=\"text-editor.default\">\n\t\t\t\t\t\t\t\t\t<p>Au\u00dfergew\u00f6hnlicher Service im Chao Hotel Sanlitun \u2013 Die Kunst der Gastfreundschaft im Botschaftsviertel von Peking<\/p>\t\t\t\t\t\t\t\t<\/div>\n\t\t\t\t\t<\/div>\n\t\t<\/div>\n\t\t\t\t\t<\/div>\n\t\t<\/section>\n\t\t<div class=\"elementor-element elementor-element-b62c3ab e-flex e-con-boxed e-con e-parent\" data-id=\"b62c3ab\" data-element_type=\"container\" data-e-type=\"container\">\n\t\t\t\t\t<div class=\"e-con-inner\">\n\t\t\t\t<div class=\"elementor-element elementor-element-f5c7db4 elementor-widget elementor-widget-text-editor\" data-id=\"f5c7db4\" data-element_type=\"widget\" data-e-type=\"widget\" data-widget_type=\"text-editor.default\">\n\t\t\t\t\t\t\t\t\t<p data-spm-anchor-id=\"a2ty_o01.29997173.0.i98.54d8c921QBSS7F\">Bei <strong data-spm-anchor-id=\"a2ty_o01.29997173.0.i97.54d8c921QBSS7F\">Chao Hotel Sanlitun <\/strong>, gelegen in <strong>4 Gongrentiyuchang E Rd, \u4f7f\u9986\u533a (Botschaftsbezirk), Chaoyang, Peking, China, 100027 <\/strong>Service ist mehr als ein Versprechen \u2013 er ist eine Philosophie. Wir glauben, dass wahre Gastfreundschaft nicht nur in unserem Angebot liegt, sondern auch in der Art und Weise, wie wir es umsetzen. Jedes G\u00e4steerlebnis wird sorgf\u00e4ltig zusammengestellt, um eine Balance aus modernem Luxus, kultureller Tiefe und pers\u00f6nlicher Betreuung zu schaffen. Ob Sie gesch\u00e4ftlich oder privat unterwegs sind, unsere umfassenden Services sorgen daf\u00fcr, dass Ihr Aufenthalt reibungslos, unvergesslich und einzigartig wird.<\/p><p>Schon bei Ihrer Ankunft werden Sie merken, dass sich das Chao Hotel Sanlitun von anderen abhebt \u2013 nicht nur durch sein elegantes Design und seine erstklassige Lage, sondern auch durch die Herzlichkeit, Pr\u00e4zision und Sorgfalt, die in jedem Kontakt steckt. Unser Team ist geschult, Ihre W\u00fcnsche zu erkennen, bevor Sie sie \u00e4u\u00dfern, und sorgt daf\u00fcr, dass Ihr Aufenthalt bei uns ebenso entspannt wie angenehm ist.<\/p><div class=\"py-2 my-3\"><hr \/><\/div><h2>\ud83e\uddf3 Ankunft und Abreise: Ein nahtloses Erlebnis<\/h2><p>Wir wissen, dass Reisen unvorhersehbar sein k\u00f6nnen. Deshalb m\u00f6chten wir Ihre Ankunft und Abreise so reibungslos wie m\u00f6glich gestalten. Beim Check-in werden Sie von mehrsprachigem Personal begr\u00fc\u00dft, das Ihnen effizienten Service und eine pers\u00f6nliche Note bietet \u2013 sei es, sich Ihren Namen zu merken oder Ihren Lieblingstee zu empfehlen.<\/p><ul><li><strong>Fr\u00fches Einchecken und sp\u00e4tes Auschecken <\/strong> (je nach Verf\u00fcgbarkeit)<\/li><li><strong>Gep\u00e4ckhilfe <\/strong> und sichere Aufbewahrung vor und nach dem Check-in<\/li><li><strong>Privater Flughafentransfer <\/strong> (auf Anfrage gegen Aufpreis erh\u00e4ltlich)<\/li><li><strong>Parkservice und Selbstparkoptionen <\/strong> mit sicherer Tiefgarage<\/li><\/ul><p>Unsere Rezeption ist rund um die Uhr besetzt, um sicherzustellen, dass Sie unabh\u00e4ngig von Ihrer Ankunftszeit professionell und freundlich empfangen werden.<\/p><div class=\"py-2 my-3\"><hr \/><\/div><h2>\ud83d\udece\ufe0f Personalisierter G\u00e4steservice: Mehr als nur ein Traum<\/h2><p>Im Chao Hotel Sanlitun legen wir Wert auf individuellen Service. Egal, ob Sie nur eine Nacht oder mehrere Wochen bleiben, unser Concierge- und G\u00e4steservice-Team steht Ihnen jederzeit zur Verf\u00fcgung:<\/p><h3>\ud83c\udf0d Mehrsprachiger Concierge<\/h3><p>Da viele unserer G\u00e4ste aus verschiedenen Teilen der Welt stammen, sind wir stolz darauf, eine <strong>mehrsprachiges Concierge-Team <\/strong> Wir sprechen flie\u00dfend Mandarin, Englisch und andere wichtige Sprachen. Von Restaurantreservierungen \u00fcber Veranstaltungsbuchungen und Visa-Unterst\u00fctzung bis hin zu kulturellen Empfehlungen sorgt unser Team daf\u00fcr, dass Sie sich in Peking sicher und entspannt zurechtfinden.<\/p><h3>\ud83d\udcc5 Reise- und Eventplanung<\/h3><p>M\u00f6chten Sie Peking wie ein Einheimischer erkunden? Ben\u00f6tigen Sie Hilfe bei der Organisation einer privaten Tour durch die Verbotene Stadt oder bei der Buchung von Tickets f\u00fcr eine kulturelle Veranstaltung? Unsere <strong>personalisierter Reiseplanungsservice <\/strong> hilft Ihnen, die Stadt jenseits der Reisef\u00fchrer zu entdecken.<\/p><p>Auch Gesch\u00e4ftsreisende profitieren von unserer Unterst\u00fctzung bei der Organisation von:<\/p><ul><li>Besprechungsr\u00e4ume und Coworking Spaces<\/li><li>\u00dcbersetzungs- und Dolmetscherdienste<\/li><li>Drucken, Faxen und Dokumentenvorbereitung<\/li><li>B\u00fcrobedarfslieferung und Kurierdienste<\/li><\/ul><h3>\ud83e\uddf8 Zimmerw\u00fcnsche und besondere Anl\u00e4sse<\/h3><p>Egal, ob Sie einen Geburtstag oder ein Jubil\u00e4um feiern oder einen gro\u00dfen Gesch\u00e4ftsabschluss t\u00e4tigen m\u00f6chten, unsere Mitarbeiter k\u00f6nnen Folgendes arrangieren:<\/p><ul><li>Blumenarrangements und Champagnerservice<\/li><li>Individuelle Raumdekorationen<\/li><li>Private Speiseerlebnisse im Zimmer oder in unseren VIP-Lounges<\/li><li>\u00dcberraschungsgeschenke und Willkommensgeschenke<\/li><\/ul><p>Sie m\u00fcssen nur fragen \u2013 wir k\u00fcmmern uns um den Rest.<\/p><div class=\"py-2 my-3\"><hr \/><\/div><h2>\ud83c\udfe8 Zimmer- und Suite-Services: Auf Komfort und Bequemlichkeit ausgelegt<\/h2><p>Jedes G\u00e4stezimmer und jede Suite im Chao Hotel Sanlitun ist mit Annehmlichkeiten ausgestattet, die sowohl Produktivit\u00e4t als auch Entspannung f\u00f6rdern. Unser Service geht \u00fcber die R\u00e4umlichkeiten hinaus und sorgt f\u00fcr Ihren Komfort w\u00e4hrend Ihres gesamten Aufenthalts.<\/p><h3>\ud83d\udecb\ufe0f Hauswirtschaft &amp; Instandhaltung<\/h3><p>T\u00e4gliche Zimmerreinigung sorgt daf\u00fcr, dass Ihr Zimmer stets makellos sauber und gut ausgestattet ist. Sollten Sie etwas ben\u00f6tigen \u2013 von zus\u00e4tzlichen Kissen bis hin zu dringenden Reparaturen \u2013 reagieren unsere Wartungs- und Reinigungsteams schnell und diskret.<\/p><h3>\ud83d\udd0c Technisch integrierte R\u00e4ume<\/h3><p>Jedes Zimmer verf\u00fcgt \u00fcber:<\/p><ul><li><strong>Highspeed-WLAN <\/strong> mit Premium-Bandbreitenoptionen<\/li><li><strong>Intelligente Bedienfelder <\/strong> f\u00fcr Beleuchtung, Temperatur und Vorh\u00e4nge<\/li><li><strong>USB-C- und USB-A-Ladeanschl\u00fcsse <\/strong><\/li><li><strong>Bluetooth-f\u00e4hige Lautsprecher <\/strong> und Ger\u00e4uschunterdr\u00fcckungstechnologie<\/li><\/ul><p>Perfekt f\u00fcr digitale Nomaden, Remote-Mitarbeiter und Vielreisende, die nahtlose Konnektivit\u00e4t und intuitive technische Integration verlangen.<\/p><h3>\ud83e\uddfc W\u00e4scherei &amp; chemische Reinigung<\/h3><p>F\u00fcr ausgew\u00e4hlte Artikel steht ein kostenloser Express-W\u00e4scheservice zur Verf\u00fcgung. Eine komplette chemische Reinigung ist gegen Aufpreis m\u00f6glich. Fr\u00fchmorgens aufgegebene Bestellungen k\u00f6nnen oft noch am selben Tag zur\u00fcckgegeben werden.<\/p><div class=\"py-2 my-3\"><hr \/><\/div><h2>\ud83c\udf7d\ufe0f Kulinarische Services: Vom Morgenkaffee bis zum Gourmet-Dinner<\/h2><p>Das Essen spielt bei unserem G\u00e4steerlebnis eine zentrale Rolle und unsere kulinarischen Dienstleistungen sind darauf ausgelegt, selbst die anspruchsvollsten Gaumen zu erfreuen.<\/p><h3>\u2615 Speisen im Zimmer<\/h3><p>Unser rund um die Uhr erreichbarer <strong>Zimmerservice-Men\u00fc <\/strong> Das Angebot umfasst alles von leichten Snacks und Wellness-Mahlzeiten bis hin zu herzhaften Hauptgerichten und Desserts. G\u00e4ste k\u00f6nnen \u00fcber das Tablet im Zimmer oder per App bestellen. Die Lieferung erfolgt innerhalb von 30 Minuten.<\/p><h3>\ud83e\udd58 Restaurant- und Barservice<\/h3><p>Unser Signature-Restaurant bietet:<\/p><ul><li><strong>Fr\u00fchst\u00fccksbuffet <\/strong> mit chinesischen und westlichen Spezialit\u00e4ten<\/li><li><strong>Mittag- und Abendessen \u00e0 la carte <\/strong> mit saisonalen Ver\u00e4nderungen<\/li><li><strong>Bar auf dem Dach <\/strong> serviert handgemachte Cocktails, erlesene Weine und Panoramablick<\/li><\/ul><p>Das Restaurant bietet auch <strong>w\u00f6chentliche Themenabende, Weinproben und Live-Musik-Abende <\/strong>, wodurch eine lebendige, gesellige Atmosph\u00e4re sowohl f\u00fcr Hotelg\u00e4ste als auch f\u00fcr einheimische Stammg\u00e4ste entsteht.<\/p><h3>\ud83c\udf89 Privates Essen &amp; Catering<\/h3><p>F\u00fcr private Feiern oder exklusive Gesch\u00e4ftsveranstaltungen bieten wir <strong>halbprivate und vollst\u00e4ndig private Speises\u00e4le <\/strong> mit individuellen Men\u00fcs und engagiertem Service. F\u00fcr Tagungen und Konferenzen im Hotel steht auch ein Catering-Service f\u00fcr Unternehmen zur Verf\u00fcgung.<\/p><div class=\"py-2 my-3\"><hr \/><\/div><h2>\ud83d\udcbc Business- und Konferenzdienste: Unterst\u00fctzung professioneller Exzellenz<\/h2><p>Als bevorzugtes Ziel f\u00fcr internationale Fachleute und Diplomaten bietet das Chao Hotel Sanlitun umfassende Gesch\u00e4ftsdienste zur Unterst\u00fctzung von Produktivit\u00e4t und Zusammenarbeit.<\/p><h3>\ud83d\udce2 Tagungs- und Veranstaltungsr\u00e4ume<\/h3><p>Unser Hotel verf\u00fcgt \u00fcber mehrere <strong>Besprechungsr\u00e4ume, Sitzungss\u00e4le und Co-Working-Lounges <\/strong>, jeweils ausgestattet mit:<\/p><ul><li>Highspeed-Internet<\/li><li>Intelligente Projektoren und LED-Displays<\/li><li>Schalldichte W\u00e4nde<\/li><li>Einstellbare Beleuchtungs- und Klimasteuerung<\/li><\/ul><p>Diese Veranstaltungsorte eignen sich ideal f\u00fcr Treffen kleiner Gruppen, Pressekonferenzen, Schulungen und Networking-Events.<\/p><h3>\ud83d\udda8\ufe0f Gesch\u00e4ftszentrum<\/h3><p>Ein voll funktionsf\u00e4higes <strong>Gesch\u00e4ftszentrum <\/strong> ist f\u00fcr unabh\u00e4ngige Reisende verf\u00fcgbar, die Folgendes ben\u00f6tigen:<\/p><ul><li>Computerstationen mit Microsoft Office-Paket<\/li><li>Drucken, Scannen, Kopieren und Faxen<\/li><li>Ladestationen und Universalsteckdosen<\/li><li>Sekretariatsunterst\u00fctzung auf Anfrage<\/li><\/ul><p>Unsere Mitarbeiter unterst\u00fctzen Sie gerne bei der Vorbereitung von Dokumenten, dem Versenden von E-Mails oder der Organisation dringender Druckauftr\u00e4ge.<\/p><div class=\"py-2 my-3\"><hr \/><\/div><h2>\ud83e\uddd8\u200d\u2640\ufe0f Wellness- und Freizeitangebote: Tanken Sie neue Energie f\u00fcr K\u00f6rper und Geist<\/h2><p>Auch wenn Sie beruflich nach Peking reisen, sorgen unsere Wellness-Angebote daf\u00fcr, dass Sie unterwegs nicht vergessen, auf sich selbst zu achten.<\/p><h3>\ud83c\udfc3\u200d\u2642\ufe0f Fitnesscenter<\/h3><p>Unser rund um die Uhr ge\u00f6ffnetes <strong>hochmodernes Fitnesscenter <\/strong> Merkmale:<\/p><ul><li>Laufb\u00e4nder, Crosstrainer und Heimtrainer<\/li><li>Freie Gewichte und Widerstandsb\u00e4nder<\/li><li>Yogamatten und Dehnungszonen<\/li><li>Intelligente Spiegel und Audio-Leitsysteme<\/li><\/ul><p>Egal, ob Sie ein begeisterter Fitnessstudiobesucher sind oder sich nach einem langen Flug einfach nur dehnen m\u00f6chten, unser Fitnessstudio unterst\u00fctzt Sie bei Ihren Gesundheitszielen.<\/p><h3>\ud83e\uddd6\u200d\u2642\ufe0f Spa- und Massageservices<\/h3><p>Obwohl wir derzeit mit nahegelegenen Wellness-Zentren zusammenarbeiten, k\u00f6nnen G\u00e4ste ganz einfach buchen <strong>therapeutische Massagen, Gesichtsbehandlungen und K\u00f6rpertherapien <\/strong> \u00fcber unseren Concierge-Schalter. Diese Services eignen sich perfekt zum Entspannen nach einem langen Tag voller Meetings oder Besichtigungen.<\/p><div class=\"py-2 my-3\"><hr \/><\/div><h2>\ud83e\uddf9 Nachhaltigkeit und gesellschaftliches Engagement<\/h2><p>Neben den Dienstleistungen f\u00fcr G\u00e4ste engagiert sich das Chao Hotel Sanlitun f\u00fcr verantwortungsvollen Tourismus und gesellschaftliches Engagement. Wir setzen nachhaltige Praktiken um, darunter:<\/p><ul><li>Energieeffiziente Beleuchtungs- und Wassersparsysteme<\/li><li>Richtlinie zur Reduzierung von Einwegplastik<\/li><li>Unterst\u00fctzung f\u00fcr lokale Handwerker und kleine Unternehmen<\/li><\/ul><p>G\u00e4ste werden ermutigt, w\u00e4hrend ihres Aufenthalts an umweltfreundlichen Initiativen teilzunehmen, darunter umweltfreundliche Transportoptionen und kulturelle Workshops, die in Zusammenarbeit mit lokalen Organisationen veranstaltet werden.<\/p><div class=\"py-2 my-3\"><hr \/><\/div><h2>\u2728 Abschlie\u00dfende Gedanken: Service, bei dem Sie sich wie zu Hause f\u00fchlen<\/h2><p>Im Chao Hotel Sanlitun geht es beim Service nicht nur darum, Erwartungen zu erf\u00fcllen \u2013 es geht darum, sie auf bedeutsame und unvergessliche Weise zu \u00fcbertreffen. Ob Sie f\u00fcr eine einw\u00f6chige Gesch\u00e4ftsreise, einen romantischen Kurzurlaub oder einen kurzen Zwischenstopp zwischen zwei Fl\u00fcgen hier sind, unser Team arbeitet unerm\u00fcdlich daran, jedes Detail Ihres Aufenthalts mit Sorgfalt zu behandeln.<\/p><p data-spm-anchor-id=\"a2ty_o01.29997173.0.i95.54d8c921QBSS7F\">Vom herzlichen L\u00e4cheln an der Rezeption bis hin zur perfekt gebr\u00fchten Tasse Tee, die an Ihre T\u00fcr geliefert wird, ist jeder unserer Services von Zielstrebigkeit, Kultur und tiefem Respekt gegen\u00fcber unseren G\u00e4sten gepr\u00e4gt.<\/p>\t\t\t\t\t\t\t\t<\/div>\n\t\t\t\t\t<\/div>\n\t\t\t\t<\/div>\n\t\t\t\t<\/div>","protected":false},"excerpt":{"rendered":"<p>Exceptional Services at Chao Hotel Sanlitun \u2013 Elevating the Art of Hospitality in Beijing\u2019s Embassy District At Chao Hotel Sanlitun , located at 4 Gongrentiyuchang E Rd, \u4f7f\u9986\u533a (Embassy District), Chaoyang, Beijing, China, 100027 , service is more than a promise\u2014it&#8217;s a philosophy. We believe that true hospitality lies not just in what we offer, [&hellip;]<\/p>\n","protected":false},"author":1,"featured_media":0,"parent":0,"menu_order":0,"comment_status":"closed","ping_status":"closed","template":"","meta":{"footnotes":""},"class_list":["post-647","page","type-page","status-publish","hentry","post-no-thumbnail"],"_links":{"self":[{"href":"https:\/\/chaosanlitunbeijing.com\/de\/wp-json\/wp\/v2\/pages\/647","targetHints":{"allow":["GET"]}}],"collection":[{"href":"https:\/\/chaosanlitunbeijing.com\/de\/wp-json\/wp\/v2\/pages"}],"about":[{"href":"https:\/\/chaosanlitunbeijing.com\/de\/wp-json\/wp\/v2\/types\/page"}],"author":[{"embeddable":true,"href":"https:\/\/chaosanlitunbeijing.com\/de\/wp-json\/wp\/v2\/users\/1"}],"replies":[{"embeddable":true,"href":"https:\/\/chaosanlitunbeijing.com\/de\/wp-json\/wp\/v2\/comments?post=647"}],"version-history":[{"count":0,"href":"https:\/\/chaosanlitunbeijing.com\/de\/wp-json\/wp\/v2\/pages\/647\/revisions"}],"wp:attachment":[{"href":"https:\/\/chaosanlitunbeijing.com\/de\/wp-json\/wp\/v2\/media?parent=647"}],"curies":[{"name":"wp","href":"https:\/\/api.w.org\/{rel}","templated":true}]}}