{"id":5266,"date":"2021-07-18T08:03:35","date_gmt":"2021-07-18T08:03:35","guid":{"rendered":"https:\/\/nuss.uxper.co\/luxury-resort\/?page_id=5266"},"modified":"2025-12-04T08:59:23","modified_gmt":"2025-12-04T08:59:23","slug":"uber-uns","status":"publish","type":"page","link":"https:\/\/chaosanlitunbeijing.com\/de\/uber-uns\/","title":{"rendered":"\u00dcber uns"},"content":{"rendered":"<div data-elementor-type=\"wp-page\" data-elementor-id=\"5266\" class=\"elementor elementor-5266\">\n\t\t\t\t\t\t<section class=\"elementor-section elementor-top-section elementor-element elementor-element-10416953 elementor-section-boxed elementor-section-gap-beside-yes elementor-section-height-default elementor-section-height-default elementor-section-column-vertical-align-stretch\" data-id=\"10416953\" data-element_type=\"section\" data-e-type=\"section\">\n\t\t\t\t\t\t<div class=\"elementor-container elementor-column-gap-extended\">\n\t\t\t\t\t<div class=\"elementor-column elementor-col-100 elementor-top-column elementor-element elementor-element-29c6aa8\" data-id=\"29c6aa8\" data-element_type=\"column\" data-e-type=\"column\">\n\t\t\t<div class=\"elementor-widget-wrap elementor-element-populated\">\n\t\t\t\t\t\t<div class=\"elementor-element elementor-element-7be18fe7 elementor-widget__width-initial elementor-invisible elementor-widget elementor-widget-text-editor\" data-id=\"7be18fe7\" data-element_type=\"widget\" data-e-type=\"widget\" data-settings=\"{&quot;_animation&quot;:&quot;nussFadeInUp&quot;}\" data-widget_type=\"text-editor.default\">\n\t\t\t\t\t\t\t\t\tChao Hotel Sanlitun \u2013 Ein moderner urbaner R\u00fcckzugsort im Botschaftsviertel von Peking  \t\t\t\t\t\t\t\t<\/div>\n\t\t\t\t\t<\/div>\n\t\t<\/div>\n\t\t\t\t\t<\/div>\n\t\t<\/section>\n\t\t\t\t<section class=\"elementor-section elementor-top-section elementor-element elementor-element-7d18327f elementor-section-boxed elementor-section-gap-beside-yes elementor-section-height-default elementor-section-height-default elementor-section-column-vertical-align-stretch\" data-id=\"7d18327f\" data-element_type=\"section\" data-e-type=\"section\">\n\t\t\t\t\t\t<div class=\"elementor-container elementor-column-gap-extended\">\n\t\t\t\t\t<div class=\"elementor-column elementor-col-50 elementor-top-column elementor-element elementor-element-56533670\" data-id=\"56533670\" data-element_type=\"column\" data-e-type=\"column\">\n\t\t\t<div class=\"elementor-widget-wrap elementor-element-populated\">\n\t\t\t\t\t\t<div class=\"elementor-element elementor-element-19c3f543 elementor-invisible elementor-widget elementor-widget-text-editor\" data-id=\"19c3f543\" data-element_type=\"widget\" data-e-type=\"widget\" data-settings=\"{&quot;_animation&quot;:&quot;nussFadeInUp&quot;}\" data-widget_type=\"text-editor.default\">\n\t\t\t\t\t\t\t\t\t<p>Willkommen bei <strong>Chao Hotel Sanlitun <\/strong>, ein stilvolles und modernes Luxushotel im Herzen von <strong>Pekings prestigetr\u00e4chtiger Bezirk Chaoyang <\/strong> Das Chao Hotel befindet sich in der Gongrentiyuchang E Road 4 im exklusiven Botschaftsviertel. Es bietet eine unschlagbare Kombination aus erstklassiger Lage, modernem Design und au\u00dfergew\u00f6hnlichem Service und ist das perfekte Reiseziel f\u00fcr internationale Reisende und lokale Gesch\u00e4ftsleute, die Komfort, Eleganz und Komfort in einem der dynamischsten Viertel Pekings suchen.<\/p><p>Nur wenige Minuten vom pulsierenden <strong>Unterhaltungsviertel Sanlitun <\/strong>Das Chao Hotel Sanlitun bietet einfachen Zugang zu einigen der besten Einkaufszentren, gehobenen Restaurants, kulturellen Sehensw\u00fcrdigkeiten und diplomatischen Vertretungen der Stadt. Ob gesch\u00e4ftlich oder privat, dieses gehobene urbane Refugium bietet eine nahtlose Verbindung von Produktivit\u00e4t und Vergn\u00fcgen in einem schicken und durchdachten Ambiente.<\/p>\t\t\t\t\t\t\t\t<\/div>\n\t\t\t\t\t<\/div>\n\t\t<\/div>\n\t\t\t\t<div class=\"elementor-column elementor-col-50 elementor-top-column elementor-element elementor-element-30f14127\" data-id=\"30f14127\" data-element_type=\"column\" data-e-type=\"column\">\n\t\t\t<div class=\"elementor-widget-wrap elementor-element-populated\">\n\t\t\t\t\t\t<div class=\"elementor-element elementor-element-350da02e elementor-invisible nuss-elementor-loading nuss-slide-in-left elementor-widget elementor-widget-image\" data-id=\"350da02e\" data-element_type=\"widget\" data-e-type=\"widget\" data-settings=\"{&quot;_animation&quot;:&quot;nussSlideInLeft&quot;}\" data-widget_type=\"image.default\">\n\t\t\t\t\t\t\t\t\t\t\t\t\t\t\t<img fetchpriority=\"high\" decoding=\"async\" width=\"555\" height=\"853\" src=\"https:\/\/chaosanlitunbeijing.com\/wp-content\/uploads\/2025\/07\/chao-sanlitun-beijing-hotel-104.webp\" class=\"attachment-full size-full wp-image-5670\" alt=\"\" srcset=\"https:\/\/chaosanlitunbeijing.com\/wp-content\/uploads\/2025\/07\/chao-sanlitun-beijing-hotel-104.webp 555w, https:\/\/chaosanlitunbeijing.com\/wp-content\/uploads\/2025\/07\/chao-sanlitun-beijing-hotel-104-195x300.webp 195w\" sizes=\"(max-width: 555px) 100vw, 555px\" \/>\t\t\t\t\t\t\t\t\t\t\t\t\t\t\t<\/div>\n\t\t\t\t\t<\/div>\n\t\t<\/div>\n\t\t\t\t\t<\/div>\n\t\t<\/section>\n\t\t\t\t<section class=\"elementor-section elementor-top-section elementor-element elementor-element-29fb8578 elementor-section-height-min-height elementor-section-stretched elementor-section-full_width elementor-section-items-stretch elementor-section-height-default elementor-section-column-vertical-align-stretch\" data-id=\"29fb8578\" data-element_type=\"section\" data-e-type=\"section\" data-settings=\"{&quot;stretch_section&quot;:&quot;section-stretched&quot;}\">\n\t\t\t\t\t\t<div class=\"elementor-container elementor-column-gap-no\">\n\t\t\t\t\t<div class=\"elementor-column elementor-col-50 elementor-top-column elementor-element elementor-element-40ac270b\" data-id=\"40ac270b\" data-element_type=\"column\" data-e-type=\"column\">\n\t\t\t<div class=\"elementor-widget-wrap elementor-element-populated\">\n\t\t\t\t\t\t<div class=\"elementor-element elementor-element-20872773 elementor-widget__width-initial elementor-widget-mobile__width-inherit elementor-invisible nuss-elementor-loading nuss-slide-in-right elementor-widget elementor-widget-image\" data-id=\"20872773\" data-element_type=\"widget\" data-e-type=\"widget\" data-settings=\"{&quot;_animation&quot;:&quot;nussSlideInRight&quot;}\" data-widget_type=\"image.default\">\n\t\t\t\t\t\t\t\t\t\t\t\t\t\t\t<img decoding=\"async\" width=\"1137\" height=\"853\" src=\"https:\/\/chaosanlitunbeijing.com\/wp-content\/uploads\/2025\/07\/chao-sanlitun-beijing-hotel-7.webp\" class=\"attachment-full size-full wp-image-5573\" alt=\"\" srcset=\"https:\/\/chaosanlitunbeijing.com\/wp-content\/uploads\/2025\/07\/chao-sanlitun-beijing-hotel-7.webp 1137w, https:\/\/chaosanlitunbeijing.com\/wp-content\/uploads\/2025\/07\/chao-sanlitun-beijing-hotel-7-300x225.webp 300w, https:\/\/chaosanlitunbeijing.com\/wp-content\/uploads\/2025\/07\/chao-sanlitun-beijing-hotel-7-1024x768.webp 1024w, https:\/\/chaosanlitunbeijing.com\/wp-content\/uploads\/2025\/07\/chao-sanlitun-beijing-hotel-7-768x576.webp 768w\" sizes=\"(max-width: 1137px) 100vw, 1137px\" \/>\t\t\t\t\t\t\t\t\t\t\t\t\t\t\t<\/div>\n\t\t\t\t\t<\/div>\n\t\t<\/div>\n\t\t\t\t<div class=\"elementor-column elementor-col-50 elementor-top-column elementor-element elementor-element-2dac103\" data-id=\"2dac103\" data-element_type=\"column\" data-e-type=\"column\">\n\t\t\t<div class=\"elementor-widget-wrap elementor-element-populated\">\n\t\t\t\t\t\t<div class=\"elementor-element elementor-element-6f1b8966 elementor-invisible elementor-widget elementor-widget-text-editor\" data-id=\"6f1b8966\" data-element_type=\"widget\" data-e-type=\"widget\" data-settings=\"{&quot;_animation&quot;:&quot;nussFadeInUp&quot;}\" data-widget_type=\"text-editor.default\">\n\t\t\t\t\t\t\t\t\t<h2 data-spm-anchor-id=\"a2ty_o01.29997173.0.i18.54d8c921QBSS7F\">Erstklassige Lage im Herzen des Botschaftsviertels<\/h2><p data-spm-anchor-id=\"a2ty_o01.29997173.0.i19.54d8c921QBSS7F\">Strategisch g\u00fcnstig gelegen in der <strong>\u4f7f\u9986\u533a (Botschaftsviertel) <\/strong> Das Chao Hotel Sanlitun liegt in Chaoyang und bietet seinen G\u00e4sten eine unvergleichliche N\u00e4he zu ausl\u00e4ndischen Botschaften, multinationalen Unternehmen und wichtigen Gesch\u00e4ftszentren wie <strong>CCTV-Zentrale <\/strong> und die <strong>Zentrales Gesch\u00e4ftsviertel (CBD) von Peking <\/strong>. Die Adresse des Hotels\u2014<strong>4 Gongrentiyuchang E Rd <\/strong>\u2013 bringt Sie ins Zentrum des Geschehens, mit schnellem Zugang zu Verkehrsmitteln, wichtigen Beh\u00f6rden und internationalen Schulen.<\/p><p>F\u00fcr diejenigen, die Pekings reiche Kulturszene erkunden m\u00f6chten, gibt es nahegelegene Attraktionen wie das <strong>Nationalmuseum von China <\/strong>, <strong>Olympiapark <\/strong>und die historische <strong>Himmelstempel <\/strong>. Shopping-Fans werden es zu sch\u00e4tzen wissen, nur wenige Schritte entfernt von <strong>Der Ort <\/strong>, <strong>Raffles City <\/strong>, und andere erstklassige Einzelhandelsziele.<\/p>\t\t\t\t\t\t\t\t<\/div>\n\t\t\t\t\t<\/div>\n\t\t<\/div>\n\t\t\t\t\t<\/div>\n\t\t<\/section>\n\t\t\t\t<section class=\"elementor-section elementor-top-section elementor-element elementor-element-c639860 elementor-section-height-min-height elementor-section-stretched elementor-section-full_width elementor-section-items-stretch elementor-section-height-default elementor-section-column-vertical-align-stretch\" data-id=\"c639860\" data-element_type=\"section\" data-e-type=\"section\" data-settings=\"{&quot;stretch_section&quot;:&quot;section-stretched&quot;}\">\n\t\t\t\t\t\t<div class=\"elementor-container elementor-column-gap-no\">\n\t\t\t\t\t<div class=\"elementor-column elementor-col-50 elementor-top-column elementor-element elementor-element-3bf6d9f\" data-id=\"3bf6d9f\" data-element_type=\"column\" data-e-type=\"column\">\n\t\t\t<div class=\"elementor-widget-wrap elementor-element-populated\">\n\t\t\t\t\t\t<div class=\"elementor-element elementor-element-d515c3c elementor-widget elementor-widget-heading\" data-id=\"d515c3c\" data-element_type=\"widget\" data-e-type=\"widget\" data-widget_type=\"heading.default\">\n\t\t\t\t\t<h2 class=\"elementor-heading-title elementor-size-default\">Zeitgen\u00f6ssisches Design trifft auf funktionalen Luxus <\/h2>\t\t\t\t<\/div>\n\t\t\t\t<div class=\"elementor-element elementor-element-617b738 elementor-invisible elementor-widget elementor-widget-text-editor\" data-id=\"617b738\" data-element_type=\"widget\" data-e-type=\"widget\" data-settings=\"{&quot;_animation&quot;:&quot;nussFadeInUp&quot;}\" data-widget_type=\"text-editor.default\">\n\t\t\t\t\t\t\t\t\t<p data-spm-anchor-id=\"a2ty_o01.29997173.0.i21.54d8c921QBSS7F\">Im Chao Hotel Sanlitun trifft moderne \u00c4sthetik auf praktische Eleganz. Jedes Zimmer und jede Suite ist sorgf\u00e4ltig gestaltet und bietet einen ruhigen R\u00fcckzugsort vom gesch\u00e4ftigen Treiben der Stadt. Mit eleganter Einrichtung, raumhohen Fenstern, intelligenter Technologie und hochwertiger Bettw\u00e4sche bieten die Unterk\u00fcnfte maximalen Komfort ohne Kompromisse beim Stil.<\/p><p data-spm-anchor-id=\"a2ty_o01.29997173.0.i20.54d8c921QBSS7F\">Highspeed-WLAN, ergonomische Arbeitsbereiche und erstklassige Annehmlichkeiten erf\u00fcllen die Bed\u00fcrfnisse moderner Gesch\u00e4ftsreisender, w\u00e4hrend sanfte Beleuchtung, stimmungsvolle Innenausstattung und luxuri\u00f6se Badezimmer eine entspannte Atmosph\u00e4re schaffen, die ideal zum Entspannen nach einem langen Tag voller Meetings oder Besichtigungen ist.<\/p>\t\t\t\t\t\t\t\t<\/div>\n\t\t\t\t\t<\/div>\n\t\t<\/div>\n\t\t\t\t<div class=\"elementor-column elementor-col-50 elementor-top-column elementor-element elementor-element-5ddffa1\" data-id=\"5ddffa1\" data-element_type=\"column\" data-e-type=\"column\">\n\t\t\t<div class=\"elementor-widget-wrap elementor-element-populated\">\n\t\t\t\t\t\t<div class=\"elementor-element elementor-element-992d238 elementor-widget__width-initial elementor-widget-mobile__width-inherit elementor-invisible nuss-elementor-loading nuss-slide-in-right elementor-widget elementor-widget-image\" data-id=\"992d238\" data-element_type=\"widget\" data-e-type=\"widget\" data-settings=\"{&quot;_animation&quot;:&quot;nussSlideInRight&quot;}\" data-widget_type=\"image.default\">\n\t\t\t\t\t\t\t\t\t\t\t\t\t\t\t<img decoding=\"async\" width=\"1073\" height=\"853\" src=\"https:\/\/chaosanlitunbeijing.com\/wp-content\/uploads\/2025\/07\/chao-sanlitun-beijing-hotel-108.webp\" class=\"attachment-full size-full wp-image-5675\" alt=\"\" srcset=\"https:\/\/chaosanlitunbeijing.com\/wp-content\/uploads\/2025\/07\/chao-sanlitun-beijing-hotel-108.webp 1073w, https:\/\/chaosanlitunbeijing.com\/wp-content\/uploads\/2025\/07\/chao-sanlitun-beijing-hotel-108-300x238.webp 300w, https:\/\/chaosanlitunbeijing.com\/wp-content\/uploads\/2025\/07\/chao-sanlitun-beijing-hotel-108-1024x814.webp 1024w, https:\/\/chaosanlitunbeijing.com\/wp-content\/uploads\/2025\/07\/chao-sanlitun-beijing-hotel-108-768x611.webp 768w\" sizes=\"(max-width: 1073px) 100vw, 1073px\" \/>\t\t\t\t\t\t\t\t\t\t\t\t\t\t\t<\/div>\n\t\t\t\t\t<\/div>\n\t\t<\/div>\n\t\t\t\t\t<\/div>\n\t\t<\/section>\n\t\t\t\t<section class=\"elementor-section elementor-top-section elementor-element elementor-element-057d420 elementor-section-height-min-height elementor-section-stretched elementor-section-full_width elementor-section-items-stretch elementor-section-height-default elementor-section-column-vertical-align-stretch\" data-id=\"057d420\" data-element_type=\"section\" data-e-type=\"section\" data-settings=\"{&quot;stretch_section&quot;:&quot;section-stretched&quot;}\">\n\t\t\t\t\t\t<div class=\"elementor-container elementor-column-gap-no\">\n\t\t\t\t\t<div class=\"elementor-column elementor-col-50 elementor-top-column elementor-element elementor-element-df3a1fc\" data-id=\"df3a1fc\" data-element_type=\"column\" data-e-type=\"column\">\n\t\t\t<div class=\"elementor-widget-wrap elementor-element-populated\">\n\t\t\t\t\t\t<div class=\"elementor-element elementor-element-d62522b elementor-widget__width-initial elementor-widget-mobile__width-inherit elementor-invisible nuss-elementor-loading nuss-slide-in-right elementor-widget elementor-widget-image\" data-id=\"d62522b\" data-element_type=\"widget\" data-e-type=\"widget\" data-settings=\"{&quot;_animation&quot;:&quot;nussSlideInRight&quot;}\" data-widget_type=\"image.default\">\n\t\t\t\t\t\t\t\t\t\t\t\t\t\t\t<img loading=\"lazy\" decoding=\"async\" width=\"568\" height=\"853\" src=\"https:\/\/chaosanlitunbeijing.com\/wp-content\/uploads\/2025\/07\/chao-sanlitun-beijing-hotel-45.webp\" class=\"attachment-full size-full wp-image-5611\" alt=\"\" srcset=\"https:\/\/chaosanlitunbeijing.com\/wp-content\/uploads\/2025\/07\/chao-sanlitun-beijing-hotel-45.webp 568w, https:\/\/chaosanlitunbeijing.com\/wp-content\/uploads\/2025\/07\/chao-sanlitun-beijing-hotel-45-200x300.webp 200w\" sizes=\"(max-width: 568px) 100vw, 568px\" \/>\t\t\t\t\t\t\t\t\t\t\t\t\t\t\t<\/div>\n\t\t\t\t\t<\/div>\n\t\t<\/div>\n\t\t\t\t<div class=\"elementor-column elementor-col-50 elementor-top-column elementor-element elementor-element-d263b97\" data-id=\"d263b97\" data-element_type=\"column\" data-e-type=\"column\">\n\t\t\t<div class=\"elementor-widget-wrap elementor-element-populated\">\n\t\t\t\t\t\t<div class=\"elementor-element elementor-element-55c2a5d elementor-invisible elementor-widget elementor-widget-text-editor\" data-id=\"55c2a5d\" data-element_type=\"widget\" data-e-type=\"widget\" data-settings=\"{&quot;_animation&quot;:&quot;nussFadeInUp&quot;}\" data-widget_type=\"text-editor.default\">\n\t\t\t\t\t\t\t\t\t<h2 data-spm-anchor-id=\"a2ty_o01.29997173.0.i23.54d8c921QBSS7F\">Kulinarische Exzellenz und gesellige R\u00e4ume<\/h2><p>Ein Essen im Chao Hotel Sanlitun ist ein Erlebnis f\u00fcr sich. Das Hotel verf\u00fcgt \u00fcber verschiedene Restaurants und Lounges, die von traditionellen chinesischen K\u00f6stlichkeiten bis hin zu internationaler Fusionsk\u00fcche alles bieten. Ob Sie vor einem langen Tag voller Meetings ein Gourmet-Fr\u00fchst\u00fcck genie\u00dfen oder in der Dachbar mit Blick auf die Skyline der Stadt Cocktails schl\u00fcrfen \u2013 jedes kulinarische Angebot ist darauf ausgerichtet, selbst den anspruchsvollsten Gaumen zu beeindrucken.<\/p><p>Das Hotel verf\u00fcgt au\u00dferdem \u00fcber Gemeinschaftslounges und Coworking-Bereiche, die Funktionalit\u00e4t mit Flair verbinden \u2013 perfekt f\u00fcr zwanglose Gesch\u00e4ftstreffen, Networking-Events oder einfach zum Treffen mit Freunden.<\/p>\t\t\t\t\t\t\t\t<\/div>\n\t\t\t\t\t<\/div>\n\t\t<\/div>\n\t\t\t\t\t<\/div>\n\t\t<\/section>\n\t\t\t\t<section class=\"elementor-section elementor-top-section elementor-element elementor-element-b9caeb6 elementor-section-height-min-height elementor-section-stretched elementor-section-full_width elementor-section-items-stretch elementor-section-height-default elementor-section-column-vertical-align-stretch\" data-id=\"b9caeb6\" data-element_type=\"section\" data-e-type=\"section\" data-settings=\"{&quot;stretch_section&quot;:&quot;section-stretched&quot;}\">\n\t\t\t\t\t\t<div class=\"elementor-container elementor-column-gap-no\">\n\t\t\t\t\t<div class=\"elementor-column elementor-col-50 elementor-top-column elementor-element elementor-element-6dc6e33\" data-id=\"6dc6e33\" data-element_type=\"column\" data-e-type=\"column\">\n\t\t\t<div class=\"elementor-widget-wrap elementor-element-populated\">\n\t\t\t\t\t\t<div class=\"elementor-element elementor-element-e5683a8 elementor-widget elementor-widget-heading\" data-id=\"e5683a8\" data-element_type=\"widget\" data-e-type=\"widget\" data-widget_type=\"heading.default\">\n\t\t\t\t\t<h2 class=\"elementor-heading-title elementor-size-default\">Au\u00dfergew\u00f6hnliche Einrichtungen f\u00fcr Arbeit und Freizeit<\/h2>\t\t\t\t<\/div>\n\t\t\t\t<div class=\"elementor-element elementor-element-9445903 elementor-invisible elementor-widget elementor-widget-text-editor\" data-id=\"9445903\" data-element_type=\"widget\" data-e-type=\"widget\" data-settings=\"{&quot;_animation&quot;:&quot;nussFadeInUp&quot;}\" data-widget_type=\"text-editor.default\">\n\t\t\t\t\t\t\t\t\t<p>Neben seinen eleganten G\u00e4stezimmern und Restaurants bietet das Chao Hotel Sanlitun eine Vielzahl von Annehmlichkeiten, die Ihren Aufenthalt versch\u00f6nern. Von voll ausgestatteten <strong>Gesch\u00e4ftszentren <\/strong> Und <strong>Tagungsr\u00e4ume <\/strong> Geeignet f\u00fcr kleine bis mittelgro\u00dfe Konferenzen, bis hin zu hochmodernen <strong>Fitnesscenter <\/strong> und Wellnessbereiche erf\u00fcllt das Hotel sowohl berufliche als auch Freizeitbed\u00fcrfnisse.<\/p><p data-spm-anchor-id=\"a2ty_o01.29997173.0.i24.54d8c921QBSS7F\">Ganz gleich, ob Sie an einer Firmenveranstaltung teilnehmen, eine private Feier ausrichten oder einfach Ihr Fitnessprogramm auch unterwegs beibehalten m\u00f6chten: Das Chao Hotel sorgt daf\u00fcr, dass jedes Detail mit Pr\u00e4zision und Sorgfalt erledigt wird.<\/p>\t\t\t\t\t\t\t\t<\/div>\n\t\t\t\t\t<\/div>\n\t\t<\/div>\n\t\t\t\t<div class=\"elementor-column elementor-col-50 elementor-top-column elementor-element elementor-element-f1ca9ac\" data-id=\"f1ca9ac\" data-element_type=\"column\" data-e-type=\"column\">\n\t\t\t<div class=\"elementor-widget-wrap elementor-element-populated\">\n\t\t\t\t\t\t<div class=\"elementor-element elementor-element-351cd71 elementor-widget__width-initial elementor-widget-mobile__width-inherit elementor-invisible nuss-elementor-loading nuss-slide-in-right elementor-widget elementor-widget-image\" data-id=\"351cd71\" data-element_type=\"widget\" data-e-type=\"widget\" data-settings=\"{&quot;_animation&quot;:&quot;nussSlideInRight&quot;}\" data-widget_type=\"image.default\">\n\t\t\t\t\t\t\t\t\t\t\t\t\t\t\t<img loading=\"lazy\" decoding=\"async\" width=\"1161\" height=\"853\" src=\"https:\/\/chaosanlitunbeijing.com\/wp-content\/uploads\/2025\/07\/chao-sanlitun-beijing-hotel-13.webp\" class=\"attachment-full size-full wp-image-5579\" alt=\"\" srcset=\"https:\/\/chaosanlitunbeijing.com\/wp-content\/uploads\/2025\/07\/chao-sanlitun-beijing-hotel-13.webp 1161w, https:\/\/chaosanlitunbeijing.com\/wp-content\/uploads\/2025\/07\/chao-sanlitun-beijing-hotel-13-300x220.webp 300w, https:\/\/chaosanlitunbeijing.com\/wp-content\/uploads\/2025\/07\/chao-sanlitun-beijing-hotel-13-1024x752.webp 1024w, https:\/\/chaosanlitunbeijing.com\/wp-content\/uploads\/2025\/07\/chao-sanlitun-beijing-hotel-13-768x564.webp 768w\" sizes=\"(max-width: 1161px) 100vw, 1161px\" \/>\t\t\t\t\t\t\t\t\t\t\t\t\t\t\t<\/div>\n\t\t\t\t\t<\/div>\n\t\t<\/div>\n\t\t\t\t\t<\/div>\n\t\t<\/section>\n\t\t\t\t<section class=\"elementor-section elementor-top-section elementor-element elementor-element-d17da36 elementor-section-height-min-height elementor-section-stretched elementor-section-full_width elementor-section-items-stretch elementor-section-height-default elementor-section-column-vertical-align-stretch\" data-id=\"d17da36\" data-element_type=\"section\" data-e-type=\"section\" data-settings=\"{&quot;stretch_section&quot;:&quot;section-stretched&quot;}\">\n\t\t\t\t\t\t<div class=\"elementor-container elementor-column-gap-no\">\n\t\t\t\t\t<div class=\"elementor-column elementor-col-50 elementor-top-column elementor-element elementor-element-6da05b6\" data-id=\"6da05b6\" data-element_type=\"column\" data-e-type=\"column\">\n\t\t\t<div class=\"elementor-widget-wrap elementor-element-populated\">\n\t\t\t\t\t\t<div class=\"elementor-element elementor-element-020f94a elementor-widget__width-initial elementor-widget-mobile__width-inherit elementor-invisible nuss-elementor-loading nuss-slide-in-right elementor-widget elementor-widget-image\" data-id=\"020f94a\" data-element_type=\"widget\" data-e-type=\"widget\" data-settings=\"{&quot;_animation&quot;:&quot;nussSlideInRight&quot;}\" data-widget_type=\"image.default\">\n\t\t\t\t\t\t\t\t\t\t\t\t\t\t\t<img loading=\"lazy\" decoding=\"async\" width=\"1137\" height=\"853\" src=\"https:\/\/chaosanlitunbeijing.com\/wp-content\/uploads\/2025\/07\/chao-sanlitun-beijing-hotel-24.webp\" class=\"attachment-full size-full wp-image-5590\" alt=\"\" srcset=\"https:\/\/chaosanlitunbeijing.com\/wp-content\/uploads\/2025\/07\/chao-sanlitun-beijing-hotel-24.webp 1137w, https:\/\/chaosanlitunbeijing.com\/wp-content\/uploads\/2025\/07\/chao-sanlitun-beijing-hotel-24-300x225.webp 300w, https:\/\/chaosanlitunbeijing.com\/wp-content\/uploads\/2025\/07\/chao-sanlitun-beijing-hotel-24-1024x768.webp 1024w, https:\/\/chaosanlitunbeijing.com\/wp-content\/uploads\/2025\/07\/chao-sanlitun-beijing-hotel-24-768x576.webp 768w\" sizes=\"(max-width: 1137px) 100vw, 1137px\" \/>\t\t\t\t\t\t\t\t\t\t\t\t\t\t\t<\/div>\n\t\t\t\t\t<\/div>\n\t\t<\/div>\n\t\t\t\t<div class=\"elementor-column elementor-col-50 elementor-top-column elementor-element elementor-element-e1cbaf2\" data-id=\"e1cbaf2\" data-element_type=\"column\" data-e-type=\"column\">\n\t\t\t<div class=\"elementor-widget-wrap elementor-element-populated\">\n\t\t\t\t\t\t<div class=\"elementor-element elementor-element-0d5d4b0 elementor-invisible elementor-widget elementor-widget-text-editor\" data-id=\"0d5d4b0\" data-element_type=\"widget\" data-e-type=\"widget\" data-settings=\"{&quot;_animation&quot;:&quot;nussFadeInUp&quot;}\" data-widget_type=\"text-editor.default\">\n\t\t\t\t\t\t\t\t\t<h2 data-spm-anchor-id=\"a2ty_o01.29997173.0.i27.54d8c921QBSS7F\">Warum sollten Sie sich f\u00fcr das Chao Hotel Sanlitun entscheiden?<\/h2><ul><li><strong>Strategische Lage <\/strong>: Nur wenige Minuten von Pekings diplomatischem Viertel, Gesch\u00e4ftsvierteln und Touristenattraktionen entfernt.<\/li><li data-spm-anchor-id=\"a2ty_o01.29997173.0.i26.54d8c921QBSS7F\"><strong>Luxuri\u00f6se Unterk\u00fcnfte <\/strong>: Stilvolle, moderne Zimmer, die auf Komfort, Privatsph\u00e4re und Effizienz ausgelegt sind.<\/li><li><strong>Weltklasse-Essen <\/strong>: Eine vielf\u00e4ltige Auswahl an Restaurants mit lokaler und internationaler K\u00fcche.<\/li><li data-spm-anchor-id=\"a2ty_o01.29997173.0.i30.54d8c921QBSS7F\"><strong>Gesch\u00e4ftsfreundliche Dienstleistungen <\/strong>: Hightech-Besprechungsr\u00e4ume und pers\u00f6nliche Unterst\u00fctzung f\u00fcr Berufst\u00e4tige.<\/li><li><strong>Au\u00dfergew\u00f6hnlicher Service <\/strong>: Aufmerksames und dennoch unaufdringliches Personal, das Ihren Aufenthalt unvergesslich machen m\u00f6chte.<\/li><\/ul><div class=\"py-2 my-3\"><hr \/><\/div><p>Erleben Sie das Beste, was Peking zu bieten hat, im komfortablen Chao Hotel Sanlitun \u2013 einer eleganten Oase, in der urbaner Komfort auf gehobenes Wohnen trifft. Ob Sie zu einem hochrangigen Gesch\u00e4ftstreffen oder einem Wochenendtrip voller Kultur und Entdeckungen anreisen, dieses Hotel verspricht einen Aufenthalt, der Ihre Erwartungen \u00fcbertrifft.<\/p><p data-spm-anchor-id=\"a2ty_o01.29997173.0.i29.54d8c921QBSS7F\">Buchen Sie Ihren Aufenthalt noch heute und entdecken Sie, warum <strong data-spm-anchor-id=\"a2ty_o01.29997173.0.i28.54d8c921QBSS7F\">Chao Hotel Sanlitun <\/strong> entwickelt sich schnell zu einer der begehrtesten Adressen im Botschaftsviertel von Peking.<\/p>\t\t\t\t\t\t\t\t<\/div>\n\t\t\t\t\t<\/div>\n\t\t<\/div>\n\t\t\t\t\t<\/div>\n\t\t<\/section>\n\t\t\t\t<\/div>","protected":false},"excerpt":{"rendered":"<p>Chao Hotel Sanlitun \u2013 A Modern Urban Retreat in Beijing\u2019s Embassy District Welcome to Chao Hotel Sanlitun , a stylish and contemporary luxury hotel nestled in the heart of Beijing\u2019s prestigious Chaoyang District at 4 Gongrentiyuchang E Rd, within the exclusive \u4f7f\u9986\u533a (Embassy Area). Offering an unbeatable combination of prime location, modern design, and exceptional [&hellip;]<\/p>\n","protected":false},"author":1,"featured_media":0,"parent":0,"menu_order":0,"comment_status":"closed","ping_status":"closed","template":"","meta":{"footnotes":""},"class_list":["post-5266","page","type-page","status-publish","hentry","post-no-thumbnail"],"_links":{"self":[{"href":"https:\/\/chaosanlitunbeijing.com\/de\/wp-json\/wp\/v2\/pages\/5266","targetHints":{"allow":["GET"]}}],"collection":[{"href":"https:\/\/chaosanlitunbeijing.com\/de\/wp-json\/wp\/v2\/pages"}],"about":[{"href":"https:\/\/chaosanlitunbeijing.com\/de\/wp-json\/wp\/v2\/types\/page"}],"author":[{"embeddable":true,"href":"https:\/\/chaosanlitunbeijing.com\/de\/wp-json\/wp\/v2\/users\/1"}],"replies":[{"embeddable":true,"href":"https:\/\/chaosanlitunbeijing.com\/de\/wp-json\/wp\/v2\/comments?post=5266"}],"version-history":[{"count":0,"href":"https:\/\/chaosanlitunbeijing.com\/de\/wp-json\/wp\/v2\/pages\/5266\/revisions"}],"wp:attachment":[{"href":"https:\/\/chaosanlitunbeijing.com\/de\/wp-json\/wp\/v2\/media?parent=5266"}],"curies":[{"name":"wp","href":"https:\/\/api.w.org\/{rel}","templated":true}]}}