{"id":2109,"date":"2021-03-26T08:35:58","date_gmt":"2021-03-26T08:35:58","guid":{"rendered":"http:\/\/localhost\/nuss\/?page_id=536"},"modified":"2025-07-11T08:35:36","modified_gmt":"2025-07-11T08:35:36","slug":"business-einrichtungen","status":"publish","type":"page","link":"https:\/\/chaosanlitunbeijing.com\/de\/business-einrichtungen\/","title":{"rendered":"Business-Einrichtungen"},"content":{"rendered":"<div data-elementor-type=\"wp-page\" data-elementor-id=\"2109\" class=\"elementor elementor-2109\">\n\t\t\t\t\t\t<section class=\"elementor-section elementor-top-section elementor-element elementor-element-bb2901b elementor-section-boxed elementor-section-gap-beside-yes elementor-section-height-default elementor-section-height-default elementor-section-column-vertical-align-stretch\" data-id=\"bb2901b\" data-element_type=\"section\" data-e-type=\"section\">\n\t\t\t\t\t\t<div class=\"elementor-container elementor-column-gap-extended\">\n\t\t\t\t\t<div class=\"elementor-column elementor-col-100 elementor-top-column elementor-element elementor-element-1919db9\" data-id=\"1919db9\" data-element_type=\"column\" data-e-type=\"column\">\n\t\t\t<div class=\"elementor-widget-wrap elementor-element-populated\">\n\t\t\t\t\t\t<div class=\"elementor-element elementor-element-41a7b9c elementor-widget__width-initial elementor-invisible elementor-widget elementor-widget-text-editor\" data-id=\"41a7b9c\" data-element_type=\"widget\" data-e-type=\"widget\" data-settings=\"{&quot;_animation&quot;:&quot;nussFadeInUp&quot;}\" data-widget_type=\"text-editor.default\">\n\t\t\t\t\t\t\t\t\tChao Hotel Sanlitun \u2013 Erstklassige Gesch\u00e4ftseinrichtungen im Herzen des Botschaftsviertels von Peking  \t\t\t\t\t\t\t\t<\/div>\n\t\t\t\t<div class=\"elementor-element elementor-element-9ef9192 elementor-widget elementor-widget-text-editor\" data-id=\"9ef9192\" data-element_type=\"widget\" data-e-type=\"widget\" data-widget_type=\"text-editor.default\">\n\t\t\t\t\t\t\t\t\t<p>F\u00fcr Berufst\u00e4tige und Gesch\u00e4ftsreisende, die Peking besuchen, <strong>Chao Hotel Sanlitun <\/strong> zeichnet sich als erstklassiges Reiseziel aus, das modernen Luxus nahtlos mit leistungsstarker Business-Infrastruktur verbindet. Gelegen in <strong>4 Gongrentiyuchang E Rd, \u4f7f\u9986\u533a (Botschaftsviertel), Chaoyang, Peking, China (100027) <\/strong>Dieses Luxushotel im Boutique-Stil liegt ideal in der N\u00e4he wichtiger diplomatischer Vertretungen, multinationaler Konzerne und des gesch\u00e4ftigen <strong>Zentrales Gesch\u00e4ftsviertel (CBD) von Peking <\/strong>\u2013 und ist damit eine der strategisch g\u00fcnstigsten und anspruchsvollsten Unterk\u00fcnfte f\u00fcr Gesch\u00e4ftsreisende.<\/p><p data-spm-anchor-id=\"a2ty_o01.29997173.0.i51.54d8c921QBSS7F\">Im Chao Hotel Sanlitun wurde jedes Detail sorgf\u00e4ltig durchdacht, um Produktivit\u00e4t, Effizienz und Komfort zu unterst\u00fctzen. Ob Sie an einer wichtigen Vorstandssitzung teilnehmen, eine private Networking-Veranstaltung veranstalten oder einfach w\u00e4hrend eines Zwischenstopps Ihre E-Mails abrufen, unsere <strong>hochmoderne Business-Einrichtungen <\/strong> stellen sicher, dass Ihre professionellen Anforderungen mit Pr\u00e4zision und Eleganz erf\u00fcllt werden.<\/p>\t\t\t\t\t\t\t\t<\/div>\n\t\t\t\t<div class=\"elementor-element elementor-element-516dbab elementor-widget elementor-widget-image\" data-id=\"516dbab\" data-element_type=\"widget\" data-e-type=\"widget\" data-widget_type=\"image.default\">\n\t\t\t\t\t\t\t\t\t\t\t\t\t\t\t<img fetchpriority=\"high\" decoding=\"async\" width=\"1024\" height=\"752\" src=\"https:\/\/chaosanlitunbeijing.com\/wp-content\/uploads\/2025\/07\/chao-sanlitun-beijing-hotel-13-1024x752.webp\" class=\"attachment-large size-large wp-image-5579\" alt=\"\" srcset=\"https:\/\/chaosanlitunbeijing.com\/wp-content\/uploads\/2025\/07\/chao-sanlitun-beijing-hotel-13-1024x752.webp 1024w, https:\/\/chaosanlitunbeijing.com\/wp-content\/uploads\/2025\/07\/chao-sanlitun-beijing-hotel-13-300x220.webp 300w, https:\/\/chaosanlitunbeijing.com\/wp-content\/uploads\/2025\/07\/chao-sanlitun-beijing-hotel-13-768x564.webp 768w, https:\/\/chaosanlitunbeijing.com\/wp-content\/uploads\/2025\/07\/chao-sanlitun-beijing-hotel-13.webp 1161w\" sizes=\"(max-width: 1024px) 100vw, 1024px\" \/>\t\t\t\t\t\t\t\t\t\t\t\t\t\t\t<\/div>\n\t\t\t\t\t<\/div>\n\t\t<\/div>\n\t\t\t\t\t<\/div>\n\t\t<\/section>\n\t\t<div class=\"elementor-element elementor-element-3281f18 e-flex e-con-boxed e-con e-parent\" data-id=\"3281f18\" data-element_type=\"container\" data-e-type=\"container\">\n\t\t\t\t\t<div class=\"e-con-inner\">\n\t\t\t\t<div class=\"elementor-element elementor-element-b750e02 elementor-widget elementor-widget-text-editor\" data-id=\"b750e02\" data-element_type=\"widget\" data-e-type=\"widget\" data-widget_type=\"text-editor.default\">\n\t\t\t\t\t\t\t\t\t<h2 data-spm-anchor-id=\"a2ty_o01.29997173.0.i56.54d8c921QBSS7F\">\ud83e\udded Strategischer Standort f\u00fcr Diplomaten, F\u00fchrungskr\u00e4fte und internationale Reisende<\/h2><p data-spm-anchor-id=\"a2ty_o01.29997173.0.i55.54d8c921QBSS7F\">Eingebettet in das prestigetr\u00e4chtige <strong>Botschaftsviertel <\/strong>Das Chao Hotel Sanlitun bietet einen unvergleichlichen Zugang zu ausl\u00e4ndischen Botschaften, Regierungsb\u00fcros und globalen Unternehmen. Seine N\u00e4he zu Sehensw\u00fcrdigkeiten wie dem <strong>CCTV-Zentrale <\/strong>, <strong>Raffles City <\/strong>, Und <strong>Der Ort <\/strong> Der Einkaufskomplex sorgt daf\u00fcr, dass die G\u00e4ste problemlos zwischen Meetings, Kundenbesuchen und Branchenveranstaltungen navigieren k\u00f6nnen.<\/p><p>Diese zentrale Lage macht es zur idealen Wahl nicht nur f\u00fcr internationale F\u00fchrungskr\u00e4fte, sondern auch f\u00fcr Diplomaten, Journalisten, Berater und Telearbeiter, die eine ruhige und dennoch vernetzte Umgebung in einem der einflussreichsten Viertel Pekings suchen.<\/p><div class=\"py-2 my-3\"><hr \/><\/div><h2>\ud83c\udfe2 Umfassende Tagungs- und Konferenzr\u00e4ume<\/h2><p>Das Chao Hotel Sanlitun bietet eine Reihe von <strong>Besprechungsr\u00e4ume und Coworking Spaces <\/strong> Die R\u00e4umlichkeiten sind sowohl f\u00fcr Diskussionen in kleinen Gruppen als auch f\u00fcr gr\u00f6\u00dfere Pr\u00e4sentationen konzipiert. Jeder Veranstaltungsort ist ausgestattet mit:<\/p><ul><li><strong>Highspeed-WLAN <\/strong> und Glasfaser-Internetverbindung<\/li><li><strong>HD-Videokonferenzsysteme <\/strong><\/li><li><strong>LCD-Projektoren und LED-Displays <\/strong><\/li><li><strong>Schalldichte W\u00e4nde <\/strong> f\u00fcr Privatsph\u00e4re und Konzentration<\/li><li><strong>Einstellbare Beleuchtung und Klimaregelung <\/strong><\/li><li><strong>Ergonomische Sitzanordnungen <\/strong><\/li><li><strong>Whiteboards, Flipcharts und Pr\u00e4sentationstools <\/strong><\/li><\/ul><p>Diese flexiblen R\u00e4ume eignen sich perfekt f\u00fcr:<\/p><ul><li>Teambesprechungen im Unternehmen<\/li><li>Pitch-Sitzungen f\u00fcr Investoren<\/li><li>Pressekonferenzen<\/li><li>Produkteinf\u00fchrungen<\/li><li>Schulungsworkshops<\/li><li>Private Mittag- oder Abendessen<\/li><\/ul><p>Unser engagiertes <strong>Eventplanungsteam <\/strong> steht Ihnen mit Aufbau, Catering-Service, audiovisueller Unterst\u00fctzung und technischer Unterst\u00fctzung in Echtzeit zur Seite und sorgt so daf\u00fcr, dass Ihre Veranstaltung von Anfang bis Ende reibungslos abl\u00e4uft.<\/p><div class=\"py-2 my-3\"><hr \/><\/div><h2>\ud83d\udcbc Business Center und Arbeitspl\u00e4tze vor Ort<\/h2><p>F\u00fcr unabh\u00e4ngige Berufst\u00e4tige und Alleinreisende bietet das Chao Hotel Sanlitun eine <strong>voll ausgestattetes Businesscenter <\/strong> mit:<\/p><ul><li>Highspeed-Internet per Kabel und WLAN<\/li><li>Desktop-Computer mit Microsoft Office-Suite<\/li><li>Druck-, Scan-, Kopier- und Faxdienste<\/li><li>Ladestationen und Universalsteckdosen<\/li><li>Private Arbeitskabinen f\u00fcr konzentriertes Arbeiten<\/li><\/ul><p>Egal ob Sie Bordkarten drucken, Dokumente scannen oder digitale Berichte erstellen m\u00f6chten, das Business Center bietet alles, was Sie f\u00fcr einen reibungslosen Tagesablauf ben\u00f6tigen.<\/p><div class=\"py-2 my-3\"><hr \/><\/div><h2>\ud83d\udcf6 Fortschrittliche Technologie f\u00fcr moderne Profis<\/h2><p>In der heutigen schnelllebigen Welt sind zuverl\u00e4ssige Konnektivit\u00e4t und intelligente Infrastruktur unerl\u00e4sslich. Deshalb sind alle G\u00e4stezimmer und \u00f6ffentlichen Bereiche im Chao Hotel Sanlitun ausgestattet mit:<\/p><ul><li><strong>Kostenloses ultraschnelles WLAN <\/strong> (mit Premium-Bandbreitenoptionen)<\/li><li><strong>Intelligente Raumsteuerung <\/strong> \u00fcber die Integration mobiler Apps<\/li><li><strong>USB-C- und USB-A-Ladeanschl\u00fcsse <\/strong> an Schreibtischen und Nachttischen<\/li><li><strong>Bluetooth-f\u00e4hige Lautsprecher <\/strong> in ausgew\u00e4hlten Zimmerkategorien<\/li><li><strong>Integrierte Dockingstationen <\/strong> f\u00fcr Laptops und Tablets<\/li><\/ul><p>G\u00e4ste k\u00f6nnen ungest\u00f6rte Videoanrufe, sicheren Cloud-Zugriff und effizientes Multitasking genie\u00dfen \u2013 und das alles ohne Kompromisse bei Komfort oder Stil.<\/p><div class=\"py-2 my-3\"><hr \/><\/div><h2>\ud83d\udecb\ufe0f Executive Lounges und Networking-Hubs<\/h2><p>\u00dcber traditionelle B\u00fcroumgebungen hinaus f\u00f6rdert das Chao Hotel Sanlitun die Zusammenarbeit durch seine stilvolle <strong>Co-Working-Lounges und Executive-Lounges <\/strong>, die Funktionalit\u00e4t mit modernem Design verbinden. Diese R\u00e4ume bieten:<\/p><ul><li>Bequeme Loungesessel und modulare Sitzgelegenheiten<\/li><li>Ruhige Ecken zum Lesen oder Nachdenken<\/li><li>Kaffeebars im Barista-Stil und leichte Erfrischungen<\/li><li>Kuratierte Playlists und Ambientebeleuchtung<\/li><li>Nahtlose \u00dcberg\u00e4nge zwischen Arbeit und Entspannung<\/li><\/ul><p>Diese Bereiche eignen sich perfekt f\u00fcr informelle Gesch\u00e4ftstreffen, kreatives Brainstorming oder die Entspannung nach einem Meeting und bieten eine erfrischende Alternative zu herk\u00f6mmlichen Sitzungss\u00e4len.<\/p><div class=\"py-2 my-3\"><hr \/><\/div><h2>\ud83d\udcde Personalisierte Concierge- und Sekretariatsdienste<\/h2><p>Um Ihr Erlebnis noch weiter zu verbessern, bietet das Chao Hotel Sanlitun <strong>personalisierte Concierge- und Sekretariatsdienste <\/strong>, einschlie\u00dflich:<\/p><ul><li>Terminplanung und Kalenderverwaltung<\/li><li>Sprachdolmetschen und \u00dcbersetzungshilfe<\/li><li>Dokumentvorbereitung und -bearbeitung<\/li><li>Lokale Kurierdienste<\/li><li>Unterst\u00fctzung bei Visa- und Reiseberatung<\/li><\/ul><p>Unser mehrsprachiges Personal ist darauf geschult, Ihre Bed\u00fcrfnisse zu antizipieren und sicherzustellen, dass Sie Ihre Zeit in Peking effizient und komfortabel verbringen.<\/p><div class=\"py-2 my-3\"><hr \/><\/div><p data-spm-anchor-id=\"a2ty_o01.29997173.0.i57.54d8c921QBSS7F\">\u00a0<\/p>\t\t\t\t\t\t\t\t<\/div>\n\t\t\t\t\t<\/div>\n\t\t\t\t<\/div>\n\t\t<div class=\"elementor-element elementor-element-dd941f2 e-flex e-con-boxed e-con e-parent\" data-id=\"dd941f2\" data-element_type=\"container\" data-e-type=\"container\">\n\t\t\t\t\t<div class=\"e-con-inner\">\n\t\t\t\t<div class=\"elementor-element elementor-element-a9b867a elementor-widget elementor-widget-image\" data-id=\"a9b867a\" data-element_type=\"widget\" data-e-type=\"widget\" data-widget_type=\"image.default\">\n\t\t\t\t\t\t\t\t\t\t\t\t\t\t\t<img decoding=\"async\" width=\"1024\" height=\"682\" src=\"https:\/\/chaosanlitunbeijing.com\/wp-content\/uploads\/2025\/07\/chao-sanlitun-beijing-hotel-10-1024x682.webp\" class=\"attachment-large size-large wp-image-5576\" alt=\"\" srcset=\"https:\/\/chaosanlitunbeijing.com\/wp-content\/uploads\/2025\/07\/chao-sanlitun-beijing-hotel-10-1024x682.webp 1024w, https:\/\/chaosanlitunbeijing.com\/wp-content\/uploads\/2025\/07\/chao-sanlitun-beijing-hotel-10-300x200.webp 300w, https:\/\/chaosanlitunbeijing.com\/wp-content\/uploads\/2025\/07\/chao-sanlitun-beijing-hotel-10-768x512.webp 768w, https:\/\/chaosanlitunbeijing.com\/wp-content\/uploads\/2025\/07\/chao-sanlitun-beijing-hotel-10.webp 1280w\" sizes=\"(max-width: 1024px) 100vw, 1024px\" \/>\t\t\t\t\t\t\t\t\t\t\t\t\t\t\t<\/div>\n\t\t\t\t\t<\/div>\n\t\t\t\t<\/div>\n\t\t<div class=\"elementor-element elementor-element-b3807d4 e-flex e-con-boxed e-con e-parent\" data-id=\"b3807d4\" data-element_type=\"container\" data-e-type=\"container\">\n\t\t\t\t\t<div class=\"e-con-inner\">\n\t\t\t\t<div class=\"elementor-element elementor-element-646ee35 elementor-widget elementor-widget-text-editor\" data-id=\"646ee35\" data-element_type=\"widget\" data-e-type=\"widget\" data-widget_type=\"text-editor.default\">\n\t\t\t\t\t\t\t\t\t<h2>\ud83c\udfaf Warum sollten Sie sich f\u00fcr Ihr Unternehmen f\u00fcr das Chao Hotel Sanlitun entscheiden?<\/h2><p>Folgendes zeichnet uns als bevorzugte Gesch\u00e4ftsunterkunft in Peking aus:<\/p><p>\u2705 <strong>Strategische Lage <\/strong> im Herzen des Botschaftsviertels<br \/>\u2705 <strong>Flexible Tagungsorte <\/strong> mit modernster Technologie<br \/>\u2705 <strong>Eigenes Business Center <\/strong> mit kompletter B\u00fcroausstattung<br \/>\u2705 <strong>Nahtlose digitale Konnektivit\u00e4t <\/strong> \u00fcber das Grundst\u00fcck<br \/>\u2705 <strong>Komfortable, technisch ausgestattete G\u00e4stezimmer <\/strong> f\u00fcr Remote-Arbeit<br \/>\u2705 <strong>Professionelle Concierge- und Event-Support-Services <\/strong><br \/>\u2705 <strong>N\u00e4he zu den Restaurants, Unterhaltungs- und Networking-M\u00f6glichkeiten von Sanlitun <\/strong><\/p><div class=\"py-2 my-3\"><hr \/><\/div><h2>\u2728 Eine nahtlose Mischung aus Arbeit und Lebensstil<\/h2><p>Das Chao Hotel Sanlitun zeichnet sich durch eine erstklassige Business-Infrastruktur aus, wei\u00df aber auch, wie wichtig Ausgewogenheit ist. Nach einem langen Tag voller Meetings k\u00f6nnen sich die G\u00e4ste im <strong>Bar auf dem Dach <\/strong>, genie\u00dfen Sie ein Gourmet-Men\u00fc im <strong>Restaurant vor Ort <\/strong>oder nutzen Sie die <strong>24-Stunden-Fitnesscenter <\/strong>.<\/p><p data-spm-anchor-id=\"a2ty_o01.29997173.0.i57.54d8c921QBSS7F\">Diese einzigartige Kombination aus <strong>produktivit\u00e4tssteigernde Einrichtungen und Lifestyle-orientierter Komfort <\/strong> macht das Chao Hotel Sanlitun zu mehr als nur einem Ort zum \u00dcbernachten \u2013 es ist ein Ziel, an dem Gesch\u00e4fte florieren und sich Berufst\u00e4tige wirklich zu Hause f\u00fchlen.<\/p>\t\t\t\t\t\t\t\t<\/div>\n\t\t\t\t\t<\/div>\n\t\t\t\t<\/div>\n\t\t\t\t<\/div>","protected":false},"excerpt":{"rendered":"<p>Chao Hotel Sanlitun \u2013 Premium Business Facilities in the Heart of Beijing\u2019s Embassy District For professionals and corporate travelers visiting Beijing, Chao Hotel Sanlitun stands out as a premier destination that seamlessly blends modern luxury with high-performance business infrastructure. Located at 4 Gongrentiyuchang E Rd, \u4f7f\u9986\u533a (Embassy District), Chaoyang, Beijing, China (100027) , this boutique-style [&hellip;]<\/p>\n","protected":false},"author":1,"featured_media":0,"parent":0,"menu_order":0,"comment_status":"closed","ping_status":"closed","template":"elementor_header_footer","meta":{"footnotes":""},"class_list":["post-2109","page","type-page","status-publish","hentry","post-no-thumbnail"],"_links":{"self":[{"href":"https:\/\/chaosanlitunbeijing.com\/de\/wp-json\/wp\/v2\/pages\/2109","targetHints":{"allow":["GET"]}}],"collection":[{"href":"https:\/\/chaosanlitunbeijing.com\/de\/wp-json\/wp\/v2\/pages"}],"about":[{"href":"https:\/\/chaosanlitunbeijing.com\/de\/wp-json\/wp\/v2\/types\/page"}],"author":[{"embeddable":true,"href":"https:\/\/chaosanlitunbeijing.com\/de\/wp-json\/wp\/v2\/users\/1"}],"replies":[{"embeddable":true,"href":"https:\/\/chaosanlitunbeijing.com\/de\/wp-json\/wp\/v2\/comments?post=2109"}],"version-history":[{"count":0,"href":"https:\/\/chaosanlitunbeijing.com\/de\/wp-json\/wp\/v2\/pages\/2109\/revisions"}],"wp:attachment":[{"href":"https:\/\/chaosanlitunbeijing.com\/de\/wp-json\/wp\/v2\/media?parent=2109"}],"curies":[{"name":"wp","href":"https:\/\/api.w.org\/{rel}","templated":true}]}}