{"id":2106,"date":"2021-03-25T04:08:26","date_gmt":"2021-03-25T04:08:26","guid":{"rendered":"http:\/\/localhost\/nuss\/?page_id=298"},"modified":"2025-12-04T08:59:57","modified_gmt":"2025-12-04T08:59:57","slug":"erlebnisse","status":"publish","type":"page","link":"https:\/\/chaosanlitunbeijing.com\/de\/erlebnisse\/","title":{"rendered":"Kundenerfahrungen &amp; Bewertungen"},"content":{"rendered":"<div data-elementor-type=\"wp-page\" data-elementor-id=\"2106\" class=\"elementor elementor-2106\">\n\t\t\t\t\t\t<section class=\"elementor-section elementor-top-section elementor-element elementor-element-1954ffc elementor-section-boxed elementor-section-gap-beside-yes elementor-section-height-default elementor-section-height-default elementor-section-column-vertical-align-stretch\" data-id=\"1954ffc\" data-element_type=\"section\" data-e-type=\"section\">\n\t\t\t\t\t\t<div class=\"elementor-container elementor-column-gap-extended\">\n\t\t\t\t\t<div class=\"elementor-column elementor-col-100 elementor-top-column elementor-element elementor-element-86aebc5\" data-id=\"86aebc5\" data-element_type=\"column\" data-e-type=\"column\">\n\t\t\t<div class=\"elementor-widget-wrap elementor-element-populated\">\n\t\t\t\t\t\t<div class=\"elementor-element elementor-element-11803d1 elementor-widget__width-initial elementor-invisible elementor-widget elementor-widget-text-editor\" data-id=\"11803d1\" data-element_type=\"widget\" data-e-type=\"widget\" data-settings=\"{&quot;_animation&quot;:&quot;nussFadeInUp&quot;}\" data-widget_type=\"text-editor.default\">\n\t\t\t\t\t\t\t\t\tChao Hotel Sanlitun \u2013 Au\u00dfergew\u00f6hnliche G\u00e4steerlebnisse und Bewertungen  \t\t\t\t\t\t\t\t<\/div>\n\t\t\t\t\t<\/div>\n\t\t<\/div>\n\t\t\t\t\t<\/div>\n\t\t<\/section>\n\t\t<div class=\"elementor-element elementor-element-b3eb26f e-flex e-con-boxed e-con e-parent\" data-id=\"b3eb26f\" data-element_type=\"container\" data-e-type=\"container\">\n\t\t\t\t\t<div class=\"e-con-inner\">\n\t\t\t\t<div class=\"elementor-element elementor-element-a442d60 elementor-widget elementor-widget-text-editor\" data-id=\"a442d60\" data-element_type=\"widget\" data-e-type=\"widget\" data-widget_type=\"text-editor.default\">\n\t\t\t\t\t\t\t\t\t<p data-spm-anchor-id=\"a2ty_o01.29997173.0.i38.54d8c921QBSS7F\">Wenn es darum geht, das perfekte Hotel in Peking auszuw\u00e4hlen, <strong>Chao Hotel Sanlitun <\/strong> zeichnet sich nicht nur durch seine erstklassige Lage und sein modernes Design aus, sondern auch durch seine durchweg hervorragende <strong>G\u00e4stebewertungen <\/strong> auf Top-Reiseplattformen wie <strong>TripAdvisor <\/strong>, <strong>Booking.com <\/strong>, Und <strong>Expedia <\/strong>. Standort <strong>4 Gongrentiyuchang E Rd im prestigetr\u00e4chtigen \u4f7f\u9986\u533a (Botschaftsviertel) von Chaoyang <\/strong>Dieses Luxushotel im Boutique-Stil ist sowohl bei internationalen Reisenden als auch bei einheimischen Gesch\u00e4ftsleuten beliebt, die Wert auf Komfort, Stil und au\u00dfergew\u00f6hnlichen Service legen.<\/p><p data-spm-anchor-id=\"a2ty_o01.29997173.0.i37.54d8c921QBSS7F\">Aber verlassen Sie sich nicht nur auf unser Wort \u2013 lassen Sie die Stimmen echter G\u00e4ste erz\u00e4hlen, was das Chao Hotel Sanlitun zu einer der am besten bewerteten Unterk\u00fcnfte in Peking macht.<\/p><div class=\"py-2 my-3\"><hr \/><\/div><h2 data-spm-anchor-id=\"a2ty_o01.29997173.0.i35.54d8c921QBSS7F\">\ud83c\udf1f Bewertungen von echten Reisenden: Was G\u00e4ste sagen<\/h2><h3>\u2705 <strong>TripAdvisor-Bewertungen: Eine konstante Top-Wahl <\/strong><\/h3><p>Mit einer beeindruckenden Bewertung auf <strong>TripAdvisor <\/strong>, Chao Hotel Sanlitun wird gelobt f\u00fcr seine <strong>Liebe zum Detail, stilvolle Innenausstattung und freundliches Personal <\/strong>Reisende heben h\u00e4ufig die einzigartige Mischung des Hotels hervor aus <strong>zeitgen\u00f6ssische Eleganz und urbaner Komfort <\/strong>, was es ideal f\u00fcr Gesch\u00e4fts- und Urlaubsaufenthalte macht.<\/p><blockquote><p><em>\u201eEin verstecktes Juwel im Botschaftsviertel! Das Zimmer war wundersch\u00f6n mit modernen Akzenten eingerichtet und unglaublich komfortabel. Das Personal war herzlich und aufmerksam und tat sein M\u00f6glichstes, um sicherzustellen, dass wir alles hatten, was wir brauchten.\u201c <\/em><br \/>\u2014 <strong>@TravelingArchitect, TripAdvisor-Bewertung <\/strong><\/p><\/blockquote><p>G\u00e4ste sch\u00e4tzen auch die <strong>strategische Lage <\/strong>, bietet einfachen Zugang zum pulsierenden Nachtleben von Sanlitun, High-End-Einkaufszentren wie <strong>Der Ort <\/strong>und wichtige diplomatische und wirtschaftliche Zentren wie die <strong>CCTV-Zentrale <\/strong> Und <strong>Peking CBD <\/strong>.<\/p><blockquote><p><em>\u201eDie Lage ist perfekt, in der N\u00e4he von Botschaften und nur einen kurzen Spaziergang von tollen Restaurants und Bars entfernt. Wir waren begeistert, wie ruhig und friedlich die Zimmer trotz der zentralen Lage waren.\u201c <\/em><br \/>\u2014 <strong>@GlobalConsultant, TripAdvisor-Bewertung <\/strong><\/p><\/blockquote><div class=\"py-2 my-3\"><hr \/><\/div><h3>\u2705 <strong>Trip.com &amp; Expedia Bewertungen: Hohe Bewertungen f\u00fcr Komfort und Service <\/strong><\/h3><p>An <strong>Trip.com <\/strong>, Chao Hotel Sanlitun genie\u00dft eine <strong>hervorragende G\u00e4stebewertung <\/strong>, wobei viele Rezensenten die <strong>Sauberkeit, Komfort und Spitzentechnologie <\/strong> in jedem Zimmer vorhanden. Das Hotel <strong>ergonomische Arbeitspl\u00e4tze, schnelles WLAN und hochwertige Bettw\u00e4sche <\/strong> werden besonders von Gesch\u00e4ftsreisenden gesch\u00e4tzt.<\/p><blockquote><p><em>Ich war w\u00e4hrend einer Gesch\u00e4ftsreise eine Woche hier und h\u00e4tte mir keinen besseren Ort w\u00fcnschen k\u00f6nnen. Das Zimmer war schick, das Bett super bequem und das Fr\u00fchst\u00fccksbuffet bot f\u00fcr jeden etwas \u2013 von traditionellen chinesischen Gerichten bis hin zu westlichen Spezialit\u00e4ten. <\/em><br \/>\u2014 <strong>@BusinessTraveler2025, Trip.com-Rezension <\/strong><\/p><\/blockquote><p>Viele G\u00e4ste \u00e4u\u00dfern sich auch zu den <strong>kulinarische Angebote <\/strong>, wobei darauf hingewiesen wird, dass das hoteleigene Restaurant <strong>einige der besten Fr\u00fchst\u00fccke und Cocktails in der Nachbarschaft <\/strong>.<\/p><blockquote><p><em>Die Dachbar bietet eine fantastische Aussicht und eine entspannte Atmosph\u00e4re. Ein toller Ort zum Entspannen nach einem langen Tag voller Meetings oder Sightseeing. Das Essen war frisch und lecker \u2013 ich kann den Dim-Sum-Brunch w\u00e4rmstens empfehlen! <\/em><br \/>\u2014 <strong>@FoodieInChina, Expedia-Bewertung <\/strong><\/p><p>\u00a0<\/p><\/blockquote><div class=\"py-2 my-3\"><hr \/><\/div><h3>\u2705 <strong>Google Reviews &amp; Trustpilot: Lob f\u00fcr Lage und Ambiente <\/strong><\/h3><p>Chao Hotel Sanlitun gl\u00e4nzt auch auf <strong>Google Bewertungen <\/strong> Und <strong>Trustpilot <\/strong>, wo ehemalige G\u00e4ste betonen die <strong>urbane Eleganz und ruhiges Ambiente <\/strong> des Anwesens. Ob f\u00fcr einen Wochenendausflug oder einen l\u00e4ngeren Aufenthalt, viele bemerken, wie das Hotel bietet eine <strong>friedliche Flucht vor der Hektik Pekings <\/strong>, ohne auf die N\u00e4he zu den besten Attraktionen der Stadt verzichten zu m\u00fcssen.<\/p><blockquote><p><em>\u201eDieses Hotel f\u00fchlt sich eher wie ein Lifestyle-Resort an als wie ein typisches Business-Hotel. Die Einrichtung ist schick, die Beleuchtung sanft und die Gemeinschaftsbereiche so einladend \u2013 man m\u00f6chte gar nicht mehr weg!\u201c <\/em><br \/>\u2014 <strong>@CityExplorer1987, Google-Rezension <\/strong><\/p><\/blockquote><p>Andere loben die <strong>pers\u00f6nlicher Service <\/strong>, und merkte an, dass sich das Personal oft an Namen und Vorlieben erinnert, sodass bereits beim ersten Besuch ein Gef\u00fchl der Vertrautheit entsteht.<\/p><blockquote><p><em>\u201eVom Check-in bis zum Check-out war der Service tadellos. Alle waren freundlich, hilfsbereit und wirklich daran interessiert, Ihren Aufenthalt zu etwas Besonderem zu machen. Definitiv eines der freundlichsten Hotels, in denen ich in China \u00fcbernachtet habe.\u201c <\/em><br \/>\u2014 <strong>@SoloFemaleTraveler, Trustpilot-Bewertung <\/strong><\/p><\/blockquote><div class=\"py-2 my-3\"><hr \/><\/div><h2>\ud83c\udfc6 Warum sich das Chao Hotel Sanlitun von der Konkurrenz abhebt<\/h2><p>Obwohl es im Pekinger Bezirk Chaoyang viele gehobene Hotels gibt, zeichnet sich das Chao Hotel Sanlitun durch Folgendes aus:<\/p><ul><li><strong>Modernes, minimalistisches Design <\/strong> das Funktionalit\u00e4t mit Luxus verbindet<\/li><li><strong>Strategische Lage <\/strong> im Herzen des Botschaftsviertels, in der N\u00e4he von Sanlitun und dem zentralen Gesch\u00e4ftsviertel von Peking<\/li><li><strong>Au\u00dfergew\u00f6hnlicher Kundenservice <\/strong> das die Erwartungen konsequent \u00fcbertrifft<\/li><li><strong>Hochwertige Ausstattung <\/strong> einschlie\u00dflich technisch versierter Zimmer, Wellness-Einrichtungen und Gourmet-Restaurants<\/li><li><strong>Durchweg positive Bewertungen <\/strong> bei allen gro\u00dfen Online-Reiseb\u00fcros (OTAs)<\/li><\/ul><p>Ob Sie eine Gesch\u00e4ftsreise, einen romantischen Ausflug oder ein kulturelles Abenteuer in Peking planen, die leuchtenden <strong>Bewertungen von echten G\u00e4sten <\/strong> sprechen B\u00e4nde \u00fcber das Erlebnis, das Sie im Chao Hotel Sanlitun erwartet.<\/p><div class=\"py-2 my-3\"><hr \/><\/div><h2>\ud83d\udcdd Abschlie\u00dfende Gedanken: Buchen Sie Ihren Aufenthalt basierend auf dem Feedback echter Reisender<\/h2><p>Bevor Sie Ihre n\u00e4chste Reise nach Peking buchen, nehmen Sie sich einen Moment Zeit, um zu lesen, was verifizierte Reisende zu sagen haben \u00fcber <strong>Chao Hotel Sanlitun <\/strong> auf Plattformen wie <strong>TripAdvisor <\/strong>, <strong>Booking.com <\/strong>, Und <strong>Expedia <\/strong>. Mit seinem <strong>luxuri\u00f6ses und dennoch dezentes Design, g\u00fcnstige Lage und herzliche Gastfreundschaft <\/strong>, ist es kein Wunder, dass die G\u00e4ste immer wieder kommen \u2013 und es anderen empfehlen.<\/p><p data-spm-anchor-id=\"a2ty_o01.29997173.0.i39.54d8c921QBSS7F\">Erleben Sie die Magie eines Aufenthalts in einem der angesagtesten Hotels Pekings.\u00a0<\/p>\t\t\t\t\t\t\t\t<\/div>\n\t\t\t\t\t<\/div>\n\t\t\t\t<\/div>\n\t\t\t\t<\/div>","protected":false},"excerpt":{"rendered":"<p>Chao Hotel Sanlitun \u2013 Exceptional Guest Experiences &#038; Reviews When it comes to choosing the perfect hotel in Beijing, Chao Hotel Sanlitun stands out not only for its prime location and modern design but also for its consistently outstanding guest reviews across top travel platforms like TripAdvisor , Booking.com , and Expedia . Located at [&hellip;]<\/p>\n","protected":false},"author":1,"featured_media":0,"parent":0,"menu_order":0,"comment_status":"closed","ping_status":"closed","template":"","meta":{"footnotes":""},"class_list":["post-2106","page","type-page","status-publish","hentry","post-no-thumbnail"],"_links":{"self":[{"href":"https:\/\/chaosanlitunbeijing.com\/de\/wp-json\/wp\/v2\/pages\/2106","targetHints":{"allow":["GET"]}}],"collection":[{"href":"https:\/\/chaosanlitunbeijing.com\/de\/wp-json\/wp\/v2\/pages"}],"about":[{"href":"https:\/\/chaosanlitunbeijing.com\/de\/wp-json\/wp\/v2\/types\/page"}],"author":[{"embeddable":true,"href":"https:\/\/chaosanlitunbeijing.com\/de\/wp-json\/wp\/v2\/users\/1"}],"replies":[{"embeddable":true,"href":"https:\/\/chaosanlitunbeijing.com\/de\/wp-json\/wp\/v2\/comments?post=2106"}],"version-history":[{"count":0,"href":"https:\/\/chaosanlitunbeijing.com\/de\/wp-json\/wp\/v2\/pages\/2106\/revisions"}],"wp:attachment":[{"href":"https:\/\/chaosanlitunbeijing.com\/de\/wp-json\/wp\/v2\/media?parent=2106"}],"curies":[{"name":"wp","href":"https:\/\/api.w.org\/{rel}","templated":true}]}}