{"id":2105,"date":"2021-03-24T07:25:45","date_gmt":"2021-03-24T07:25:45","guid":{"rendered":"http:\/\/localhost\/nuss\/?page_id=235"},"modified":"2025-12-04T09:00:08","modified_gmt":"2025-12-04T09:00:08","slug":"faqs","status":"publish","type":"page","link":"https:\/\/chaosanlitunbeijing.com\/de\/faqs\/","title":{"rendered":"FAQs"},"content":{"rendered":"<div data-elementor-type=\"wp-page\" data-elementor-id=\"2105\" class=\"elementor elementor-2105\">\n\t\t\t\t\t\t<section class=\"elementor-section elementor-top-section elementor-element elementor-element-2a96a73 elementor-section-boxed elementor-section-gap-beside-yes elementor-section-height-default elementor-section-height-default elementor-section-column-vertical-align-stretch\" data-id=\"2a96a73\" data-element_type=\"section\" data-e-type=\"section\">\n\t\t\t\t\t\t<div class=\"elementor-container elementor-column-gap-extended\">\n\t\t\t\t\t<div class=\"elementor-column elementor-col-100 elementor-top-column elementor-element elementor-element-98ef20c\" data-id=\"98ef20c\" data-element_type=\"column\" data-e-type=\"column\">\n\t\t\t<div class=\"elementor-widget-wrap elementor-element-populated\">\n\t\t\t\t\t\t<div class=\"elementor-element elementor-element-97088c0 elementor-widget__width-initial elementor-invisible elementor-widget elementor-widget-text-editor\" data-id=\"97088c0\" data-element_type=\"widget\" data-e-type=\"widget\" data-settings=\"{&quot;_animation&quot;:&quot;nussFadeInUp&quot;}\" data-widget_type=\"text-editor.default\">\n\t\t\t\t\t\t\t\t\t<p>Nachfolgend finden Sie eine Liste der am h\u00e4ufigsten von unseren G\u00e4sten gestellten Fragen.<\/p>\t\t\t\t\t\t\t\t<\/div>\n\t\t\t\t\t<\/div>\n\t\t<\/div>\n\t\t\t\t\t<\/div>\n\t\t<\/section>\n\t\t\t\t<section class=\"elementor-section elementor-top-section elementor-element elementor-element-b184647 elementor-section-gap-beside-no elementor-section-boxed elementor-section-height-default elementor-section-height-default elementor-section-column-vertical-align-stretch\" data-id=\"b184647\" data-element_type=\"section\" data-e-type=\"section\">\n\t\t\t\t\t\t<div class=\"elementor-container elementor-column-gap-extended\">\n\t\t\t\t\t<div class=\"elementor-column elementor-col-100 elementor-top-column elementor-element elementor-element-1d49749\" data-id=\"1d49749\" data-element_type=\"column\" data-e-type=\"column\">\n\t\t\t<div class=\"elementor-widget-wrap elementor-element-populated\">\n\t\t\t\t\t\t<div class=\"elementor-element elementor-element-b986a9e elementor-invisible elementor-widget elementor-widget-nuss-heading\" data-id=\"b986a9e\" data-element_type=\"widget\" data-e-type=\"widget\" data-settings=\"{&quot;_animation&quot;:&quot;nussFadeInUp&quot;}\" data-widget_type=\"nuss-heading.default\">\n\t\t\t\t<div class=\"elementor-widget-container\">\n\t\t\t\t\t\t\t<div class=\"nuss-modern-heading\">\r\n\t\t\t\r\n\t\t\t\t\t\t<div class=\"heading-primary-wrap\">\r\n\t\t\t\t<h4 class=\"heading-primary elementor-heading-title\">FAQ&#039;S<\/h4>\t\t\t<\/div>\r\n\t\t\r\n\t\t\t\t\t\t<div class=\"heading-divider-wrap\">\r\n\t\t\t\t<div class=\"heading-divider\" style=\"left: 0px;top: 6px\"><\/div>\r\n\t\t\t<\/div>\r\n\t\r\n\t\t\t\t\t<\/div>\r\n\t\t\t\t\t<\/div>\n\t\t\t\t<\/div>\n\t\t\t\t<div class=\"elementor-element elementor-element-50f0733 elementor-invisible elementor-widget elementor-widget-heading\" data-id=\"50f0733\" data-element_type=\"widget\" data-e-type=\"widget\" data-settings=\"{&quot;_animation&quot;:&quot;nussFadeInUp&quot;}\" data-widget_type=\"heading.default\">\n\t\t\t\t\t<h2 class=\"elementor-heading-title elementor-size-default\">Fragen &amp; Antworten<\/h2>\t\t\t\t<\/div>\n\t\t\t\t<div class=\"elementor-element elementor-element-e5fbec6 elementor-widget elementor-widget-text-editor\" data-id=\"e5fbec6\" data-element_type=\"widget\" data-e-type=\"widget\" data-widget_type=\"text-editor.default\">\n\t\t\t\t\t\t\t\t\t<h3>\ud83c\udfe8 Allgemeine Informationen<\/h3><p><strong>1. Wo befindet sich das Chao Hotel Sanlitun? <\/strong><br \/>Das Hotel befindet sich in <strong>4 Gongrentiyuchang E Rd, im \u4f7f\u9986\u533a (Botschaftsviertel) von Chaoyang, Peking, China (100027) <\/strong>, in der N\u00e4he des gesch\u00e4ftigen Sanlitun-Viertels und wichtiger diplomatischer Zentren.<\/p><p><strong>2. Liegt das Chao Hotel Sanlitun in der N\u00e4he des Stadtzentrums oder von Touristenattraktionen? <\/strong><br \/>Ja, es liegt zentral im Botschaftsviertel, in der N\u00e4he von <strong>Sanlitun, The Place, CCTV-Zentrale, Chinesisches Nationalmuseum, Olympiapark <\/strong>, Und <strong>Himmelstempel <\/strong>.<\/p><p><strong>3. Um welche Art von Hotel handelt es sich beim Chao Hotel Sanlitun? <\/strong><br \/>es ist ein <strong>modernes Luxushotel im Boutique-Stil <\/strong> Es bietet moderne Unterk\u00fcnfte, gehobene K\u00fcche und erstklassige Dienstleistungen, die sowohl auf Gesch\u00e4fts- als auch auf Urlaubsreisende zugeschnitten sind.<\/p><div class=\"py-2 my-3\"><hr \/><\/div><h3>\ud83d\udecf\ufe0f Zimmer &amp; Unterk\u00fcnfte<\/h3><p><strong>4. Welche Zimmertypen gibt es? <\/strong><br \/>Das Chao Hotel Sanlitun bietet eine Reihe moderner Zimmer, darunter <strong>Deluxe-Zimmer, Executive-Zimmer, Junior-Suiten und Spezial-Suiten <\/strong>, alle mit Blick auf Komfort und Stil entworfen.<\/p><p><strong>5. Sind die Zimmer schallisoliert und gegen Au\u00dfenger\u00e4usche gesch\u00fctzt? <\/strong><br \/>Ja, das Hotel verf\u00fcgt \u00fcber schallisolierte Fenster und eine hochwertige Isolierung, sodass trotz der zentralen Lage eine ruhige Umgebung gew\u00e4hrleistet ist.<\/p><p><strong>6. Gibt es Raucher- und Nichtraucherzimmer? <\/strong><br \/>Ja, sowohl Raucher- als auch Nichtraucherzimmer sind auf Anfrage bei der Buchung oder beim Check-in verf\u00fcgbar.<\/p><p><strong>7. Bietet das Hotel Flughafentransfers oder einen Shuttleservice an? <\/strong><br \/>Das Hotel bietet keinen kostenlosen Shuttleservice an, kann aber arrangieren <strong>private Transfers oder Autobuchungen <\/strong> auf Anfrage gegen Aufpreis.<\/p><div class=\"py-2 my-3\"><hr \/><\/div><h3>\ud83c\udf7d\ufe0f Essen<\/h3><p><strong>8. Gibt es im Hotel Restaurants oder Caf\u00e9s? <\/strong><br \/>Ja, das Chao Hotel Sanlitun verf\u00fcgt \u00fcber eine <strong>hauseigenes Restaurant mit chinesischer und internationaler K\u00fcche <\/strong>, sowie eine stilvolle Bar auf dem Dach mit Panoramablick auf Peking.<\/p><p><strong>9. Sind Fr\u00fchst\u00fccksoptionen im Zimmerpreis inbegriffen? <\/strong><br \/>Die Verf\u00fcgbarkeit des Fr\u00fchst\u00fccks h\u00e4ngt von der gebuchten Zimmerkategorie ab. Einige Pakete beinhalten <strong>t\u00e4gliches Fr\u00fchst\u00fcck <\/strong>, w\u00e4hrend andere es m\u00f6glicherweise gegen eine zus\u00e4tzliche Geb\u00fchr anbieten.<\/p><p><strong>10. Kann ich den Zimmerservice bestellen? <\/strong><br \/>Ja, das Hotel bietet <strong>24-Stunden-Zimmerservice <\/strong> mit einer Vielzahl von Gerichten aus der Speisekarte des Hotelrestaurants.<\/p><div class=\"py-2 my-3\"><hr \/><\/div><h3>\ud83d\udcf6 Einrichtungen &amp; Dienstleistungen<\/h3><p><strong>11. Gibt es im Hotel und in den G\u00e4stezimmern kostenloses WLAN? <\/strong><br \/>Ja, kostenloses Highspeed-WLAN ist im gesamten Hotel verf\u00fcgbar, einschlie\u00dflich G\u00e4stezimmern, Gemeinschaftsbereichen und Tagungsr\u00e4umen.<\/p><p><strong>12. Verf\u00fcgt das Hotel \u00fcber ein Fitnesscenter oder Fitnessstudio? <\/strong><br \/>Ja, das Chao Hotel Sanlitun verf\u00fcgt \u00fcber eine voll ausgestattete <strong>Fitnesscenter rund um die Uhr ge\u00f6ffnet <\/strong>, mit Cardioger\u00e4ten, Gewichten und Dehnungszonen.<\/p><p><strong>13. Gibt es Gesch\u00e4ftseinrichtungen oder Konferenzr\u00e4ume? <\/strong><br \/>Ja, das Hotel bietet <strong>gut ausgestattete Tagungsr\u00e4ume und Co-Working-Lounges <\/strong>, ideal f\u00fcr kleine Konferenzen, Gesch\u00e4ftstreffen und private Veranstaltungen.<\/p><p><strong>14. Gibt es Parkpl\u00e4tze f\u00fcr G\u00e4ste? <\/strong><br \/>Ja, sicher <strong>Tiefgarage vor Ort <\/strong> steht Hotelg\u00e4sten je nach Verf\u00fcgbarkeit und Tagesgeb\u00fchren zur Verf\u00fcgung.<\/p><div class=\"py-2 my-3\"><hr \/><\/div><h3>\ud83e\uddf3 G\u00e4steservice<\/h3><p><strong>15. Was sind die Check-in- und Check-out-Zeiten? <\/strong><br \/>Check-in-Zeit ist um <strong>14:00 Uhr <\/strong>, und Check-out ist um <strong>12:00 Uhr <\/strong>. Ein fr\u00fcher Check-in oder ein sp\u00e4ter Check-out ist auf Anfrage und je nach Verf\u00fcgbarkeit m\u00f6glich.<\/p><p><strong>16. Sind Haustiere im Hotel erlaubt? <\/strong><br \/>Die Richtlinien f\u00fcr Haustiere variieren. Derzeit sind Haustiere im Hotel nicht erlaubt, es sei denn, es liegen eine vorherige Genehmigung f\u00fcr Assistenztiere oder besondere Vereinbarungen vor.<\/p><p><strong>17. Verf\u00fcgt das Hotel \u00fcber eine Gep\u00e4ckaufbewahrung oder einen Concierge-Service? <\/strong><br \/>Ja, das Hotel bietet <strong>kostenlose Gep\u00e4ckaufbewahrung <\/strong> vor dem Check-in und nach dem Check-out, zusammen mit <strong>Concierge-Service <\/strong> f\u00fcr Touren, Tickets und lokale Empfehlungen.<\/p><div class=\"py-2 my-3\"><hr \/><\/div><h3>\ud83d\udcbc Gesch\u00e4ftsreisende<\/h3><p><strong>18. Ist das Chao Hotel Sanlitun f\u00fcr Gesch\u00e4ftsreisende geeignet? <\/strong><br \/>Absolut. Es ist <strong>zentrale Lage im Botschaftsviertel <\/strong>, die N\u00e4he zum <strong>Peking CBD <\/strong>und die hervorragenden Business-Annehmlichkeiten machen es zur ersten Wahl f\u00fcr Berufst\u00e4tige.<\/p><p><strong>19. Gibt es ein Business Center oder B\u00fcrounterst\u00fctzung? <\/strong><br \/>Ja, das Hotel bietet eine <strong>eigenes Businesscenter <\/strong> mit Druck-, Fax- und Internetzugang sowie Sekretariatsdiensten auf Anfrage.<\/p><div class=\"py-2 my-3\"><hr \/><\/div><h3>\u2705 Buchung &amp; Stornierung<\/h3><p><strong>20. Wie sind die Stornierungsbedingungen? <\/strong><br \/>Die Richtlinien variieren je nach Buchungsplattform und Zimmertyp. Die meisten Reservierungen erfolgen direkt oder \u00fcber OTAs wie <strong>Booking.com oder Expedia <\/strong> erlauben <strong>kostenlose Stornierungen bis 24\u201348 Stunden vor Anreise <\/strong>.<\/p><div class=\"my-2\">\u00a0<\/div><div class=\"py-2 my-3\"><hr \/><\/div>\t\t\t\t\t\t\t\t<\/div>\n\t\t\t\t\t<\/div>\n\t\t<\/div>\n\t\t\t\t\t<\/div>\n\t\t<\/section>\n\t\t\t\t<\/div>","protected":false},"excerpt":{"rendered":"<p>Below, you will find a list of the questions most frequently asked by our guests. FAQ&#8217;S Questions &amp; Answers \ud83c\udfe8 General Information 1. Where is Chao Hotel Sanlitun located? The hotel is located at 4 Gongrentiyuchang E Rd, in the \u4f7f\u9986\u533a (Embassy District) of Chaoyang, Beijing, China (100027) , near the bustling Sanlitun area and [&hellip;]<\/p>\n","protected":false},"author":1,"featured_media":0,"parent":0,"menu_order":0,"comment_status":"closed","ping_status":"closed","template":"","meta":{"footnotes":""},"class_list":["post-2105","page","type-page","status-publish","hentry","post-no-thumbnail"],"_links":{"self":[{"href":"https:\/\/chaosanlitunbeijing.com\/de\/wp-json\/wp\/v2\/pages\/2105","targetHints":{"allow":["GET"]}}],"collection":[{"href":"https:\/\/chaosanlitunbeijing.com\/de\/wp-json\/wp\/v2\/pages"}],"about":[{"href":"https:\/\/chaosanlitunbeijing.com\/de\/wp-json\/wp\/v2\/types\/page"}],"author":[{"embeddable":true,"href":"https:\/\/chaosanlitunbeijing.com\/de\/wp-json\/wp\/v2\/users\/1"}],"replies":[{"embeddable":true,"href":"https:\/\/chaosanlitunbeijing.com\/de\/wp-json\/wp\/v2\/comments?post=2105"}],"version-history":[{"count":0,"href":"https:\/\/chaosanlitunbeijing.com\/de\/wp-json\/wp\/v2\/pages\/2105\/revisions"}],"wp:attachment":[{"href":"https:\/\/chaosanlitunbeijing.com\/de\/wp-json\/wp\/v2\/media?parent=2105"}],"curies":[{"name":"wp","href":"https:\/\/api.w.org\/{rel}","templated":true}]}}